{"id":15144,"date":"2024-03-14T14:11:21","date_gmt":"2024-03-14T13:11:21","guid":{"rendered":"http:\/\/delikatesy.wineport.pl\/?product=amatitlan-azteca-reposado"},"modified":"2026-05-10T19:24:58","modified_gmt":"2026-05-10T17:24:58","slug":"amatitlan-azteca-reposado","status":"publish","type":"product","link":"http:\/\/delikatesy.wineport.pl\/?product=amatitlan-azteca-reposado","title":{"rendered":"Amatitlan Azteca Reposado"},"content":{"rendered":"<div class=\"c-product__details c-text\" style=\"font-size: 1.4rem; font-family: Helvetica, Tahoma, sans-serif;\">\n<p><span style=\"color: #ff0000; font-size: 16px; font-family: arial, helvetica, sans-serif;\">UWAGA!!! NIE WYSY\u0141AMY ALKOHOLU W PRZYPADKU ZAM\u00d3WIE\u0143 OD OS\u00d3B PRYWATNYCH, TYLKO ODBI\u00d3R OSOBISTY NA UL. \u015aW. STANIS\u0141AWA 12 W WARSZAWIE!!! W przypadku op\u0142acenia zam\u00f3wienia alkoholu z wysy\u0142k\u0105, przy zwrocie pieni\u0119dzy zostanie potr\u0105cona prowizja\u00a0DOTPAY!<\/span><\/p>\n<p><span style=\"color: #ff0000; font-size: 16px; font-family: arial, helvetica, sans-serif;\">\u00a0<\/span><\/p>\n<p>Apelacja: Consejo Regulador\u00a0<span class=\"h-nowrap\">Kraj: Meksyk<\/span>\u00a0<span class=\"h-nowrap\">Producent:\u00a0<a href=\"https:\/\/wina-mp.pl\/producent\/tequilera-el-triangulo\">Tequilera El Triangulo<\/a>\u00a0<\/span>\u00a0<span class=\"h-nowrap\">Poj.: 0.75<\/span>\u00a0<span class=\"h-nowrap\">Zaw. Alk. %: 40.0<\/span><\/p>\n<\/p><\/div>\n<div class=\"c-product__desc c-text c-text--lh\" style=\"font-size: 1.4rem; font-family: Helvetica, Tahoma, sans-serif;\">\n<p>Starzona przez 6 miesi\u0119cy tequila w kolorze jasno\u017c\u00f3\u0142tego bursztynu. Harmonijna kompozycja aromat\u00f3w jab\u0142ka, kandyzowanych wi\u015bni i gotowanej agawy z nutami przypraw takich jak go\u017adzik i cynamon. Rezultatem le\u017cakowania w d\u0119bowych beczkach s\u0105 nuty czekoladowe, waniliowe i karmelowe. W Ustach mamy tutaj owoce, przyprawy i agaw\u0119 z wytrawnym, mocnym finiszem.<\/p>\n<\/p><\/div>\n","protected":false},"excerpt":{"rendered":"<div class=\"c-product__details c-text\" style=\"font-size: 1.4rem; font-family: Helvetica, Tahoma, sans-serif;\">\n<p>Apelacja: Consejo Regulador\u00a0<span class=\"h-nowrap\">Kraj: Meksyk<\/span>\u00a0<span class=\"h-nowrap\">Producent:\u00a0<a href=\"https:\/\/wina-mp.pl\/producent\/tequilera-el-triangulo\">Tequilera El Triangulo<\/a>\u00a0<\/span>\u00a0<span class=\"h-nowrap\">Poj.: 0.75<\/span>\u00a0<span class=\"h-nowrap\">Zaw. Alk. %: 40.0<\/span><\/p>\n<\/p><\/div>\n<div class=\"c-product__desc c-text c-text--lh\" style=\"font-size: 1.4rem; font-family: Helvetica, Tahoma, sans-serif;\">\n<p>Starzona przez 6 miesi\u0119cy tequila w kolorze jasno\u017c\u00f3\u0142tego bursztynu. Harmonijna kompozycja aromat\u00f3w jab\u0142ka, kandyzowanych wi\u015bni i gotowanej agawy z nutami przypraw takich jak go\u017adzik i cynamon. Rezultatem le\u017cakowania w d\u0119bowych beczkach s\u0105 nuty czekoladowe, waniliowe i karmelowe. W Ustach mamy tutaj owoce, przyprawy i agaw\u0119 z wytrawnym, mocnym finiszem.<\/p>\n<\/p><\/div>\n","protected":false},"featured_media":15143,"comment_status":"open","ping_status":"closed","template":"","meta":[],"product_cat":[142,195],"product_tag":[],"class_list":{"0":"post-15144","1":"product","2":"type-product","3":"status-publish","4":"has-post-thumbnail","6":"product_cat-alkohole-mocne","7":"product_cat-tequila","9":"first","10":"instock","11":"shipping-taxable","12":"purchasable","13":"product-type-simple"},"_links":{"self":[{"href":"http:\/\/delikatesy.wineport.pl\/index.php?rest_route=\/wp\/v2\/product\/15144","targetHints":{"allow":["GET"]}}],"collection":[{"href":"http:\/\/delikatesy.wineport.pl\/index.php?rest_route=\/wp\/v2\/product"}],"about":[{"href":"http:\/\/delikatesy.wineport.pl\/index.php?rest_route=\/wp\/v2\/types\/product"}],"replies":[{"embeddable":true,"href":"http:\/\/delikatesy.wineport.pl\/index.php?rest_route=%2Fwp%2Fv2%2Fcomments&post=15144"}],"wp:featuredmedia":[{"embeddable":true,"href":"http:\/\/delikatesy.wineport.pl\/index.php?rest_route=\/wp\/v2\/media\/15143"}],"wp:attachment":[{"href":"http:\/\/delikatesy.wineport.pl\/index.php?rest_route=%2Fwp%2Fv2%2Fmedia&parent=15144"}],"wp:term":[{"taxonomy":"product_cat","embeddable":true,"href":"http:\/\/delikatesy.wineport.pl\/index.php?rest_route=%2Fwp%2Fv2%2Fproduct_cat&post=15144"},{"taxonomy":"product_tag","embeddable":true,"href":"http:\/\/delikatesy.wineport.pl\/index.php?rest_route=%2Fwp%2Fv2%2Fproduct_tag&post=15144"}],"curies":[{"name":"wp","href":"https:\/\/api.w.org\/{rel}","templated":true}]}}