{"id":15156,"date":"2024-03-14T14:11:23","date_gmt":"2024-03-14T13:11:23","guid":{"rendered":"http:\/\/delikatesy.wineport.pl\/?product=pastis-hb-henri-bardouin-45-kartonik"},"modified":"2026-05-10T19:25:00","modified_gmt":"2026-05-10T17:25:00","slug":"pastis-hb-henri-bardouin-45-kartonik","status":"publish","type":"product","link":"http:\/\/delikatesy.wineport.pl\/?product=pastis-hb-henri-bardouin-45-kartonik","title":{"rendered":"Pastis Hb Henri Bardouin 45% Kartonik"},"content":{"rendered":"<div class=\"c-product__details c-text\" style=\"font-size: 1.4rem; font-family: Helvetica, Tahoma, sans-serif;\">\n<p><span style=\"color: #ff0000; font-size: 16px; font-family: arial, helvetica, sans-serif;\">UWAGA!!! NIE WYSY\u0141AMY ALKOHOLU W PRZYPADKU ZAM\u00d3WIE\u0143 OD OS\u00d3B PRYWATNYCH, TYLKO ODBI\u00d3R OSOBISTY NA UL. \u015aW. STANIS\u0141AWA 12 W WARSZAWIE!!! W przypadku op\u0142acenia zam\u00f3wienia alkoholu z wysy\u0142k\u0105, przy zwrocie pieni\u0119dzy zostanie potr\u0105cona prowizja\u00a0DOTPAY!<\/span><\/p>\n<p><span style=\"color: #ff0000; font-size: 16px; font-family: arial, helvetica, sans-serif;\">\u00a0<\/span><\/p>\n<p><span class=\"h-nowrap\">Kraj: Francja<\/span>\u00a0<span class=\"h-nowrap\">Region: Prowansja<\/span>\u00a0<span class=\"h-nowrap\">Producent:\u00a0<a href=\"https:\/\/wina-mp.pl\/producent\/distilleries-et-domaines-prove\">Distilleries Et Domaines Prove<\/a>\u00a0<\/span>\u00a0<span class=\"h-nowrap\">Poj.: 0.7<\/span>\u00a0<span class=\"h-nowrap\">Zaw. Alk. %: 45.0<\/span><\/p>\n<\/p><\/div>\n<div class=\"c-product__desc c-text c-text--lh\" style=\"font-size: 1.4rem; font-family: Helvetica, Tahoma, sans-serif;\">\n<p>Pastisem nazywamy alkohole aromatyzowane any\u017cem i lukrecj\u0105. Pastis Henry Bardouin to kompozycja 65 zi\u00f3\u0142 i przypraw, dobranych w taki spos\u00f3b, aby nigdy nie zm\u0119czy\u0107 swoim smakiem. Pozosta\u0142e sk\u0142adniki to alkohol, cukier i woda. Zio\u0142a i przyprawy s\u0105 \u015bci\u015ble selekcjonowane ze wzgl\u0119du na swoje w\u0142a\u015bciwo\u015bci aromatyczne. HB jest zbalansowany w taki spos\u00f3b, \u017ceby nie zak\u0142\u00f3ca\u0107 dozna\u0144 smakowych podczas jedzenia, dzi\u0119ki czemu jest jedynym na rynku pastisem, kt\u00f3ry mo\u017ce by\u0107 serwowany w trakcie posi\u0142ku. Jest r\u00f3wnie\u017c jedynym pastisem nagrodzonym z\u0142otym medalem na Targach Rolniczych w Pary\u017cu. Pastis pije si\u0119 z wod\u0105, przyjmuj\u0105c proporcj\u0119 6 cz\u0119\u015bci zimnej wody na 1 cz\u0119\u015b\u0107 HB.<\/p>\n<\/p><\/div>\n","protected":false},"excerpt":{"rendered":"<div class=\"c-product__details c-text\" style=\"font-size: 1.4rem; font-family: Helvetica, Tahoma, sans-serif;\">\n<p><span class=\"h-nowrap\">Kraj: Francja<\/span>\u00a0<span class=\"h-nowrap\">Region: Prowansja<\/span>\u00a0<span class=\"h-nowrap\">Producent:\u00a0<a href=\"https:\/\/wina-mp.pl\/producent\/distilleries-et-domaines-prove\">Distilleries Et Domaines Prove<\/a>\u00a0<\/span>\u00a0<span class=\"h-nowrap\">Poj.: 0.7<\/span>\u00a0<span class=\"h-nowrap\">Zaw. Alk. %: 45.0<\/span><\/p>\n<\/p><\/div>\n<div class=\"c-product__desc c-text c-text--lh\" style=\"font-size: 1.4rem; font-family: Helvetica, Tahoma, sans-serif;\">\n<p>Pastisem nazywamy alkohole aromatyzowane any\u017cem i lukrecj\u0105. Pastis Henry Bardouin to kompozycja 65 zi\u00f3\u0142 i przypraw, dobranych w taki spos\u00f3b, aby nigdy nie zm\u0119czy\u0107 swoim smakiem. Pozosta\u0142e sk\u0142adniki to alkohol, cukier i woda. Zio\u0142a i przyprawy s\u0105 \u015bci\u015ble selekcjonowane ze wzgl\u0119du na swoje w\u0142a\u015bciwo\u015bci aromatyczne. HB jest zbalansowany w taki spos\u00f3b, \u017ceby nie zak\u0142\u00f3ca\u0107 dozna\u0144 smakowych podczas jedzenia, dzi\u0119ki czemu jest jedynym na rynku pastisem, kt\u00f3ry mo\u017ce by\u0107 serwowany w trakcie posi\u0142ku. Jest r\u00f3wnie\u017c jedynym pastisem nagrodzonym z\u0142otym medalem na Targach Rolniczych w Pary\u017cu. Pastis pije si\u0119 z wod\u0105, przyjmuj\u0105c proporcj\u0119 6 cz\u0119\u015bci zimnej wody na 1 cz\u0119\u015b\u0107 HB.<\/p>\n<\/p><\/div>\n","protected":false},"featured_media":15155,"comment_status":"open","ping_status":"closed","template":"","meta":[],"product_cat":[190,142],"product_tag":[],"class_list":{"0":"post-15156","1":"product","2":"type-product","3":"status-publish","4":"has-post-thumbnail","6":"product_cat-wodka","7":"product_cat-alkohole-mocne","9":"first","10":"instock","11":"shipping-taxable","12":"purchasable","13":"product-type-simple"},"_links":{"self":[{"href":"http:\/\/delikatesy.wineport.pl\/index.php?rest_route=\/wp\/v2\/product\/15156","targetHints":{"allow":["GET"]}}],"collection":[{"href":"http:\/\/delikatesy.wineport.pl\/index.php?rest_route=\/wp\/v2\/product"}],"about":[{"href":"http:\/\/delikatesy.wineport.pl\/index.php?rest_route=\/wp\/v2\/types\/product"}],"replies":[{"embeddable":true,"href":"http:\/\/delikatesy.wineport.pl\/index.php?rest_route=%2Fwp%2Fv2%2Fcomments&post=15156"}],"wp:featuredmedia":[{"embeddable":true,"href":"http:\/\/delikatesy.wineport.pl\/index.php?rest_route=\/wp\/v2\/media\/15155"}],"wp:attachment":[{"href":"http:\/\/delikatesy.wineport.pl\/index.php?rest_route=%2Fwp%2Fv2%2Fmedia&parent=15156"}],"wp:term":[{"taxonomy":"product_cat","embeddable":true,"href":"http:\/\/delikatesy.wineport.pl\/index.php?rest_route=%2Fwp%2Fv2%2Fproduct_cat&post=15156"},{"taxonomy":"product_tag","embeddable":true,"href":"http:\/\/delikatesy.wineport.pl\/index.php?rest_route=%2Fwp%2Fv2%2Fproduct_tag&post=15156"}],"curies":[{"name":"wp","href":"https:\/\/api.w.org\/{rel}","templated":true}]}}