{"id":15160,"date":"2024-03-14T14:11:24","date_gmt":"2024-03-14T13:11:24","guid":{"rendered":"http:\/\/delikatesy.wineport.pl\/?product=anthon-berg-draze-swiateczne-175g-z-orzechami-migdalami-i-marcepanem"},"modified":"2026-05-10T19:25:01","modified_gmt":"2026-05-10T17:25:01","slug":"anthon-berg-draze-swiateczne-175g-z-orzechami-migdalami-i-marcepanem","status":"publish","type":"product","link":"http:\/\/delikatesy.wineport.pl\/?product=anthon-berg-draze-swiateczne-175g-z-orzechami-migdalami-i-marcepanem","title":{"rendered":"ANTHON BERG &#8211; Dra\u017ce \u015bwi\u0105teczne 175g z orzechami, migda\u0142ami i marcepanem"},"content":{"rendered":"<p class=\"MsoNormal\" style=\"margin-bottom: .0001pt; line-height: 12.75pt; background: #FDFAF9;\"><span style=\"font-size: 8.5pt;\">Anthon Berg to znany w\u015br\u00f3d koneser\u00f3w synonim jako\u015bci, jedna z najstarszych marek w Danii, z presti\u017cowym tytu\u0142em &#8220;Nadwornego Dostawcy&#8221;. Anthon Berg to topowy du\u0144ski producent slodyczy klasy ultra premium. Ka\u017cdy wyr\u00f3b tej firmy to poezja smaku..\u00a0 <\/span><\/p>\n<p class=\"MsoNormal\" style=\"margin-bottom: .0001pt; line-height: 12.75pt; background: #FDFAF9;\"><span style=\"font-size: 8.5pt;\">\u00a0<\/span><\/p>\n<p class=\"MsoNormal\" style=\"margin-bottom: .0001pt; line-height: 12.75pt; background: #FDFAF9;\"><span style=\"font-size: 8.5pt;\"><a href=\"http:\/\/www.anthonberg.com\/\"> <span style=\"color: #323232; text-decoration: none; text-underline: none;\">http:\/\/www.anthonberg.com\/<\/span><\/a> <\/span><\/p>\n","protected":false},"excerpt":{"rendered":"<p>Anthon Berg to znany w\u015br\u00f3d koneser\u00f3w synonim jako\u015bci, jedna z najstarszych marek w Danii, z presti\u017cowym tytu\u0142em &#8220;Nadwornego Dostawcy&#8221;. Anthon Berg to topowy du\u0144ski producent slodyczy klasy ultra premium. Ka\u017cdy wyr\u00f3b tej firmy to poezja smaku.. http:\/&#8230;<\/p>\n","protected":false},"featured_media":15159,"comment_status":"open","ping_status":"closed","template":"","meta":[],"product_cat":[173,185],"product_tag":[],"class_list":{"0":"post-15160","1":"product","2":"type-product","3":"status-publish","4":"has-post-thumbnail","6":"product_cat-artykuly-delikatesowe","7":"product_cat-wyroby-czekoladowe","9":"first","10":"instock","11":"shipping-taxable","12":"purchasable","13":"product-type-simple"},"_links":{"self":[{"href":"http:\/\/delikatesy.wineport.pl\/index.php?rest_route=\/wp\/v2\/product\/15160","targetHints":{"allow":["GET"]}}],"collection":[{"href":"http:\/\/delikatesy.wineport.pl\/index.php?rest_route=\/wp\/v2\/product"}],"about":[{"href":"http:\/\/delikatesy.wineport.pl\/index.php?rest_route=\/wp\/v2\/types\/product"}],"replies":[{"embeddable":true,"href":"http:\/\/delikatesy.wineport.pl\/index.php?rest_route=%2Fwp%2Fv2%2Fcomments&post=15160"}],"wp:featuredmedia":[{"embeddable":true,"href":"http:\/\/delikatesy.wineport.pl\/index.php?rest_route=\/wp\/v2\/media\/15159"}],"wp:attachment":[{"href":"http:\/\/delikatesy.wineport.pl\/index.php?rest_route=%2Fwp%2Fv2%2Fmedia&parent=15160"}],"wp:term":[{"taxonomy":"product_cat","embeddable":true,"href":"http:\/\/delikatesy.wineport.pl\/index.php?rest_route=%2Fwp%2Fv2%2Fproduct_cat&post=15160"},{"taxonomy":"product_tag","embeddable":true,"href":"http:\/\/delikatesy.wineport.pl\/index.php?rest_route=%2Fwp%2Fv2%2Fproduct_tag&post=15160"}],"curies":[{"name":"wp","href":"https:\/\/api.w.org\/{rel}","templated":true}]}}