{"id":15164,"date":"2024-03-14T14:11:26","date_gmt":"2024-03-14T13:11:26","guid":{"rendered":"http:\/\/delikatesy.wineport.pl\/?product=lupina-dzem-wisnia-z-czekolada-niskoslodzony-200-g"},"modified":"2026-05-10T19:25:02","modified_gmt":"2026-05-10T17:25:02","slug":"lupina-dzem-wisnia-z-czekolada-niskoslodzony-200-g","status":"publish","type":"product","link":"http:\/\/delikatesy.wineport.pl\/?product=lupina-dzem-wisnia-z-czekolada-niskoslodzony-200-g","title":{"rendered":"\u0141UPINA D\u017bEM WI\u015aNIA Z CZEKOLAD\u0104, NISKOS\u0141ODZONY 200 g"},"content":{"rendered":"<p style=\"font-family: lato;\">D\u017bEM WI\u015aNIA Z CZEKOLAD\u0104, NISKOS\u0141ODZONY<br \/>Sporz\u0105dzono ze 100 g owoc\u00f3w na 100 g produktu<br \/>Produkt wyprodukowano z naturalnych sk\u0142adnik\u00f3w, BEZ KONSERWANT\u00d3W<br \/>WAGA NETTO OPAKOWANIA 200 g<\/p>\n<p style=\"font-family: lato;\">Sk\u0142adniki:<br \/>WI\u015aNIE 90%, CZEKOLADA GORZKA 10% (zawiera mleko)<br \/>CUKIER, SUBSTANCJA \u017bELUJ\u0104CA (PEKTYNA)<br \/>PRODUKT MO\u017bE ZAWIERA\u0106 PESTKI<\/p>\n<p style=\"font-family: lato;\">Tabela warto\u015bci kalorycznych:<br \/>Warto\u015b\u0107 od\u017cywcza w 100 g produktu<br \/>Warto\u015b\u0107 energetyczna: 721 kJ \/171 kcal<br \/>Bia\u0142ko: 1,9 g<br \/>W\u0119glowodany: 34,6 g<br \/>w tym cukry: 30 g<br \/>b\u0142onnik: 1,7 g<br \/>T\u0142uszcz: 3,5 g<br \/>w tym kwasy t\u0142uszczowe nasycone: 2,2 g<br \/>s\u00f3l: 0 g<\/p>\n","protected":false},"excerpt":{"rendered":"<p style=\"font-family: lato;\">D\u017bEM WI\u015aNIA Z CZEKOLAD\u0104, NISKOS\u0141ODZONY<br \/>Sporz\u0105dzono ze 100 g owoc\u00f3w na 100 g produktu<br \/>Produkt wyprodukowano z naturalnych sk\u0142adnik\u00f3w, BEZ KONSERWANT\u00d3W<br \/>WAGA NETTO OPAKOWANIA 200 g<\/p>\n<p style=\"font-family: lato;\">Sk\u0142adniki:<br \/>WI\u015aNIE 90%, CZEKOLADA GORZKA 10% (zawiera mleko)<br \/>CUKIER, SUBSTANCJA \u017bELUJ\u0104CA (PEKTYNA)<br \/>PRODUKT MO\u017bE ZAWIERA\u0106 PESTKI<\/p>\n<p style=\"font-family: lato;\">Tabela warto\u015bci kalorycznych:<br \/>Warto\u015b\u0107 od\u017cywcza w 100 g produktu<br \/>Warto\u015b\u0107 energetyczna: 721 kJ \/171 kcal<br \/>Bia\u0142ko: 1,9 g<br \/>W\u0119glowodany: 34,6 g<br \/>w tym cukry: 30 g<br \/>b\u0142onnik: 1,7 g<br \/>T\u0142uszcz: 3,5 g<br \/>w tym kwasy t\u0142uszczowe nasycone: 2,2 g<br \/>s\u00f3l: 0 g<\/p>\n","protected":false},"featured_media":15163,"comment_status":"open","ping_status":"closed","template":"","meta":[],"product_cat":[173,232,231],"product_tag":[],"class_list":{"0":"post-15164","1":"product","2":"type-product","3":"status-publish","4":"has-post-thumbnail","6":"product_cat-artykuly-delikatesowe","7":"product_cat-dzemy-i-marmolady","8":"product_cat-konfitury","10":"first","11":"instock","12":"shipping-taxable","13":"purchasable","14":"product-type-simple"},"_links":{"self":[{"href":"http:\/\/delikatesy.wineport.pl\/index.php?rest_route=\/wp\/v2\/product\/15164","targetHints":{"allow":["GET"]}}],"collection":[{"href":"http:\/\/delikatesy.wineport.pl\/index.php?rest_route=\/wp\/v2\/product"}],"about":[{"href":"http:\/\/delikatesy.wineport.pl\/index.php?rest_route=\/wp\/v2\/types\/product"}],"replies":[{"embeddable":true,"href":"http:\/\/delikatesy.wineport.pl\/index.php?rest_route=%2Fwp%2Fv2%2Fcomments&post=15164"}],"wp:featuredmedia":[{"embeddable":true,"href":"http:\/\/delikatesy.wineport.pl\/index.php?rest_route=\/wp\/v2\/media\/15163"}],"wp:attachment":[{"href":"http:\/\/delikatesy.wineport.pl\/index.php?rest_route=%2Fwp%2Fv2%2Fmedia&parent=15164"}],"wp:term":[{"taxonomy":"product_cat","embeddable":true,"href":"http:\/\/delikatesy.wineport.pl\/index.php?rest_route=%2Fwp%2Fv2%2Fproduct_cat&post=15164"},{"taxonomy":"product_tag","embeddable":true,"href":"http:\/\/delikatesy.wineport.pl\/index.php?rest_route=%2Fwp%2Fv2%2Fproduct_tag&post=15164"}],"curies":[{"name":"wp","href":"https:\/\/api.w.org\/{rel}","templated":true}]}}