{"id":15168,"date":"2024-03-14T14:11:28","date_gmt":"2024-03-14T13:11:28","guid":{"rendered":"http:\/\/delikatesy.wineport.pl\/?product=lupina-dzem-jablko-z-pomarancza-i-marcepanem-200-g"},"modified":"2026-05-10T19:26:09","modified_gmt":"2026-05-10T17:26:09","slug":"lupina-dzem-jablko-z-pomarancza-i-marcepanem-200-g","status":"publish","type":"product","link":"http:\/\/delikatesy.wineport.pl\/?product=lupina-dzem-jablko-z-pomarancza-i-marcepanem-200-g","title":{"rendered":"\u0141UPINA D\u017bEM JAB\u0141KO Z POMARA\u0143CZ\u0104 I MARCEPANEM 200 g"},"content":{"rendered":"","protected":false},"excerpt":{"rendered":"","protected":false},"featured_media":15167,"comment_status":"open","ping_status":"closed","template":"","meta":[],"product_cat":[173,232,231],"product_tag":[],"class_list":{"0":"post-15168","1":"product","2":"type-product","3":"status-publish","4":"has-post-thumbnail","6":"product_cat-artykuly-delikatesowe","7":"product_cat-dzemy-i-marmolady","8":"product_cat-konfitury","10":"first","11":"instock","12":"shipping-taxable","13":"purchasable","14":"product-type-simple"},"_links":{"self":[{"href":"http:\/\/delikatesy.wineport.pl\/index.php?rest_route=\/wp\/v2\/product\/15168","targetHints":{"allow":["GET"]}}],"collection":[{"href":"http:\/\/delikatesy.wineport.pl\/index.php?rest_route=\/wp\/v2\/product"}],"about":[{"href":"http:\/\/delikatesy.wineport.pl\/index.php?rest_route=\/wp\/v2\/types\/product"}],"replies":[{"embeddable":true,"href":"http:\/\/delikatesy.wineport.pl\/index.php?rest_route=%2Fwp%2Fv2%2Fcomments&post=15168"}],"wp:featuredmedia":[{"embeddable":true,"href":"http:\/\/delikatesy.wineport.pl\/index.php?rest_route=\/wp\/v2\/media\/15167"}],"wp:attachment":[{"href":"http:\/\/delikatesy.wineport.pl\/index.php?rest_route=%2Fwp%2Fv2%2Fmedia&parent=15168"}],"wp:term":[{"taxonomy":"product_cat","embeddable":true,"href":"http:\/\/delikatesy.wineport.pl\/index.php?rest_route=%2Fwp%2Fv2%2Fproduct_cat&post=15168"},{"taxonomy":"product_tag","embeddable":true,"href":"http:\/\/delikatesy.wineport.pl\/index.php?rest_route=%2Fwp%2Fv2%2Fproduct_tag&post=15168"}],"curies":[{"name":"wp","href":"https:\/\/api.w.org\/{rel}","templated":true}]}}