{"id":15256,"date":"2024-03-14T14:12:23","date_gmt":"2024-03-14T13:12:23","guid":{"rendered":"http:\/\/delikatesy.wineport.pl\/?product=wodka-owocowa-cytryna-z-kwiatem-bzu-manufaktura-cielesnica"},"modified":"2026-05-10T19:27:07","modified_gmt":"2026-05-10T17:27:07","slug":"wodka-owocowa-cytryna-z-kwiatem-bzu-manufaktura-cielesnica","status":"publish","type":"product","link":"http:\/\/delikatesy.wineport.pl\/?product=wodka-owocowa-cytryna-z-kwiatem-bzu-manufaktura-cielesnica","title":{"rendered":"W\u00f3dka Owocowa &#8211; Cytryna z Kwiatem Bzu MANUFAKTURA CIELE\u015aNICA"},"content":{"rendered":"<p><span style=\"color: #ff0000; font-size: 16px; font-family: arial, helvetica, sans-serif;\">UWAGA!!! NIE WYSY\u0141AMY ALKOHOLU W PRZYPADKU ZAM\u00d3WIE\u0143 OD OS\u00d3B PRYWATNYCH, TYLKO ODBI\u00d3R OSOBISTY NA UL. \u015aW. STANIS\u0141AWA 12 W WARSZAWIE!!! W przypadku op\u0142acenia zam\u00f3wienia alkoholu z wysy\u0142k\u0105, przy zwrocie pieni\u0119dzy zostanie potr\u0105cona prowizja\u00a0DOTPAY!<\/span><\/p>\n<p><span style=\"color: #ff0000; font-size: 16px; font-family: arial, helvetica, sans-serif;\">\u00a0<\/span><\/p>\n<p style=\"font-family: &quot;;\">W\u00f3dki powsta\u0142e z wykorzystaniem naturalnych owocowych sok\u00f3w t\u0142oczonych, bez dodatku koncentrat\u00f3w. Naturalne aromaty uzyskujemy z napar\u00f3w z zi\u00f3\u0142 z Po\u0142udniowego Podlasia. Nalewki produkowane s\u0105 na bazie wysokiej jako\u015bci polskiego alkoholu.<\/p>\n<p style=\"font-family: &quot;;\">\u00a0<\/p>\n<p style=\"font-family: &quot;;\">Cytryna z kwiatami bzu &#8211; Po po\u0142\u0105czeniu soku z cytryny i limonki oraz aromatycznego kwiatu bzu uzyskujemy idealnie orze\u017awiaj\u0105cy smak lata. Polecamy z dodatkiem wody gazowanej.<\/p>\n","protected":false},"excerpt":{"rendered":"<p style=\"font-family: &quot;;\">W\u00f3dki powsta\u0142e z wykorzystaniem naturalnych owocowych sok\u00f3w t\u0142oczonych, bez dodatku koncentrat\u00f3w. Naturalne aromaty uzyskujemy z napar\u00f3w z zi\u00f3\u0142 z Po\u0142udniowego Podlasia. Nalewki produkowane s\u0105 na bazie wysokiej jako\u015bci polskiego alkoholu.<\/p>\n<p style=\"font-family: &quot;;\">\u00a0<\/p>\n<p style=\"font-family: &quot;;\">Cytryna z kwiatami bzu &#8211; Po po\u0142\u0105czeniu soku z cytryny i limonki oraz aromatycznego kwiatu bzu uzyskujemy idealnie orze\u017awiaj\u0105cy smak lata. Polecamy z dodatkiem wody gazowanej.<\/p>\n","protected":false},"featured_media":15255,"comment_status":"open","ping_status":"closed","template":"","meta":[],"product_cat":[105,104,183,106],"product_tag":[],"class_list":{"0":"post-15256","1":"product","2":"type-product","3":"status-publish","4":"has-post-thumbnail","6":"product_cat-kremy","7":"product_cat-likiery","8":"product_cat-nalewki","9":"product_cat-nalewki-i-miody","11":"first","12":"instock","13":"shipping-taxable","14":"purchasable","15":"product-type-simple"},"_links":{"self":[{"href":"http:\/\/delikatesy.wineport.pl\/index.php?rest_route=\/wp\/v2\/product\/15256","targetHints":{"allow":["GET"]}}],"collection":[{"href":"http:\/\/delikatesy.wineport.pl\/index.php?rest_route=\/wp\/v2\/product"}],"about":[{"href":"http:\/\/delikatesy.wineport.pl\/index.php?rest_route=\/wp\/v2\/types\/product"}],"replies":[{"embeddable":true,"href":"http:\/\/delikatesy.wineport.pl\/index.php?rest_route=%2Fwp%2Fv2%2Fcomments&post=15256"}],"wp:featuredmedia":[{"embeddable":true,"href":"http:\/\/delikatesy.wineport.pl\/index.php?rest_route=\/wp\/v2\/media\/15255"}],"wp:attachment":[{"href":"http:\/\/delikatesy.wineport.pl\/index.php?rest_route=%2Fwp%2Fv2%2Fmedia&parent=15256"}],"wp:term":[{"taxonomy":"product_cat","embeddable":true,"href":"http:\/\/delikatesy.wineport.pl\/index.php?rest_route=%2Fwp%2Fv2%2Fproduct_cat&post=15256"},{"taxonomy":"product_tag","embeddable":true,"href":"http:\/\/delikatesy.wineport.pl\/index.php?rest_route=%2Fwp%2Fv2%2Fproduct_tag&post=15256"}],"curies":[{"name":"wp","href":"https:\/\/api.w.org\/{rel}","templated":true}]}}