{"id":15372,"date":"2024-03-14T14:13:09","date_gmt":"2024-03-14T13:13:09","guid":{"rendered":"http:\/\/delikatesy.wineport.pl\/?product=konfitura-brzoskwinia-z-lawenda-manufaktura-cielesnica"},"modified":"2026-05-10T19:29:12","modified_gmt":"2026-05-10T17:29:12","slug":"konfitura-brzoskwinia-z-lawenda-manufaktura-cielesnica","status":"publish","type":"product","link":"http:\/\/delikatesy.wineport.pl\/?product=konfitura-brzoskwinia-z-lawenda-manufaktura-cielesnica","title":{"rendered":"Konfitura Brzoskwinia z Lawend\u0105 MANUFAKTURA CIELE\u015aNICA"},"content":{"rendered":"<p style=\"font-family: &quot;;\">Kolejna manufakturowa zabawa z kwiatami &#8211; tym razem zatrzymali\u015bmy dla Was zapach lawendy i po\u0142\u0105czyli\u015bmy j\u0105 z soczyst\u0105 brzoskwini\u0105. Da\u0142o to smak zar\u00f3wno soczysty i pe\u0142ny, a zarazem koj\u0105cy i wprowadzaj\u0105cy w b\u0142ogi stan relaksu.<\/p>\n<p style=\"font-family: &quot;;\">Sk\u0142adniki: 68% brzoskwinia, 28% cukier trzcinowy, 3% napar z kwiat\u00f3w lawendy, pektyna (substancja zag\u0119szczaj\u0105ca)<\/p>\n<p style=\"font-family: &quot;;\">Warto\u015b\u0107 od\u017cywcza 100g produktu: warto\u015b\u0107 energetyczna: 638 kJ\/ 150 kcal, t\u0142uszcz: 0 g, w tym kwasy t\u0142uszczowe nasycone: 0 g, w\u0119glowodany: 36 g, w tym cukry: 33 g, b\u0142onnik: 1,2 g, bia\u0142ko: 0,8 g, s\u00f3l: 0,07 g.<\/p>\n","protected":false},"excerpt":{"rendered":"<p style=\"font-family: &quot;;\">Kolejna manufakturowa zabawa z kwiatami &#8211; tym razem zatrzymali\u015bmy dla Was zapach lawendy i po\u0142\u0105czyli\u015bmy j\u0105 z soczyst\u0105 brzoskwini\u0105. Da\u0142o to smak zar\u00f3wno soczysty i pe\u0142ny, a zarazem koj\u0105cy i wprowadzaj\u0105cy w b\u0142ogi stan relaksu.<\/p>\n<p style=\"font-family: &quot;;\">Sk\u0142adniki: 68% brzoskwinia, 28% cukier trzcinowy, 3% napar z kwiat\u00f3w lawendy, pektyna (substancja zag\u0119szczaj\u0105ca)<\/p>\n<p style=\"font-family: &quot;;\">Warto\u015b\u0107 od\u017cywcza 100g produktu: warto\u015b\u0107 energetyczna: 638 kJ\/ 150 kcal, t\u0142uszcz: 0 g, w tym kwasy t\u0142uszczowe nasycone: 0 g, w\u0119glowodany: 36 g, w tym cukry: 33 g, b\u0142onnik: 1,2 g, bia\u0142ko: 0,8 g, s\u00f3l: 0,07 g.<\/p>\n","protected":false},"featured_media":15371,"comment_status":"open","ping_status":"closed","template":"","meta":[],"product_cat":[173,232,231],"product_tag":[],"class_list":{"0":"post-15372","1":"product","2":"type-product","3":"status-publish","4":"has-post-thumbnail","6":"product_cat-artykuly-delikatesowe","7":"product_cat-dzemy-i-marmolady","8":"product_cat-konfitury","10":"first","11":"instock","12":"shipping-taxable","13":"purchasable","14":"product-type-simple"},"_links":{"self":[{"href":"http:\/\/delikatesy.wineport.pl\/index.php?rest_route=\/wp\/v2\/product\/15372","targetHints":{"allow":["GET"]}}],"collection":[{"href":"http:\/\/delikatesy.wineport.pl\/index.php?rest_route=\/wp\/v2\/product"}],"about":[{"href":"http:\/\/delikatesy.wineport.pl\/index.php?rest_route=\/wp\/v2\/types\/product"}],"replies":[{"embeddable":true,"href":"http:\/\/delikatesy.wineport.pl\/index.php?rest_route=%2Fwp%2Fv2%2Fcomments&post=15372"}],"wp:featuredmedia":[{"embeddable":true,"href":"http:\/\/delikatesy.wineport.pl\/index.php?rest_route=\/wp\/v2\/media\/15371"}],"wp:attachment":[{"href":"http:\/\/delikatesy.wineport.pl\/index.php?rest_route=%2Fwp%2Fv2%2Fmedia&parent=15372"}],"wp:term":[{"taxonomy":"product_cat","embeddable":true,"href":"http:\/\/delikatesy.wineport.pl\/index.php?rest_route=%2Fwp%2Fv2%2Fproduct_cat&post=15372"},{"taxonomy":"product_tag","embeddable":true,"href":"http:\/\/delikatesy.wineport.pl\/index.php?rest_route=%2Fwp%2Fv2%2Fproduct_tag&post=15372"}],"curies":[{"name":"wp","href":"https:\/\/api.w.org\/{rel}","templated":true}]}}