{"id":15380,"date":"2024-03-14T14:13:14","date_gmt":"2024-03-14T13:13:14","guid":{"rendered":"http:\/\/delikatesy.wineport.pl\/?product=konfitura-sliwka-z-kakao-i-owocem-czeremchy-manufaktura-cielesnica"},"modified":"2026-05-10T19:29:13","modified_gmt":"2026-05-10T17:29:13","slug":"konfitura-sliwka-z-kakao-i-owocem-czeremchy-manufaktura-cielesnica","status":"publish","type":"product","link":"http:\/\/delikatesy.wineport.pl\/?product=konfitura-sliwka-z-kakao-i-owocem-czeremchy-manufaktura-cielesnica","title":{"rendered":"Konfitura \u015aliwka z Kakao i Owocem Czeremchy MANUFAKTURA CIELE\u015aNICA"},"content":{"rendered":"<p style=\"font-family: &quot;;\">Produkt wytwarzany tradycyjnie.<\/p>\n<p style=\"font-family: &quot;;\">Waga: 190g<\/p>\n<p style=\"font-family: &quot;;\">Powr\u00f3ci\u0142a konfitura, o kt\u00f3r\u0105 pytali\u015bcie! Podobno znika od razu po otwarciu &#8211; czary!<\/p>\n<p style=\"font-family: &quot;;\">Czeremcha zwyczajna ma ciekawe zastosowania lecznicze. Przetwory z owoc\u00f3w tego drzewa maj\u0105 dzia\u0142ania moczop\u0119dne oraz dzia\u0142aj\u0105 przeciwbiegunkowo. Ponadto maj\u0105 w\u0142a\u015bciwo\u015bci antyseptyczne, przeciwzapalne oraz posiadaj\u0105 dzia\u0142ania przeciw stresowe. Owoc tak\u017ce wykazuje w\u0142a\u015bciwo\u015bci przeciwkaszlowe, zatem mo\u017ce by\u0107 u\u017cywany przy zwalczaniu infekcji.\u00a0<\/p>\n<p style=\"font-family: &quot;;\">Sk\u0142adniki: 73% \u015bliwka, 23% cukier trzcinowy, 1,5% owoc czeremchy, 1% kakao, pektyna (substancja \u017celuj\u0105ca)<\/p>\n<p style=\"font-family: &quot;;\">Warto\u015b\u0107 od\u017cywcza 100g produktu: warto\u015b\u0107 energetyczna: 705\u00a0kJ\/ 166\u00a0kcal, t\u0142uszcz: 0,2\u00a0g, w tym kwasy t\u0142uszczowe nasycone: 0,2\u00a0g, w\u0119glowodany: 39\u00a0g, w tym cukry: 36\u00a0g, b\u0142onnik: 1,7\u00a0g, bia\u0142ko: 0,9\u00a0g, s\u00f3l: 0,07\u00a0g<\/p>\n","protected":false},"excerpt":{"rendered":"<p style=\"font-family: &quot;;\">Produkt wytwarzany tradycyjnie.<\/p>\n<p style=\"font-family: &quot;;\">Waga: 190g<\/p>\n<p style=\"font-family: &quot;;\">Powr\u00f3ci\u0142a konfitura, o kt\u00f3r\u0105 pytali\u015bcie! Podobno znika od razu po otwarciu &#8211; czary!<\/p>\n<p style=\"font-family: &quot;;\">Czeremcha zwyczajna ma ciekawe zastosowania lecznicze. Przetwory z owoc\u00f3w tego drzewa maj\u0105 dzia\u0142ania moczop\u0119dne oraz dzia\u0142aj\u0105 przeciwbiegunkowo. Ponadto maj\u0105 w\u0142a\u015bciwo\u015bci antyseptyczne, przeciwzapalne oraz posiadaj\u0105 dzia\u0142ania przeciw stresowe. Owoc tak\u017ce wykazuje w\u0142a\u015bciwo\u015bci przeciwkaszlowe, zatem mo\u017ce by\u0107 u\u017cywany przy zwalczaniu infekcji.\u00a0<\/p>\n<p style=\"font-family: &quot;;\">Sk\u0142adniki: 73% \u015bliwka, 23% cukier trzcinowy, 1,5% owoc czeremchy, 1% kakao, pektyna (substancja \u017celuj\u0105ca)<\/p>\n<p style=\"font-family: &quot;;\">Warto\u015b\u0107 od\u017cywcza 100g produktu: warto\u015b\u0107 energetyczna: 705\u00a0kJ\/ 166\u00a0kcal, t\u0142uszcz: 0,2\u00a0g, w tym kwasy t\u0142uszczowe nasycone: 0,2\u00a0g, w\u0119glowodany: 39\u00a0g, w tym cukry: 36\u00a0g, b\u0142onnik: 1,7\u00a0g, bia\u0142ko: 0,9\u00a0g, s\u00f3l: 0,07\u00a0g<\/p>\n","protected":false},"featured_media":15379,"comment_status":"open","ping_status":"closed","template":"","meta":[],"product_cat":[173,232,231],"product_tag":[],"class_list":{"0":"post-15380","1":"product","2":"type-product","3":"status-publish","4":"has-post-thumbnail","6":"product_cat-artykuly-delikatesowe","7":"product_cat-dzemy-i-marmolady","8":"product_cat-konfitury","10":"first","11":"instock","12":"shipping-taxable","13":"purchasable","14":"product-type-simple"},"_links":{"self":[{"href":"http:\/\/delikatesy.wineport.pl\/index.php?rest_route=\/wp\/v2\/product\/15380","targetHints":{"allow":["GET"]}}],"collection":[{"href":"http:\/\/delikatesy.wineport.pl\/index.php?rest_route=\/wp\/v2\/product"}],"about":[{"href":"http:\/\/delikatesy.wineport.pl\/index.php?rest_route=\/wp\/v2\/types\/product"}],"replies":[{"embeddable":true,"href":"http:\/\/delikatesy.wineport.pl\/index.php?rest_route=%2Fwp%2Fv2%2Fcomments&post=15380"}],"wp:featuredmedia":[{"embeddable":true,"href":"http:\/\/delikatesy.wineport.pl\/index.php?rest_route=\/wp\/v2\/media\/15379"}],"wp:attachment":[{"href":"http:\/\/delikatesy.wineport.pl\/index.php?rest_route=%2Fwp%2Fv2%2Fmedia&parent=15380"}],"wp:term":[{"taxonomy":"product_cat","embeddable":true,"href":"http:\/\/delikatesy.wineport.pl\/index.php?rest_route=%2Fwp%2Fv2%2Fproduct_cat&post=15380"},{"taxonomy":"product_tag","embeddable":true,"href":"http:\/\/delikatesy.wineport.pl\/index.php?rest_route=%2Fwp%2Fv2%2Fproduct_tag&post=15380"}],"curies":[{"name":"wp","href":"https:\/\/api.w.org\/{rel}","templated":true}]}}