{"id":15382,"date":"2024-03-14T14:13:16","date_gmt":"2024-03-14T13:13:16","guid":{"rendered":"http:\/\/delikatesy.wineport.pl\/?product=konfitura-truskawka-z-wanilia-manufaktura-cielesnica"},"modified":"2026-05-10T19:29:14","modified_gmt":"2026-05-10T17:29:14","slug":"konfitura-truskawka-z-wanilia-manufaktura-cielesnica","status":"publish","type":"product","link":"http:\/\/delikatesy.wineport.pl\/?product=konfitura-truskawka-z-wanilia-manufaktura-cielesnica","title":{"rendered":"Konfitura Truskawka z Wanili\u0105 MANUFAKTURA CIELE\u015aNICA"},"content":{"rendered":"<p style=\"font-family: &quot;;\">Produkt wytwarzany tradycyjnie.<\/p>\n<p style=\"font-family: &quot;;\">Kto nie lubi truskawek prosto z krzaczka? Tak&#8230;. my te\u017c. Mamy dla Was syrop z ogromn\u0105 ilo\u015bci\u0105 owocu, aby\u015bcie mogli dodawa\u0107 truskawki przez ca\u0142y rok &#8211; do herbaty, do kawy, do deser\u00f3w, do drink\u00f3w, do lemoniad i gdzie Wam tylko wyobra\u017ania podpowie! I to nie jest zwyk\u0142a truskawka &#8211; bo u nas nic nie jest zwyk\u0142e! Przekonajcie si\u0119!<\/p>\n<p style=\"font-family: &quot;;\">\u00a0Sk\u0142adniki:71% truskawka, 28% cukier trzcinowy, pektyna (substancja zag\u0119szczaj\u0105ca), sok z cytryny, 0,5% ekologiczny ekstrakt z wanilii*\u00a0<\/p>\n<p style=\"font-family: &quot;;\">*certyfikowane surowce ekologiczne<\/p>\n<p style=\"font-family: &quot;;\">Warto\u015b\u0107 od\u017cywcza 100g produktu: warto\u015b\u0107 energetyczna: 644\u00a0kJ\/ 152\u00a0kcal, t\u0142uszcz: 0\u00a0g, w tym kwasy t\u0142uszczowe nasycone: 0\u00a0g, w\u0119glowodany: 36\u00a0g, w tym cukry: 35\u00a0g, b\u0142onnik: 1,5\u00a0g, bia\u0142ko: 0,7\u00a0g, s\u00f3l: 0,07\u00a0g.<\/p>\n","protected":false},"excerpt":{"rendered":"<p style=\"font-family: &quot;;\">Produkt wytwarzany tradycyjnie.<\/p>\n<p style=\"font-family: &quot;;\">Kto nie lubi truskawek prosto z krzaczka? Tak&#8230;. my te\u017c. Mamy dla Was syrop z ogromn\u0105 ilo\u015bci\u0105 owocu, aby\u015bcie mogli dodawa\u0107 truskawki przez ca\u0142y rok &#8211; do herbaty, do kawy, do deser\u00f3w, do drink\u00f3w, do lemoniad i gdzie Wam tylko wyobra\u017ania podpowie! I to nie jest zwyk\u0142a truskawka &#8211; bo u nas nic nie jest zwyk\u0142e! Przekonajcie si\u0119!<\/p>\n<p style=\"font-family: &quot;;\">\u00a0Sk\u0142adniki:71% truskawka, 28% cukier trzcinowy, pektyna (substancja zag\u0119szczaj\u0105ca), sok z cytryny, 0,5% ekologiczny ekstrakt z wanilii*\u00a0<\/p>\n<p style=\"font-family: &quot;;\">*certyfikowane surowce ekologiczne<\/p>\n<p style=\"font-family: &quot;;\">Warto\u015b\u0107 od\u017cywcza 100g produktu: warto\u015b\u0107 energetyczna: 644\u00a0kJ\/ 152\u00a0kcal, t\u0142uszcz: 0\u00a0g, w tym kwasy t\u0142uszczowe nasycone: 0\u00a0g, w\u0119glowodany: 36\u00a0g, w tym cukry: 35\u00a0g, b\u0142onnik: 1,5\u00a0g, bia\u0142ko: 0,7\u00a0g, s\u00f3l: 0,07\u00a0g.<\/p>\n","protected":false},"featured_media":15381,"comment_status":"open","ping_status":"closed","template":"","meta":[],"product_cat":[173,232,231],"product_tag":[],"class_list":{"0":"post-15382","1":"product","2":"type-product","3":"status-publish","4":"has-post-thumbnail","6":"product_cat-artykuly-delikatesowe","7":"product_cat-dzemy-i-marmolady","8":"product_cat-konfitury","10":"first","11":"instock","12":"shipping-taxable","13":"purchasable","14":"product-type-simple"},"_links":{"self":[{"href":"http:\/\/delikatesy.wineport.pl\/index.php?rest_route=\/wp\/v2\/product\/15382","targetHints":{"allow":["GET"]}}],"collection":[{"href":"http:\/\/delikatesy.wineport.pl\/index.php?rest_route=\/wp\/v2\/product"}],"about":[{"href":"http:\/\/delikatesy.wineport.pl\/index.php?rest_route=\/wp\/v2\/types\/product"}],"replies":[{"embeddable":true,"href":"http:\/\/delikatesy.wineport.pl\/index.php?rest_route=%2Fwp%2Fv2%2Fcomments&post=15382"}],"wp:featuredmedia":[{"embeddable":true,"href":"http:\/\/delikatesy.wineport.pl\/index.php?rest_route=\/wp\/v2\/media\/15381"}],"wp:attachment":[{"href":"http:\/\/delikatesy.wineport.pl\/index.php?rest_route=%2Fwp%2Fv2%2Fmedia&parent=15382"}],"wp:term":[{"taxonomy":"product_cat","embeddable":true,"href":"http:\/\/delikatesy.wineport.pl\/index.php?rest_route=%2Fwp%2Fv2%2Fproduct_cat&post=15382"},{"taxonomy":"product_tag","embeddable":true,"href":"http:\/\/delikatesy.wineport.pl\/index.php?rest_route=%2Fwp%2Fv2%2Fproduct_tag&post=15382"}],"curies":[{"name":"wp","href":"https:\/\/api.w.org\/{rel}","templated":true}]}}