{"id":15386,"date":"2024-03-14T14:13:24","date_gmt":"2024-03-14T13:13:24","guid":{"rendered":"http:\/\/delikatesy.wineport.pl\/?product=owoce-dzikiej-rozy-z-malina-syrop-na-zdrowie-manufaktura-cielesnica"},"modified":"2026-05-10T19:29:15","modified_gmt":"2026-05-10T17:29:15","slug":"owoce-dzikiej-rozy-z-malina-syrop-na-zdrowie-manufaktura-cielesnica","status":"publish","type":"product","link":"http:\/\/delikatesy.wineport.pl\/?product=owoce-dzikiej-rozy-z-malina-syrop-na-zdrowie-manufaktura-cielesnica","title":{"rendered":"OWOCE DZIKIEJ R\u00d3\u017bY Z MALIN\u0104 &#8211; SYROP NA ZDROWIE MANUFAKTURA CIELE\u015aNICA"},"content":{"rendered":"<p style=\"font-family: &quot;;\">&#8211; LIMITOWANA EDYCJA &#8211;<\/p>\n<p style=\"font-family: &quot;;\">Dzika r\u00f3\u017ca ma w sobie pewn\u0105 magi\u0119&#8230; Zauwa\u017cyli\u015bcie?Przywodzi na my\u015bl z jednej strony delikatno\u015b\u0107 i trosk\u0119, za\u015b z drugiej waleczno\u015b\u0107 i moc&#8230;\u00a0Mo\u017ce to dlatego, \u017ce taka jest w smaku i w dzia\u0142aniu!<\/p>\n<p style=\"font-family: &quot;;\">PS. poczytajcie koniecznie o w\u0142a\u015bciwo\u015bciach zdrowotnych Dzikiej R\u00f3\u017cy i Maliny &#8211; jest ich baaaardzo du\u017co &#8211; cz\u0142owiek zdrowieje od samego czytania \ud83d\ude42<\/p>\n<p style=\"font-family: &quot;;\">Syrop malinowy znaj\u0105 i lubi\u0105 wszyscy. A czy da si\u0119 go zrobi\u0107 lepiej?<\/p>\n<p style=\"font-family: &quot;;\">do drink\u00f3w, do herbaty, do lemoniad<\/p>\n<p style=\"font-family: &quot;;\">Produkt wytwarzany tradycyjnie.<\/p>\n<p style=\"font-family: &quot;;\">Pojemno\u015b\u0107: 230 ML<\/p>\n<p style=\"font-family: &quot;;\">Sk\u0142adniki: 22% sok z owoc\u00f3w dzikiej r\u00f3\u017cy, 22% sok z malin, 22% woda, 30% cukier trzcinowy, sok z cytryny<\/p>\n","protected":false},"excerpt":{"rendered":"<p style=\"font-family: &quot;;\">&#8211; LIMITOWANA EDYCJA &#8211;<\/p>\n<p style=\"font-family: &quot;;\">Dzika r\u00f3\u017ca ma w sobie pewn\u0105 magi\u0119&#8230; Zauwa\u017cyli\u015bcie?Przywodzi na my\u015bl z jednej strony delikatno\u015b\u0107 i trosk\u0119, za\u015b z drugiej waleczno\u015b\u0107 i moc&#8230;\u00a0Mo\u017ce to dlatego, \u017ce taka jest w smaku i w dzia\u0142aniu!<\/p>\n<p style=\"font-family: &quot;;\">PS. poczytajcie koniecznie o w\u0142a\u015bciwo\u015bciach zdrowotnych Dzikiej R\u00f3\u017cy i Maliny &#8211; jest ich baaaardzo du\u017co &#8211; cz\u0142owiek zdrowieje od samego czytania \ud83d\ude42<\/p>\n<p style=\"font-family: &quot;;\">Syrop malinowy znaj\u0105 i lubi\u0105 wszyscy. A czy da si\u0119 go zrobi\u0107 lepiej?<\/p>\n<p style=\"font-family: &quot;;\">do drink\u00f3w, do herbaty, do lemoniad<\/p>\n<p style=\"font-family: &quot;;\">Produkt wytwarzany tradycyjnie.<\/p>\n<p style=\"font-family: &quot;;\">Pojemno\u015b\u0107: 230 ML<\/p>\n<p style=\"font-family: &quot;;\">Sk\u0142adniki: 22% sok z owoc\u00f3w dzikiej r\u00f3\u017cy, 22% sok z malin, 22% woda, 30% cukier trzcinowy, sok z cytryny<\/p>\n","protected":false},"featured_media":15385,"comment_status":"open","ping_status":"closed","template":"","meta":[],"product_cat":[173,174],"product_tag":[],"class_list":{"0":"post-15386","1":"product","2":"type-product","3":"status-publish","4":"has-post-thumbnail","6":"product_cat-artykuly-delikatesowe","7":"product_cat-syropy","9":"first","10":"instock","11":"shipping-taxable","12":"purchasable","13":"product-type-simple"},"_links":{"self":[{"href":"http:\/\/delikatesy.wineport.pl\/index.php?rest_route=\/wp\/v2\/product\/15386","targetHints":{"allow":["GET"]}}],"collection":[{"href":"http:\/\/delikatesy.wineport.pl\/index.php?rest_route=\/wp\/v2\/product"}],"about":[{"href":"http:\/\/delikatesy.wineport.pl\/index.php?rest_route=\/wp\/v2\/types\/product"}],"replies":[{"embeddable":true,"href":"http:\/\/delikatesy.wineport.pl\/index.php?rest_route=%2Fwp%2Fv2%2Fcomments&post=15386"}],"wp:featuredmedia":[{"embeddable":true,"href":"http:\/\/delikatesy.wineport.pl\/index.php?rest_route=\/wp\/v2\/media\/15385"}],"wp:attachment":[{"href":"http:\/\/delikatesy.wineport.pl\/index.php?rest_route=%2Fwp%2Fv2%2Fmedia&parent=15386"}],"wp:term":[{"taxonomy":"product_cat","embeddable":true,"href":"http:\/\/delikatesy.wineport.pl\/index.php?rest_route=%2Fwp%2Fv2%2Fproduct_cat&post=15386"},{"taxonomy":"product_tag","embeddable":true,"href":"http:\/\/delikatesy.wineport.pl\/index.php?rest_route=%2Fwp%2Fv2%2Fproduct_tag&post=15386"}],"curies":[{"name":"wp","href":"https:\/\/api.w.org\/{rel}","templated":true}]}}