{"id":15394,"date":"2024-03-14T14:13:30","date_gmt":"2024-03-14T13:13:30","guid":{"rendered":"http:\/\/delikatesy.wineport.pl\/?product=syrop-brzoskwiniowy-z-kwiatem-lawendy-manufaktura-cielesnica"},"modified":"2026-05-10T19:29:17","modified_gmt":"2026-05-10T17:29:17","slug":"syrop-brzoskwiniowy-z-kwiatem-lawendy-manufaktura-cielesnica","status":"publish","type":"product","link":"http:\/\/delikatesy.wineport.pl\/?product=syrop-brzoskwiniowy-z-kwiatem-lawendy-manufaktura-cielesnica","title":{"rendered":"Syrop Brzoskwiniowy z Kwiatem Lawendy MANUFAKTURA CIELE\u015aNICA"},"content":{"rendered":"<p style=\"font-family: &quot;;\">Syrop Brzoskwiniowy z Kwiatem Lawendy &#8211; Powiew lata jako dodatek do herbaty<\/p>\n<p style=\"font-family: &quot;;\">Pojemno\u015b\u0107: 230ml<\/p>\n<p style=\"font-family: &quot;;\">Sk\u0142adniki: 46%sok z brzoskwini, 27% cukier trzcinowy, 19% sok jab\u0142kowy, 6% esencja z kwiat\u00f3w lawendy, sok z cytryny bez sk\u00f3rki, kwasek cytrynowy<\/p>\n<p style=\"font-family: &quot;;\">Warto\u015b\u0107 od\u017cywcza 100g produktu: warto\u015b\u0107 energetyczna: 550\u00a0kJ\/ 129\u00a0kcal, t\u0142uszcz: 0\u00a0g, w tym kwasy t\u0142uszczowe nasycone: 0\u00a0g, w\u0119glowodany: 31\u00a0g, w tym cukry: 31 g, b\u0142onnik: 1,1\u00a0g, bia\u0142ko: 0\u00a0g, s\u00f3l: 0,07\u00a0g.<\/p>\n","protected":false},"excerpt":{"rendered":"<p style=\"font-family: &quot;;\">Syrop Brzoskwiniowy z Kwiatem Lawendy &#8211; Powiew lata jako dodatek do herbaty<\/p>\n<p style=\"font-family: &quot;;\">Pojemno\u015b\u0107: 230ml<\/p>\n<p style=\"font-family: &quot;;\">Sk\u0142adniki: 46%sok z brzoskwini, 27% cukier trzcinowy, 19% sok jab\u0142kowy, 6% esencja z kwiat\u00f3w lawendy, sok z cytryny bez sk\u00f3rki, kwasek cytrynowy<\/p>\n<p style=\"font-family: &quot;;\">Warto\u015b\u0107 od\u017cywcza 100g produktu: warto\u015b\u0107 energetyczna: 550\u00a0kJ\/ 129\u00a0kcal, t\u0142uszcz: 0\u00a0g, w tym kwasy t\u0142uszczowe nasycone: 0\u00a0g, w\u0119glowodany: 31\u00a0g, w tym cukry: 31 g, b\u0142onnik: 1,1\u00a0g, bia\u0142ko: 0\u00a0g, s\u00f3l: 0,07\u00a0g.<\/p>\n","protected":false},"featured_media":15393,"comment_status":"open","ping_status":"closed","template":"","meta":[],"product_cat":[173,174],"product_tag":[],"class_list":{"0":"post-15394","1":"product","2":"type-product","3":"status-publish","4":"has-post-thumbnail","6":"product_cat-artykuly-delikatesowe","7":"product_cat-syropy","9":"first","10":"instock","11":"shipping-taxable","12":"purchasable","13":"product-type-simple"},"_links":{"self":[{"href":"http:\/\/delikatesy.wineport.pl\/index.php?rest_route=\/wp\/v2\/product\/15394","targetHints":{"allow":["GET"]}}],"collection":[{"href":"http:\/\/delikatesy.wineport.pl\/index.php?rest_route=\/wp\/v2\/product"}],"about":[{"href":"http:\/\/delikatesy.wineport.pl\/index.php?rest_route=\/wp\/v2\/types\/product"}],"replies":[{"embeddable":true,"href":"http:\/\/delikatesy.wineport.pl\/index.php?rest_route=%2Fwp%2Fv2%2Fcomments&post=15394"}],"wp:featuredmedia":[{"embeddable":true,"href":"http:\/\/delikatesy.wineport.pl\/index.php?rest_route=\/wp\/v2\/media\/15393"}],"wp:attachment":[{"href":"http:\/\/delikatesy.wineport.pl\/index.php?rest_route=%2Fwp%2Fv2%2Fmedia&parent=15394"}],"wp:term":[{"taxonomy":"product_cat","embeddable":true,"href":"http:\/\/delikatesy.wineport.pl\/index.php?rest_route=%2Fwp%2Fv2%2Fproduct_cat&post=15394"},{"taxonomy":"product_tag","embeddable":true,"href":"http:\/\/delikatesy.wineport.pl\/index.php?rest_route=%2Fwp%2Fv2%2Fproduct_tag&post=15394"}],"curies":[{"name":"wp","href":"https:\/\/api.w.org\/{rel}","templated":true}]}}