{"id":15396,"date":"2024-03-14T14:13:31","date_gmt":"2024-03-14T13:13:31","guid":{"rendered":"http:\/\/delikatesy.wineport.pl\/?product=syrop-gruszka-z-wanilia-manufaktura-cielesnica"},"modified":"2026-05-10T19:29:18","modified_gmt":"2026-05-10T17:29:18","slug":"syrop-gruszka-z-wanilia-manufaktura-cielesnica","status":"publish","type":"product","link":"http:\/\/delikatesy.wineport.pl\/?product=syrop-gruszka-z-wanilia-manufaktura-cielesnica","title":{"rendered":"Syrop Gruszka z Wanili\u0105 MANUFAKTURA CIELE\u015aNICA"},"content":{"rendered":"<p style=\"font-family: &quot;;\">Sk\u0142adniki: 67% ekologiczny sok t\u0142oczony z gruszki, 32% cukier trzcinowy, syrop z cytryny, 0,5% ekologiczny ekstrakt z wanilii<\/p>\n<p style=\"font-family: &quot;;\">*certyfikowane surowce ekologiczne<\/p>\n<p style=\"font-family: &quot;;\">Warto\u015b\u0107 od\u017cywcza 100g produktu: warto\u015b\u0107 energetyczna: 686 kJ\/ 162 kcal, t\u0142uszcz: 0 g, w tym kwasy t\u0142uszczowe nasycone: 0 g, w\u0119glowodany: 39 g, w tym cukry: 36 g, b\u0142onnik: 1,4 g, bia\u0142ko: 0,6 g, s\u00f3l: 0,07 g.<\/p>\n<p style=\"font-family: &quot;;\">Co wa\u017cne, nasze syropy nie zawieraj\u0105 syropu glukozowego.<\/p>\n","protected":false},"excerpt":{"rendered":"<p style=\"font-family: &quot;;\">Sk\u0142adniki: 67% ekologiczny sok t\u0142oczony z gruszki, 32% cukier trzcinowy, syrop z cytryny, 0,5% ekologiczny ekstrakt z wanilii<\/p>\n<p style=\"font-family: &quot;;\">*certyfikowane surowce ekologiczne<\/p>\n<p style=\"font-family: &quot;;\">Warto\u015b\u0107 od\u017cywcza 100g produktu: warto\u015b\u0107 energetyczna: 686 kJ\/ 162 kcal, t\u0142uszcz: 0 g, w tym kwasy t\u0142uszczowe nasycone: 0 g, w\u0119glowodany: 39 g, w tym cukry: 36 g, b\u0142onnik: 1,4 g, bia\u0142ko: 0,6 g, s\u00f3l: 0,07 g.<\/p>\n<p style=\"font-family: &quot;;\">Co wa\u017cne, nasze syropy nie zawieraj\u0105 syropu glukozowego.<\/p>\n","protected":false},"featured_media":15395,"comment_status":"open","ping_status":"closed","template":"","meta":[],"product_cat":[173,174],"product_tag":[],"class_list":{"0":"post-15396","1":"product","2":"type-product","3":"status-publish","4":"has-post-thumbnail","6":"product_cat-artykuly-delikatesowe","7":"product_cat-syropy","9":"first","10":"instock","11":"shipping-taxable","12":"purchasable","13":"product-type-simple"},"_links":{"self":[{"href":"http:\/\/delikatesy.wineport.pl\/index.php?rest_route=\/wp\/v2\/product\/15396","targetHints":{"allow":["GET"]}}],"collection":[{"href":"http:\/\/delikatesy.wineport.pl\/index.php?rest_route=\/wp\/v2\/product"}],"about":[{"href":"http:\/\/delikatesy.wineport.pl\/index.php?rest_route=\/wp\/v2\/types\/product"}],"replies":[{"embeddable":true,"href":"http:\/\/delikatesy.wineport.pl\/index.php?rest_route=%2Fwp%2Fv2%2Fcomments&post=15396"}],"wp:featuredmedia":[{"embeddable":true,"href":"http:\/\/delikatesy.wineport.pl\/index.php?rest_route=\/wp\/v2\/media\/15395"}],"wp:attachment":[{"href":"http:\/\/delikatesy.wineport.pl\/index.php?rest_route=%2Fwp%2Fv2%2Fmedia&parent=15396"}],"wp:term":[{"taxonomy":"product_cat","embeddable":true,"href":"http:\/\/delikatesy.wineport.pl\/index.php?rest_route=%2Fwp%2Fv2%2Fproduct_cat&post=15396"},{"taxonomy":"product_tag","embeddable":true,"href":"http:\/\/delikatesy.wineport.pl\/index.php?rest_route=%2Fwp%2Fv2%2Fproduct_tag&post=15396"}],"curies":[{"name":"wp","href":"https:\/\/api.w.org\/{rel}","templated":true}]}}