{"id":15398,"date":"2024-03-14T14:13:31","date_gmt":"2024-03-14T13:13:31","guid":{"rendered":"http:\/\/delikatesy.wineport.pl\/?product=syrop-hibiskus-z-owocami-dzikiej-rozy-manufaktura-cielesnica"},"modified":"2026-05-10T19:29:18","modified_gmt":"2026-05-10T17:29:18","slug":"syrop-hibiskus-z-owocami-dzikiej-rozy-manufaktura-cielesnica","status":"publish","type":"product","link":"http:\/\/delikatesy.wineport.pl\/?product=syrop-hibiskus-z-owocami-dzikiej-rozy-manufaktura-cielesnica","title":{"rendered":"Syrop Hibiskus z owocami Dzikiej R\u00f3\u017cy MANUFAKTURA CIELE\u015aNICA"},"content":{"rendered":"<p style=\"font-family: &quot;;\">Syrop Hibiskus Rubinowy z Owocami Dzikiej R\u00f3\u017cy<\/p>\n<p style=\"font-family: &quot;;\">Sk\u0142adniki: 44% napar z hibiskusa rubinowego, 44% cukier trzcinowy, 6% owoce dzikiej r\u00f3\u017cy, sok z cytryny bez sk\u00f3rki.<\/p>\n<p style=\"font-family: &quot;;\">Warto\u015b\u0107 od\u017cywcza 100g produktu: warto\u015b\u0107 energetyczna: 747\u00a0kJ\/ 176\u00a0kcal, t\u0142uszcz: 0\u00a0g, w tym kwasy t\u0142uszczowe nasycone: 0\u00a0g, w\u0119glowodany: 44\u00a0g, w tym cukry: 42\u00a0g, b\u0142onnik: 0\u00a0g, bia\u0142ko: 0,7\u00a0g, s\u00f3l: 0,05\u00a0g.<\/p>\n<p style=\"font-family: &quot;;\">\u00a0<\/p>\n<p style=\"font-family: &quot;;\">Produkt wytwarzany tradycyjnie.<\/p>\n","protected":false},"excerpt":{"rendered":"<p>\u00a0<\/p>\n<p style=\"font-family: &quot;;\">Syrop Hibiskus Rubinowy z Owocami Dzikiej R\u00f3\u017cy<\/p>\n<p style=\"font-family: &quot;;\">Sk\u0142adniki: 44% napar z hibiskusa rubinowego, 44% cukier trzcinowy, 6% owoce dzikiej r\u00f3\u017cy, sok z cytryny bez sk\u00f3rki.<\/p>\n<p style=\"font-family: &quot;;\">Warto\u015b\u0107 od\u017cywcza 100g produktu: warto\u015b\u0107 energetyczna: 747\u00a0kJ\/ 176\u00a0kcal, t\u0142uszcz: 0\u00a0g, w tym kwasy t\u0142uszczowe nasycone: 0\u00a0g, w\u0119glowodany: 44\u00a0g, w tym cukry: 42\u00a0g, b\u0142onnik: 0\u00a0g, bia\u0142ko: 0,7\u00a0g, s\u00f3l: 0,05\u00a0g.<\/p>\n<p style=\"font-family: &quot;;\">\u00a0<\/p>\n<p style=\"font-family: &quot;;\">Produkt wytwarzany tradycyjnie.<\/p>\n","protected":false},"featured_media":15397,"comment_status":"open","ping_status":"closed","template":"","meta":[],"product_cat":[173,174],"product_tag":[],"class_list":{"0":"post-15398","1":"product","2":"type-product","3":"status-publish","4":"has-post-thumbnail","6":"product_cat-artykuly-delikatesowe","7":"product_cat-syropy","9":"first","10":"instock","11":"shipping-taxable","12":"purchasable","13":"product-type-simple"},"_links":{"self":[{"href":"http:\/\/delikatesy.wineport.pl\/index.php?rest_route=\/wp\/v2\/product\/15398","targetHints":{"allow":["GET"]}}],"collection":[{"href":"http:\/\/delikatesy.wineport.pl\/index.php?rest_route=\/wp\/v2\/product"}],"about":[{"href":"http:\/\/delikatesy.wineport.pl\/index.php?rest_route=\/wp\/v2\/types\/product"}],"replies":[{"embeddable":true,"href":"http:\/\/delikatesy.wineport.pl\/index.php?rest_route=%2Fwp%2Fv2%2Fcomments&post=15398"}],"wp:featuredmedia":[{"embeddable":true,"href":"http:\/\/delikatesy.wineport.pl\/index.php?rest_route=\/wp\/v2\/media\/15397"}],"wp:attachment":[{"href":"http:\/\/delikatesy.wineport.pl\/index.php?rest_route=%2Fwp%2Fv2%2Fmedia&parent=15398"}],"wp:term":[{"taxonomy":"product_cat","embeddable":true,"href":"http:\/\/delikatesy.wineport.pl\/index.php?rest_route=%2Fwp%2Fv2%2Fproduct_cat&post=15398"},{"taxonomy":"product_tag","embeddable":true,"href":"http:\/\/delikatesy.wineport.pl\/index.php?rest_route=%2Fwp%2Fv2%2Fproduct_tag&post=15398"}],"curies":[{"name":"wp","href":"https:\/\/api.w.org\/{rel}","templated":true}]}}