{"id":15402,"date":"2024-03-14T14:13:35","date_gmt":"2024-03-14T13:13:35","guid":{"rendered":"http:\/\/delikatesy.wineport.pl\/?product=syrop-lubczyk-naturalna-przyprawa-manufaktura-cielesnica"},"modified":"2026-05-10T19:29:19","modified_gmt":"2026-05-10T17:29:19","slug":"syrop-lubczyk-naturalna-przyprawa-manufaktura-cielesnica","status":"publish","type":"product","link":"http:\/\/delikatesy.wineport.pl\/?product=syrop-lubczyk-naturalna-przyprawa-manufaktura-cielesnica","title":{"rendered":"Syrop Lubczyk &#8211; Naturalna Przyprawa MANUFAKTURA CIELE\u015aNICA"},"content":{"rendered":"<p style=\"font-family: &quot;;\">Syrop Lubczyk &#8211; Naturalna Przyprawa<\/p>\n<p style=\"font-family: &quot;;\">Aromatyczna przyprawa z sol\u0105 himalajsk\u0105, kt\u00f3r\u0105 pokochasz w swojej kuchni!<\/p>\n<p style=\"font-family: &quot;;\">Pojemno\u015b\u0107: 230ml<\/p>\n<p style=\"font-family: &quot;;\">Sk\u0142adniki: 38% ekstrakt z lubczyku, 30% woda, ekstrakt z li\u015bcia laurowego i ziela angielskiego, s\u00f3l himalajska, cukier trzcinowy, ocet jab\u0142kowy, przyprawy, czosnek.<\/p>\n<p style=\"font-family: &quot;;\">Warto\u015b\u0107 od\u017cywcza w 100g produktu: warto\u015b\u0107 energetyczna: 100kJ\/ 24 kcal, t\u0142uszcz: 0 g, w tym kwasy t\u0142uszczowe nasycone: 0 g, w\u0119glowodany: 5,8 g, w tym cukry: 5,8 g, b\u0142onnik: 0 g, bia\u0142ko: 0 g, s\u00f3l: 6,1 g.<\/p>\n","protected":false},"excerpt":{"rendered":"<p style=\"font-family: &quot;;\">Syrop Lubczyk &#8211; Naturalna Przyprawa<\/p>\n<p style=\"font-family: &quot;;\">Aromatyczna przyprawa z sol\u0105 himalajsk\u0105, kt\u00f3r\u0105 pokochasz w swojej kuchni!<\/p>\n<p style=\"font-family: &quot;;\">Pojemno\u015b\u0107: 230ml<\/p>\n<p style=\"font-family: &quot;;\">Sk\u0142adniki: 38% ekstrakt z lubczyku, 30% woda, ekstrakt z li\u015bcia laurowego i ziela angielskiego, s\u00f3l himalajska, cukier trzcinowy, ocet jab\u0142kowy, przyprawy, czosnek.<\/p>\n<p style=\"font-family: &quot;;\">Warto\u015b\u0107 od\u017cywcza w 100g produktu: warto\u015b\u0107 energetyczna: 100kJ\/ 24 kcal, t\u0142uszcz: 0 g, w tym kwasy t\u0142uszczowe nasycone: 0 g, w\u0119glowodany: 5,8 g, w tym cukry: 5,8 g, b\u0142onnik: 0 g, bia\u0142ko: 0 g, s\u00f3l: 6,1 g.<\/p>\n","protected":false},"featured_media":15401,"comment_status":"open","ping_status":"closed","template":"","meta":[],"product_cat":[173,174],"product_tag":[],"class_list":{"0":"post-15402","1":"product","2":"type-product","3":"status-publish","4":"has-post-thumbnail","6":"product_cat-artykuly-delikatesowe","7":"product_cat-syropy","9":"first","10":"instock","11":"shipping-taxable","12":"purchasable","13":"product-type-simple"},"_links":{"self":[{"href":"http:\/\/delikatesy.wineport.pl\/index.php?rest_route=\/wp\/v2\/product\/15402","targetHints":{"allow":["GET"]}}],"collection":[{"href":"http:\/\/delikatesy.wineport.pl\/index.php?rest_route=\/wp\/v2\/product"}],"about":[{"href":"http:\/\/delikatesy.wineport.pl\/index.php?rest_route=\/wp\/v2\/types\/product"}],"replies":[{"embeddable":true,"href":"http:\/\/delikatesy.wineport.pl\/index.php?rest_route=%2Fwp%2Fv2%2Fcomments&post=15402"}],"wp:featuredmedia":[{"embeddable":true,"href":"http:\/\/delikatesy.wineport.pl\/index.php?rest_route=\/wp\/v2\/media\/15401"}],"wp:attachment":[{"href":"http:\/\/delikatesy.wineport.pl\/index.php?rest_route=%2Fwp%2Fv2%2Fmedia&parent=15402"}],"wp:term":[{"taxonomy":"product_cat","embeddable":true,"href":"http:\/\/delikatesy.wineport.pl\/index.php?rest_route=%2Fwp%2Fv2%2Fproduct_cat&post=15402"},{"taxonomy":"product_tag","embeddable":true,"href":"http:\/\/delikatesy.wineport.pl\/index.php?rest_route=%2Fwp%2Fv2%2Fproduct_tag&post=15402"}],"curies":[{"name":"wp","href":"https:\/\/api.w.org\/{rel}","templated":true}]}}