{"id":15406,"date":"2024-03-14T14:13:39","date_gmt":"2024-03-14T13:13:39","guid":{"rendered":"http:\/\/delikatesy.wineport.pl\/?product=syrop-owoc-czarnego-bzu-z-cytryna-na-miodzie-manufaktura-cielesnica"},"modified":"2026-05-10T19:29:21","modified_gmt":"2026-05-10T17:29:21","slug":"syrop-owoc-czarnego-bzu-z-cytryna-na-miodzie-manufaktura-cielesnica","status":"publish","type":"product","link":"http:\/\/delikatesy.wineport.pl\/?product=syrop-owoc-czarnego-bzu-z-cytryna-na-miodzie-manufaktura-cielesnica","title":{"rendered":"Syrop Owoc Czarnego Bzu z Cytryn\u0105 &#8211; na miodzie MANUFAKTURA CIELE\u015aNICA"},"content":{"rendered":"<p style=\"font-family: &quot;;\">Produkt wytwarzany tradycyjnie.<\/p>\n<p style=\"font-family: &quot;;\">\u00a0<\/p>\n<p style=\"font-family: &quot;;\">Nowa ulepszona receptura.<\/p>\n<p style=\"font-family: &quot;;\">Sk\u0142adniki: 64% owoce czarnego bzu &#8211; sok t\u0142oczony, 32% mi\u00f3d naturalny, 4% sok z cytryny, sk\u00f3ra cytrynowa.\u00a0<\/p>\n<p style=\"font-family: &quot;;\">Warto\u015b\u0107 od\u017cywcza 100g produktu: warto\u015b\u0107 energetyczna: 631 kJ\/ 149 kcal, t\u0142uszcz: 0 g, w tym kwasy t\u0142uszczowe nasycone: 0 g, w\u0119glowodany: 35 g, w tym cukry: 13 g, b\u0142onnik: 2,2 g, bia\u0142ko: 0,8 g, s\u00f3l: 0,03 g.<\/p>\n<p style=\"font-family: &quot;;\">Co wa\u017cne, nasze syropy nie zawieraj\u0105 syropu glukozowego.<\/p>\n","protected":false},"excerpt":{"rendered":"<p style=\"font-family: &quot;;\">Produkt wytwarzany tradycyjnie.<\/p>\n<p style=\"font-family: &quot;;\">\u00a0<\/p>\n<p style=\"font-family: &quot;;\">Nowa ulepszona receptura.<\/p>\n<p style=\"font-family: &quot;;\">Sk\u0142adniki: 64% owoce czarnego bzu &#8211; sok t\u0142oczony, 32% mi\u00f3d naturalny, 4% sok z cytryny, sk\u00f3ra cytrynowa.\u00a0<\/p>\n<p style=\"font-family: &quot;;\">Warto\u015b\u0107 od\u017cywcza 100g produktu: warto\u015b\u0107 energetyczna: 631 kJ\/ 149 kcal, t\u0142uszcz: 0 g, w tym kwasy t\u0142uszczowe nasycone: 0 g, w\u0119glowodany: 35 g, w tym cukry: 13 g, b\u0142onnik: 2,2 g, bia\u0142ko: 0,8 g, s\u00f3l: 0,03 g.<\/p>\n<p style=\"font-family: &quot;;\">Co wa\u017cne, nasze syropy nie zawieraj\u0105 syropu glukozowego.<\/p>\n","protected":false},"featured_media":15405,"comment_status":"open","ping_status":"closed","template":"","meta":[],"product_cat":[173,174],"product_tag":[],"class_list":{"0":"post-15406","1":"product","2":"type-product","3":"status-publish","4":"has-post-thumbnail","6":"product_cat-artykuly-delikatesowe","7":"product_cat-syropy","9":"first","10":"instock","11":"shipping-taxable","12":"purchasable","13":"product-type-simple"},"_links":{"self":[{"href":"http:\/\/delikatesy.wineport.pl\/index.php?rest_route=\/wp\/v2\/product\/15406","targetHints":{"allow":["GET"]}}],"collection":[{"href":"http:\/\/delikatesy.wineport.pl\/index.php?rest_route=\/wp\/v2\/product"}],"about":[{"href":"http:\/\/delikatesy.wineport.pl\/index.php?rest_route=\/wp\/v2\/types\/product"}],"replies":[{"embeddable":true,"href":"http:\/\/delikatesy.wineport.pl\/index.php?rest_route=%2Fwp%2Fv2%2Fcomments&post=15406"}],"wp:featuredmedia":[{"embeddable":true,"href":"http:\/\/delikatesy.wineport.pl\/index.php?rest_route=\/wp\/v2\/media\/15405"}],"wp:attachment":[{"href":"http:\/\/delikatesy.wineport.pl\/index.php?rest_route=%2Fwp%2Fv2%2Fmedia&parent=15406"}],"wp:term":[{"taxonomy":"product_cat","embeddable":true,"href":"http:\/\/delikatesy.wineport.pl\/index.php?rest_route=%2Fwp%2Fv2%2Fproduct_cat&post=15406"},{"taxonomy":"product_tag","embeddable":true,"href":"http:\/\/delikatesy.wineport.pl\/index.php?rest_route=%2Fwp%2Fv2%2Fproduct_tag&post=15406"}],"curies":[{"name":"wp","href":"https:\/\/api.w.org\/{rel}","templated":true}]}}