{"id":15412,"date":"2024-03-14T14:13:45","date_gmt":"2024-03-14T13:13:45","guid":{"rendered":"http:\/\/delikatesy.wineport.pl\/?product=syrop-wisniowy-z-kwiatem-czeremchy-manufaktura-cielesnica"},"modified":"2026-05-10T19:30:06","modified_gmt":"2026-05-10T17:30:06","slug":"syrop-wisniowy-z-kwiatem-czeremchy-manufaktura-cielesnica","status":"publish","type":"product","link":"http:\/\/delikatesy.wineport.pl\/?product=syrop-wisniowy-z-kwiatem-czeremchy-manufaktura-cielesnica","title":{"rendered":"Syrop Wi\u015bniowy z Kwiatem Czeremchy MANUFAKTURA CIELE\u015aNICA"},"content":{"rendered":"<p style=\"font-family: &quot;;\">Syrop Wi\u015bniowy z Czeremch\u0105 &#8211; na miodzie &#8211; bez cukru<\/p>\n<p style=\"font-family: &quot;;\">Sk\u0142adniki: 65% sok wi\u015bniowy, 32% mi\u00f3d nektarowy wielokwiatowy, 2% napar z kwiatu czeremchy, sok z czeremchy, kwas askorbinowy (przeciwutleniacz)<\/p>\n<p style=\"font-family: &quot;;\">Warto\u015b\u0107 od\u017cywcza 100g produktu: warto\u015b\u0107 energetyczna: 714kJ\/ 168kcal, t\u0142uszcz: 0g, w tym kwasy t\u0142uszczowe nasycone: 0g, w\u0119glowodany: 41g, w tym cukry: 37g, bia\u0142ko: 0,5g, s\u00f3l: 0,01g.<\/p>\n<p style=\"font-family: &quot;;\">Minimalna pojemno\u015b\u0107 netto: 230ml<\/p>\n<p style=\"font-family: &quot;;\">Smacznego!<\/p>\n<p style=\"font-family: &quot;;\">Produkt wytwarzany tradycyjnie.<\/p>\n","protected":false},"excerpt":{"rendered":"<p style=\"font-family: &quot;;\">Syrop Wi\u015bniowy z Czeremch\u0105 &#8211; na miodzie &#8211; bez cukru<\/p>\n<p style=\"font-family: &quot;;\">Sk\u0142adniki: 65% sok wi\u015bniowy, 32% mi\u00f3d nektarowy wielokwiatowy, 2% napar z kwiatu czeremchy, sok z czeremchy, kwas askorbinowy (przeciwutleniacz)<\/p>\n<p style=\"font-family: &quot;;\">Warto\u015b\u0107 od\u017cywcza 100g produktu: warto\u015b\u0107 energetyczna: 714kJ\/ 168kcal, t\u0142uszcz: 0g, w tym kwasy t\u0142uszczowe nasycone: 0g, w\u0119glowodany: 41g, w tym cukry: 37g, bia\u0142ko: 0,5g, s\u00f3l: 0,01g.<\/p>\n<p style=\"font-family: &quot;;\">Minimalna pojemno\u015b\u0107 netto: 230ml<\/p>\n<p style=\"font-family: &quot;;\">Smacznego!<\/p>\n<p style=\"font-family: &quot;;\">Produkt wytwarzany tradycyjnie.<\/p>\n","protected":false},"featured_media":15411,"comment_status":"open","ping_status":"closed","template":"","meta":[],"product_cat":[173,174],"product_tag":[],"class_list":{"0":"post-15412","1":"product","2":"type-product","3":"status-publish","4":"has-post-thumbnail","6":"product_cat-artykuly-delikatesowe","7":"product_cat-syropy","9":"first","10":"instock","11":"shipping-taxable","12":"purchasable","13":"product-type-simple"},"_links":{"self":[{"href":"http:\/\/delikatesy.wineport.pl\/index.php?rest_route=\/wp\/v2\/product\/15412","targetHints":{"allow":["GET"]}}],"collection":[{"href":"http:\/\/delikatesy.wineport.pl\/index.php?rest_route=\/wp\/v2\/product"}],"about":[{"href":"http:\/\/delikatesy.wineport.pl\/index.php?rest_route=\/wp\/v2\/types\/product"}],"replies":[{"embeddable":true,"href":"http:\/\/delikatesy.wineport.pl\/index.php?rest_route=%2Fwp%2Fv2%2Fcomments&post=15412"}],"wp:featuredmedia":[{"embeddable":true,"href":"http:\/\/delikatesy.wineport.pl\/index.php?rest_route=\/wp\/v2\/media\/15411"}],"wp:attachment":[{"href":"http:\/\/delikatesy.wineport.pl\/index.php?rest_route=%2Fwp%2Fv2%2Fmedia&parent=15412"}],"wp:term":[{"taxonomy":"product_cat","embeddable":true,"href":"http:\/\/delikatesy.wineport.pl\/index.php?rest_route=%2Fwp%2Fv2%2Fproduct_cat&post=15412"},{"taxonomy":"product_tag","embeddable":true,"href":"http:\/\/delikatesy.wineport.pl\/index.php?rest_route=%2Fwp%2Fv2%2Fproduct_tag&post=15412"}],"curies":[{"name":"wp","href":"https:\/\/api.w.org\/{rel}","templated":true}]}}