{"id":15414,"date":"2024-03-14T14:13:47","date_gmt":"2024-03-14T13:13:47","guid":{"rendered":"http:\/\/delikatesy.wineport.pl\/?product=syrop-z-czarnej-porzeczki-z-imbirem-i-limonka-manufaktura-cielesnica"},"modified":"2026-05-10T19:30:06","modified_gmt":"2026-05-10T17:30:06","slug":"syrop-z-czarnej-porzeczki-z-imbirem-i-limonka-manufaktura-cielesnica","status":"publish","type":"product","link":"http:\/\/delikatesy.wineport.pl\/?product=syrop-z-czarnej-porzeczki-z-imbirem-i-limonka-manufaktura-cielesnica","title":{"rendered":"Syrop z Czarnej Porzeczki z Imbirem i Limonk\u0105 MANUFAKTURA CIELE\u015aNICA"},"content":{"rendered":"<p style=\"font-family: &quot;;\">Porzeczka z Imbirem i Limonk\u0105 &#8211; Syrop &#8211;<\/p>\n<p style=\"font-family: &quot;;\">Sk\u0142adniki: 71% czarna porzeczka, 26%cukier trzcinowy, 1% imbir \u015bwie\u017cy, 0,19% sok z limonki, sok i sk\u00f3rka z cytryny<\/p>\n<p style=\"font-family: &quot;;\">Warto\u015b\u0107 od\u017cywcza 100g produktu: warto\u015b\u0107 energetyczna: 517 kJ\/135 kcal, t\u0142uszcz: 0 g, w tym kwasy t\u0142uszczowe nasycone: 0 g, w\u0119glowodany: 30 g, w tym cukry: 29 g, b\u0142onnik: 5,6 g, bia\u0142ko: 1,1 g, s\u00f3l: 0,06 g<\/p>\n<p style=\"font-family: &quot;;\">Minimalna pojemno\u015b\u0107 netto: 230ml<\/p>\n","protected":false},"excerpt":{"rendered":"<p style=\"font-family: &quot;;\">Porzeczka z Imbirem i Limonk\u0105 &#8211; Syrop &#8211;<\/p>\n<p style=\"font-family: &quot;;\">Sk\u0142adniki: 71% czarna porzeczka, 26%cukier trzcinowy, 1% imbir \u015bwie\u017cy, 0,19% sok z limonki, sok i sk\u00f3rka z cytryny<\/p>\n<p style=\"font-family: &quot;;\">Warto\u015b\u0107 od\u017cywcza 100g produktu: warto\u015b\u0107 energetyczna: 517 kJ\/135 kcal, t\u0142uszcz: 0 g, w tym kwasy t\u0142uszczowe nasycone: 0 g, w\u0119glowodany: 30 g, w tym cukry: 29 g, b\u0142onnik: 5,6 g, bia\u0142ko: 1,1 g, s\u00f3l: 0,06 g<\/p>\n<p style=\"font-family: &quot;;\">Minimalna pojemno\u015b\u0107 netto: 230ml<\/p>\n","protected":false},"featured_media":15413,"comment_status":"open","ping_status":"closed","template":"","meta":[],"product_cat":[173,174],"product_tag":[],"class_list":{"0":"post-15414","1":"product","2":"type-product","3":"status-publish","4":"has-post-thumbnail","6":"product_cat-artykuly-delikatesowe","7":"product_cat-syropy","9":"first","10":"instock","11":"shipping-taxable","12":"purchasable","13":"product-type-simple"},"_links":{"self":[{"href":"http:\/\/delikatesy.wineport.pl\/index.php?rest_route=\/wp\/v2\/product\/15414","targetHints":{"allow":["GET"]}}],"collection":[{"href":"http:\/\/delikatesy.wineport.pl\/index.php?rest_route=\/wp\/v2\/product"}],"about":[{"href":"http:\/\/delikatesy.wineport.pl\/index.php?rest_route=\/wp\/v2\/types\/product"}],"replies":[{"embeddable":true,"href":"http:\/\/delikatesy.wineport.pl\/index.php?rest_route=%2Fwp%2Fv2%2Fcomments&post=15414"}],"wp:featuredmedia":[{"embeddable":true,"href":"http:\/\/delikatesy.wineport.pl\/index.php?rest_route=\/wp\/v2\/media\/15413"}],"wp:attachment":[{"href":"http:\/\/delikatesy.wineport.pl\/index.php?rest_route=%2Fwp%2Fv2%2Fmedia&parent=15414"}],"wp:term":[{"taxonomy":"product_cat","embeddable":true,"href":"http:\/\/delikatesy.wineport.pl\/index.php?rest_route=%2Fwp%2Fv2%2Fproduct_cat&post=15414"},{"taxonomy":"product_tag","embeddable":true,"href":"http:\/\/delikatesy.wineport.pl\/index.php?rest_route=%2Fwp%2Fv2%2Fproduct_tag&post=15414"}],"curies":[{"name":"wp","href":"https:\/\/api.w.org\/{rel}","templated":true}]}}