{"id":15476,"date":"2024-03-14T14:14:46","date_gmt":"2024-03-14T13:14:46","guid":{"rendered":"http:\/\/delikatesy.wineport.pl\/?product=brandy-torres-10-07l-38"},"modified":"2026-05-10T19:31:05","modified_gmt":"2026-05-10T17:31:05","slug":"brandy-torres-10-07l-38","status":"publish","type":"product","link":"http:\/\/delikatesy.wineport.pl\/?product=brandy-torres-10-07l-38","title":{"rendered":"Brandy Torres 10 0,7L 38%"},"content":{"rendered":"<div class=\"tab-container\" style=\"font-family: Montserrat, sans-serif;\">\n<div class=\"product-tabs\">\n<div class=\"product-tab\" data-tab=\"box_description\">\n<div class=\"innerbox\">\n<div class=\"resetcss\">\n<p><span style=\"color: #ff0000;\">UWAGA!!! NIE WYSY\u0141AMY ALKOHOLU KURIEREM W PRZYPADKU ZAM\u00d3WIE\u0143 OD OS\u00d3B PRYWATNYCH, TYLKO ODBI\u00d3R OSOBISTY NA UL. \u015aW. STANIS\u0141AWA 12 W WARSZAWIE!!! W przypadku op\u0142acenia zam\u00f3wienia alkoholu z wysy\u0142k\u0105, przy zwrocie pieni\u0119dzy zostanie potr\u0105cona prowizja\u00a0<\/span><strong style=\"color: #ff0000;\">DOTPAY<\/strong><span style=\"color: #ff0000;\">!<\/span><\/p>\n<p>Brandy Torres pochodzi z winnic wielkiej rodziny winiarskiej, zajmuj\u0105cej si\u0119 wyrobem alkoholi od lat 70. XIX wieku. Produkcj\u0119 brandy rozpocz\u0105\u0142 w 1928 roku Joan Torres Casals, a jego wysi\u0142ki okaza\u0142y si\u0119 na tyle dynamiczne i owocne, \u017ce sygnowany jego nazwiskiem produkt otrzyma\u0142 kilka nagr\u00f3d ju\u017c podczas wielkiej wystawy \u015bwiatowej w 1929 roku w Barcelonie. Wsp\u00f3\u0142cze\u015bnie w wielu miejscach na \u015bwiecie marka Torres uchodzi za synonim dobrej, sprawdzonej brandy.<\/p>\n<p>Torres\u00a010 to po\u0142\u0105czenie destylat\u00f3w win bia\u0142ych, produkowanych wy\u0142\u0105cznie z katalo\u0144skich odmian winogron: macabeu, parellady i xarel-lo. Brandy\u00a0dojrzewa w oparciu o tradycyjn\u0105 metod\u0119\u00a0solera w wysokiej jako\u015bci beczkach z ameryka\u0144skiego d\u0119bu. Staranna selekcja owoc\u00f3w, opanowana do perfekcji sztuka destylacji oraz d\u0142ugi, co najmniej 10-letni cykl dojrzewania pozwalaj\u0105 stworzy\u0107 trunek o intensywnym aromacie i zdecydowanym smaku, \u0142\u0105cz\u0105cym w sobie niuanse czarnej kawy, czekolady, suszonych owoc\u00f3w\u00a0i przypraw korzennych i s\u0142odkiej wanilii.\u00a0Brandy d\u0142ugo pozostaje na podniebieniu, ujawniaj\u0105c stopniowo bogate odcienie d\u0119bu.<\/p>\n<p>\u00a0<\/p>\n<\/p><\/div>\n<\/p><\/div>\n<\/p><\/div>\n<\/p><\/div>\n<\/p><\/div>\n<div style=\"font-family: Montserrat, sans-serif;\" data-boxes-side=\"2\">\u00a0<\/div>\n","protected":false},"excerpt":{"rendered":"<div class=\"tab-container\" style=\"font-family: Montserrat, sans-serif;\">\n<div class=\"product-tabs\">\n<div class=\"product-tab\" data-tab=\"box_description\">\n<div class=\"innerbox\">\n<div class=\"resetcss\">\n<p>Brandy Torres pochodzi z winnic wielkiej rodziny winiarskiej, zajmuj\u0105cej si\u0119 wyrobem alkoholi od lat 70. XIX wieku. Produkcj\u0119 brandy rozpocz\u0105\u0142 w 1928 roku Joan Torres Casals, a jego wysi\u0142ki okaza\u0142y si\u0119 na tyle dynamiczne i owocne, \u017ce sygnowany jego nazwiskiem produkt otrzyma\u0142 kilka nagr\u00f3d ju\u017c podczas wielkiej wystawy \u015bwiatowej w 1929 roku w Barcelonie. Wsp\u00f3\u0142cze\u015bnie w wielu miejscach na \u015bwiecie marka Torres uchodzi za synonim dobrej, sprawdzonej brandy.<\/p>\n<p>Torres\u00a010 to po\u0142\u0105czenie destylat\u00f3w win bia\u0142ych, produkowanych wy\u0142\u0105cznie z katalo\u0144skich odmian winogron: macabeu, parellady i xarel-lo. Brandy\u00a0dojrzewa w oparciu o tradycyjn\u0105 metod\u0119\u00a0solera w wysokiej jako\u015bci beczkach z ameryka\u0144skiego d\u0119bu. Staranna selekcja owoc\u00f3w, opanowana do perfekcji sztuka destylacji oraz d\u0142ugi, co najmniej 10-letni cykl dojrzewania pozwalaj\u0105 stworzy\u0107 trunek o intensywnym aromacie i zdecydowanym smaku, \u0142\u0105cz\u0105cym w sobie niuanse czarnej kawy, czekolady, suszonych owoc\u00f3w\u00a0i przypraw korzennych i s\u0142odkiej wanilii.\u00a0Brandy d\u0142ugo pozostaje na podniebieniu, ujawniaj\u0105c stopniowo bogate odcienie d\u0119bu.<\/p>\n<p>\u00a0<\/p>\n<\/p><\/div>\n<\/p><\/div>\n<\/p><\/div>\n<\/p><\/div>\n<\/p><\/div>\n<div style=\"font-family: Montserrat, sans-serif;\" data-boxes-side=\"2\">\u00a0<\/div>\n","protected":false},"featured_media":15475,"comment_status":"open","ping_status":"closed","template":"","meta":[],"product_cat":[142,146,145,151],"product_tag":[],"class_list":{"0":"post-15476","1":"product","2":"type-product","3":"status-publish","4":"has-post-thumbnail","6":"product_cat-alkohole-mocne","7":"product_cat-armagnac-i-brandy","8":"product_cat-cognac","9":"product_cat-hiszpania-armagnac-i-brandy","11":"first","12":"instock","13":"shipping-taxable","14":"purchasable","15":"product-type-simple"},"_links":{"self":[{"href":"http:\/\/delikatesy.wineport.pl\/index.php?rest_route=\/wp\/v2\/product\/15476","targetHints":{"allow":["GET"]}}],"collection":[{"href":"http:\/\/delikatesy.wineport.pl\/index.php?rest_route=\/wp\/v2\/product"}],"about":[{"href":"http:\/\/delikatesy.wineport.pl\/index.php?rest_route=\/wp\/v2\/types\/product"}],"replies":[{"embeddable":true,"href":"http:\/\/delikatesy.wineport.pl\/index.php?rest_route=%2Fwp%2Fv2%2Fcomments&post=15476"}],"wp:featuredmedia":[{"embeddable":true,"href":"http:\/\/delikatesy.wineport.pl\/index.php?rest_route=\/wp\/v2\/media\/15475"}],"wp:attachment":[{"href":"http:\/\/delikatesy.wineport.pl\/index.php?rest_route=%2Fwp%2Fv2%2Fmedia&parent=15476"}],"wp:term":[{"taxonomy":"product_cat","embeddable":true,"href":"http:\/\/delikatesy.wineport.pl\/index.php?rest_route=%2Fwp%2Fv2%2Fproduct_cat&post=15476"},{"taxonomy":"product_tag","embeddable":true,"href":"http:\/\/delikatesy.wineport.pl\/index.php?rest_route=%2Fwp%2Fv2%2Fproduct_tag&post=15476"}],"curies":[{"name":"wp","href":"https:\/\/api.w.org\/{rel}","templated":true}]}}