{"id":15478,"date":"2024-03-14T14:14:47","date_gmt":"2024-03-14T13:14:47","guid":{"rendered":"http:\/\/delikatesy.wineport.pl\/?product=brandy-torres-15-07l-40-w-opakowaniu"},"modified":"2026-05-10T19:31:05","modified_gmt":"2026-05-10T17:31:05","slug":"brandy-torres-15-07l-40-w-opakowaniu","status":"publish","type":"product","link":"http:\/\/delikatesy.wineport.pl\/?product=brandy-torres-15-07l-40-w-opakowaniu","title":{"rendered":"Brandy Torres 15 0,7L 40% w opakowaniu"},"content":{"rendered":"<p><span style=\"font-family: lidl-font, &quot; background-color: #f7f7f7;\"><span style=\"color: #ff0000;\">UWAGA!!! NIE WYSY\u0141AMY ALKOHOLU KURIEREM W PRZYPADKU ZAM\u00d3WIE\u0143 OD OS\u00d3B PRYWATNYCH, TYLKO ODBI\u00d3R OSOBISTY NA UL. \u015aW. STANIS\u0141AWA 12 W WARSZAWIE!!! W przypadku op\u0142acenia zam\u00f3wienia alkoholu z wysy\u0142k\u0105, przy zwrocie pieni\u0119dzy zostanie potr\u0105cona prowizja\u00a0<\/span><strong style=\"color: #ff0000;\">DOTPAY<\/strong><span style=\"color: #ff0000;\">!<\/span><\/span><\/p>\n<p><span style=\"font-family: lidl-font, &quot; background-color: #f7f7f7;\">Brandy Torres 15 jest ho\u0142dem z\u0142o\u017conym Miquelowi Torres Carb\u00f3, kt\u00f3ry jako m\u0142ody cz\u0142owiek odbudowa\u0142 rodzinn\u0105 winnice po bombardowaniu z czasu wojny domowej w Hiszpanii z 1939 r.<\/span><br style=\"font-family: lidl-font, &quot; background-color: #f7f7f7;\" \/><span style=\"font-family: lidl-font, &quot; background-color: #f7f7f7;\">Trunek tradycyjnie destylowany z bia\u0142ego wina, a nast\u0119pnie dojrzewaj\u0105cy w beczkach z ameryka\u0144skiego d\u0119bu. Intensywny, elegancki i zr\u00f3\u017cnicowany aromat z przewag\u0105 nut dymnych, kt\u00f3re rozwijaj\u0105 si\u0119 w cedrowe aromaty.<\/span><\/p>\n","protected":false},"excerpt":{"rendered":"<p><span style=\"font-family: lidl-font, &quot; background-color: #f7f7f7;\">Brandy Torres 15 jest ho\u0142dem z\u0142o\u017conym Miquelowi Torres Carb\u00f3, kt\u00f3ry jako m\u0142ody cz\u0142owiek odbudowa\u0142 rodzinn\u0105 winnice po bombardowaniu z czasu wojny domowej w Hiszpanii z 1939 r.<\/span><br style=\"font-family: lidl-font, &quot; background-color: #f7f7f7;\" \/><span style=\"font-family: lidl-font, &quot; background-color: #f7f7f7;\">Trunek tradycyjnie destylowany z bia\u0142ego wina, a nast\u0119pnie dojrzewaj\u0105cy w beczkach z ameryka\u0144skiego d\u0119bu. Intensywny, elegancki i zr\u00f3\u017cnicowany aromat z przewag\u0105 nut dymnych, kt\u00f3re rozwijaj\u0105 si\u0119 w cedrowe aromaty.<\/span><\/p>\n","protected":false},"featured_media":15477,"comment_status":"open","ping_status":"closed","template":"","meta":[],"product_cat":[142,146,145,151],"product_tag":[],"class_list":{"0":"post-15478","1":"product","2":"type-product","3":"status-publish","4":"has-post-thumbnail","6":"product_cat-alkohole-mocne","7":"product_cat-armagnac-i-brandy","8":"product_cat-cognac","9":"product_cat-hiszpania-armagnac-i-brandy","11":"first","12":"instock","13":"shipping-taxable","14":"purchasable","15":"product-type-simple"},"_links":{"self":[{"href":"http:\/\/delikatesy.wineport.pl\/index.php?rest_route=\/wp\/v2\/product\/15478","targetHints":{"allow":["GET"]}}],"collection":[{"href":"http:\/\/delikatesy.wineport.pl\/index.php?rest_route=\/wp\/v2\/product"}],"about":[{"href":"http:\/\/delikatesy.wineport.pl\/index.php?rest_route=\/wp\/v2\/types\/product"}],"replies":[{"embeddable":true,"href":"http:\/\/delikatesy.wineport.pl\/index.php?rest_route=%2Fwp%2Fv2%2Fcomments&post=15478"}],"wp:featuredmedia":[{"embeddable":true,"href":"http:\/\/delikatesy.wineport.pl\/index.php?rest_route=\/wp\/v2\/media\/15477"}],"wp:attachment":[{"href":"http:\/\/delikatesy.wineport.pl\/index.php?rest_route=%2Fwp%2Fv2%2Fmedia&parent=15478"}],"wp:term":[{"taxonomy":"product_cat","embeddable":true,"href":"http:\/\/delikatesy.wineport.pl\/index.php?rest_route=%2Fwp%2Fv2%2Fproduct_cat&post=15478"},{"taxonomy":"product_tag","embeddable":true,"href":"http:\/\/delikatesy.wineport.pl\/index.php?rest_route=%2Fwp%2Fv2%2Fproduct_tag&post=15478"}],"curies":[{"name":"wp","href":"https:\/\/api.w.org\/{rel}","templated":true}]}}