{"id":15490,"date":"2024-03-14T14:14:52","date_gmt":"2024-03-14T13:14:52","guid":{"rendered":"http:\/\/delikatesy.wineport.pl\/?product=suau-15-letnia-07"},"modified":"2026-05-10T19:31:06","modified_gmt":"2026-05-10T17:31:06","slug":"suau-15-letnia-07","status":"publish","type":"product","link":"http:\/\/delikatesy.wineport.pl\/?product=suau-15-letnia-07","title":{"rendered":"Suau 15 letnia 0,7"},"content":{"rendered":"<p style=\"font-size: 1.1em !important; font-family: latoM;\"><span style=\"color: #ff0000;\">UWAGA!!! NIE WYSY\u0141AMY ALKOHOLU KURIEREM W PRZYPADKU ZAM\u00d3WIE\u0143 OD OS\u00d3B PRYWATNYCH, TYLKO ODBI\u00d3R OSOBISTY NA UL. \u015aW. STANIS\u0141AWA 12 W WARSZAWIE!!! W przypadku op\u0142acenia zam\u00f3wienia alkoholu z wysy\u0142k\u0105, przy zwrocie pieni\u0119dzy zostanie potr\u0105cona prowizja\u00a0<\/span><strong style=\"color: #ff0000;\">DOTPAY<\/strong><span style=\"color: #ff0000;\">!<\/span><\/p>\n<p style=\"font-size: 1.1em !important; font-family: latoM;\">Brandy Suau produkowana jest w Bodega Suau, na Majorce, w okolicach Pont d&#8217;Inca, w gorzelni za\u0142o\u017conej w 1851 roku przez kapitana Juana Suau i Bennaser. Jest to brandy produkowana wed\u0142ug znanego, hiszpa\u0144skiego systemu &#8220;Solera&#8221;, zgodnie z miejscow\u0105 tradycj\u0105 od ponad 160 lat. Corocznie w Bodega Suau produkowana jest ograniczona ilo\u015b\u0107 30.000 butelek tej wy\u015bmienitej brandy.<\/p>\n<p style=\"font-size: 1.1em !important; font-family: latoM;\">Trunek le\u017cakuje 15 lat, w miejscowych piwnicach, w 225 litrowych beczkach, wykonanych z ameryka\u0144skiego d\u0119bu Limousin, kt\u00f3re nadaj\u0105 mu wspania\u0142ego z\u0142ocistego koloru i pe\u0142nego smaku. Podczas wieloletniego le\u017cakowania brandy odparowuje z beczek. Jej obj\u0119to\u015b\u0107 zmniejsza si\u0119 o ok.10%, jednak co roku beczki uzupe\u0142niane s\u0105 &#8220;\u015bwie\u017c\u0105&#8221; brandy, do pe\u0142nej obj\u0119to\u015bci 225 litr\u00f3w. Takie uzupe\u0142nianie odbywa si\u0119 przez 7 kolejnych lat. Na taki pracoch\u0142onny proces produkcji typu &#8220;solera&#8221; mo\u017ce sobie pozwoli\u0107 niewielu hiszpa\u0144skich producent\u00f3w.<\/p>\n<p style=\"font-size: 1.1em !important; font-family: latoM;\">Nast\u0119pnie beczki poddawane s\u0105 dalszemu le\u017cakowaniu a\u017c do osi\u0105gni\u0119cia po\u017c\u0105danego wieku, 15, 20, 25,30,40,50 i nawet 100 lat, a nast\u0119pnie s\u0105 butelkowane i w takich wersjach wprowadzane do sprzeda\u017cy.<\/p>\n","protected":false},"excerpt":{"rendered":"<p style=\"font-size: 1.1em !important; font-family: latoM;\">Brandy Suau produkowana jest w Bodega Suau, na Majorce, w okolicach Pont d&#8217;Inca, w gorzelni za\u0142o\u017conej w 1851 roku przez kapitana Juana Suau i Bennaser. Jest to brandy produkowana wed\u0142ug znanego, hiszpa\u0144skiego systemu &#8220;Solera&#8221;, zgodnie z miejscow\u0105 tradycj\u0105 od ponad 160 lat. Corocznie w Bodega Suau produkowana jest ograniczona ilo\u015b\u0107 30.000 butelek tej wy\u015bmienitej brandy.<\/p>\n<p style=\"font-size: 1.1em !important; font-family: latoM;\">Trunek le\u017cakuje 15 lat, w miejscowych piwnicach, w 225 litrowych beczkach, wykonanych z ameryka\u0144skiego d\u0119bu Limousin, kt\u00f3re nadaj\u0105 mu wspania\u0142ego z\u0142ocistego koloru i pe\u0142nego smaku. Podczas wieloletniego le\u017cakowania brandy odparowuje z beczek. Jej obj\u0119to\u015b\u0107 zmniejsza si\u0119 o ok.10%, jednak co roku beczki uzupe\u0142niane s\u0105 &#8220;\u015bwie\u017c\u0105&#8221; brandy, do pe\u0142nej obj\u0119to\u015bci 225 litr\u00f3w. Takie uzupe\u0142nianie odbywa si\u0119 przez 7 kolejnych lat. Na taki pracoch\u0142onny proces produkcji typu &#8220;solera&#8221; mo\u017ce sobie pozwoli\u0107 niewielu hiszpa\u0144skich producent\u00f3w.<\/p>\n<p style=\"font-size: 1.1em !important; font-family: latoM;\">Nast\u0119pnie beczki poddawane s\u0105 dalszemu le\u017cakowaniu a\u017c do osi\u0105gni\u0119cia po\u017c\u0105danego wieku, 15, 20, 25,30,40,50 i nawet 100 lat, a nast\u0119pnie s\u0105 butelkowane i w takich wersjach wprowadzane do sprzeda\u017cy.<\/p>\n","protected":false},"featured_media":15489,"comment_status":"open","ping_status":"closed","template":"","meta":[],"product_cat":[142,146,145,151],"product_tag":[],"class_list":{"0":"post-15490","1":"product","2":"type-product","3":"status-publish","4":"has-post-thumbnail","6":"product_cat-alkohole-mocne","7":"product_cat-armagnac-i-brandy","8":"product_cat-cognac","9":"product_cat-hiszpania-armagnac-i-brandy","11":"first","12":"instock","13":"shipping-taxable","14":"purchasable","15":"product-type-simple"},"_links":{"self":[{"href":"http:\/\/delikatesy.wineport.pl\/index.php?rest_route=\/wp\/v2\/product\/15490","targetHints":{"allow":["GET"]}}],"collection":[{"href":"http:\/\/delikatesy.wineport.pl\/index.php?rest_route=\/wp\/v2\/product"}],"about":[{"href":"http:\/\/delikatesy.wineport.pl\/index.php?rest_route=\/wp\/v2\/types\/product"}],"replies":[{"embeddable":true,"href":"http:\/\/delikatesy.wineport.pl\/index.php?rest_route=%2Fwp%2Fv2%2Fcomments&post=15490"}],"wp:featuredmedia":[{"embeddable":true,"href":"http:\/\/delikatesy.wineport.pl\/index.php?rest_route=\/wp\/v2\/media\/15489"}],"wp:attachment":[{"href":"http:\/\/delikatesy.wineport.pl\/index.php?rest_route=%2Fwp%2Fv2%2Fmedia&parent=15490"}],"wp:term":[{"taxonomy":"product_cat","embeddable":true,"href":"http:\/\/delikatesy.wineport.pl\/index.php?rest_route=%2Fwp%2Fv2%2Fproduct_cat&post=15490"},{"taxonomy":"product_tag","embeddable":true,"href":"http:\/\/delikatesy.wineport.pl\/index.php?rest_route=%2Fwp%2Fv2%2Fproduct_tag&post=15490"}],"curies":[{"name":"wp","href":"https:\/\/api.w.org\/{rel}","templated":true}]}}