{"id":15534,"date":"2024-03-14T14:15:12","date_gmt":"2024-03-14T13:15:12","guid":{"rendered":"http:\/\/delikatesy.wineport.pl\/?product=dq-vodka-1l-40"},"modified":"2026-05-10T19:32:02","modified_gmt":"2026-05-10T17:32:02","slug":"dq-vodka-1l-40","status":"publish","type":"product","link":"http:\/\/delikatesy.wineport.pl\/?product=dq-vodka-1l-40","title":{"rendered":"DQ Vodka 1L 40%"},"content":{"rendered":"<div style=\"font-family: &quot;;\">\n<p><span style=\"color: #ff0000; font-size: 16px; font-family: arial, helvetica, sans-serif;\">UWAGA!!! NIE WYSY\u0141AMY ALKOHOLU W PRZYPADKU ZAM\u00d3WIE\u0143 OD OS\u00d3B PRYWATNYCH, TYLKO ODBI\u00d3R OSOBISTY NA UL. \u015aW. STANIS\u0141AWA 12 W WARSZAWIE!!! W przypadku op\u0142acenia zam\u00f3wienia alkoholu z wysy\u0142k\u0105, przy zwrocie pieni\u0119dzy zostanie potr\u0105cona prowizja\u00a0DOTPAY!<\/span><\/p>\n<p><span style=\"color: #ff0000; font-size: 16px; font-family: arial, helvetica, sans-serif;\">\u00a0<\/span><\/p>\n<p>  DQ Imported Vodka\u00a0&#8211; szwedzka w\u00f3dka, kt\u00f3rej nazwa oznacza &#8220;Distilled Quality&#8221; czyli &#8220;Destylowan\u0105 Jako\u015b\u0107&#8221;. Wytwarzana jest z ozimej pszenicy pochodz\u0105cej z lokalnych, ekologicznych upraw oraz z polodowcowej wody \u017ar\u00f3dlanej z Malmk\u00f6ping, kt\u00f3ra dzi\u0119ki naturalnemu filtrowaniu nie odbiega czysto\u015bci\u0105 od wody sprzed kilku tysi\u0119cy lat.<\/p><\/div>\n<div style=\"font-family: &quot;;\">Niezwykle zaawansowany technologicznie proces destylacji odbywa si\u0119 w 4 kolumnach, a finalny produkt &#8211; spirytus o mocy 96,2% destylowany jest w sumie 250 (!) razy.<br \/>Dzi\u0119ki temu w\u00f3dka mo\u017ce by\u0107 filtrowana tylko raz, przez co utrzymuje naturalne walory pszenicy &#8211; s\u0142odkawy aromat z chlebow\u0105 nut\u0105, g\u0142adki, wyj\u0105tkowo delikatny smak i d\u0142ugo pozostaj\u0105cy s\u0142odkawy finisz.<\/div>\n<div style=\"font-family: &quot;;\">\u00a0<\/div>\n<h2 style=\"font-family: &quot;;\">Ekskluzywna butelka &#8211; DQ VODKA.<\/h2>\n<div style=\"font-family: &quot;;\">\u00a0<\/div>\n<div style=\"font-family: &quot;;\">Oryginalne opakowanie nie odbiega staranno\u015bci\u0105 wykonania od zawarto\u015bci &#8211; designerska butelka sk\u0142adana jest r\u0119cznie z 15 cz\u0119\u015bci, a jeden cz\u0142owiek jest w stanie z\u0142o\u017cy\u0107 zaledwie 4 butelki na godzin\u0119. W \u015brodku umieszczony jest aluminiowy pr\u0119t, kt\u00f3ry pomaga utrzyma\u0107 nisk\u0105 temperatur\u0119 trunku po wyj\u0119ciu z lod\u00f3wki.<br \/>DQ najlepiej serwowa\u0107 w czystej postaci na kostce lodu.<\/p>\n<p>DQ Vodka sta\u0142a si\u0119 prawdziwym, \u015bwiatowym hitem, szczeg\u00f3lnie w Stanach Zjednoczonych i mo\u017cna znale\u017a\u0107 j\u0105 w najbardziej ekskluzywnych klubach i barach Nowego Jorku czy Las Vegas.<\/p><\/div>\n<h2 style=\"font-family: &quot;;\">Nagrody i wyr\u00f3\u017cnienia:<\/h2>\n<div style=\"font-family: &quot;;\">2019 &#8211; 76 doroczny konkurs Wine &amp; Spirits Tasting Competition w Orlando na Florydzie &#8211; Srebrny Medal<br \/>2018 &#8211; 75 doroczny konkurs Wine &amp; Spirits Tasting Competition w Las Vegas &#8211; Podw\u00f3jny Z\u0142oty Medal<br \/>Scandinavia 2017 &#8211; Lux Magazine Award &#8211; Najlepszy producent w\u00f3dki<br \/>Warszawa 2013 &#8211; Luxury Brand Of The Year<\/div>\n","protected":false},"excerpt":{"rendered":"<div style=\"font-family: &quot;;\">DQ Imported Vodka\u00a0&#8211; szwedzka w\u00f3dka, kt\u00f3rej nazwa oznacza &#8220;Distilled Quality&#8221; czyli &#8220;Destylowan\u0105 Jako\u015b\u0107&#8221;. Wytwarzana jest z ozimej pszenicy pochodz\u0105cej z lokalnych, ekologicznych upraw oraz z polodowcowej wody \u017ar\u00f3dlanej z Malmk\u00f6ping, kt\u00f3ra dzi\u0119ki naturalnemu filtrowaniu nie odbiega czysto\u015bci\u0105 od wody sprzed kilku tysi\u0119cy lat.<\/div>\n<div style=\"font-family: &quot;;\">Niezwykle zaawansowany technologicznie proces destylacji odbywa si\u0119 w 4 kolumnach, a finalny produkt &#8211; spirytus o mocy 96,2% destylowany jest w sumie 250 (!) razy.<br \/>Dzi\u0119ki temu w\u00f3dka mo\u017ce by\u0107 filtrowana tylko raz, przez co utrzymuje naturalne walory pszenicy &#8211; s\u0142odkawy aromat z chlebow\u0105 nut\u0105, g\u0142adki, wyj\u0105tkowo delikatny smak i d\u0142ugo pozostaj\u0105cy s\u0142odkawy finisz.<\/div>\n<div style=\"font-family: &quot;;\">\u00a0<\/div>\n<h2 style=\"font-family: &quot;;\">Ekskluzywna butelka &#8211; DQ VODKA.<\/h2>\n<div style=\"font-family: &quot;;\">\u00a0<\/div>\n<div style=\"font-family: &quot;;\">Oryginalne opakowanie nie odbiega staranno\u015bci\u0105 wykonania od zawarto\u015bci &#8211; designerska butelka sk\u0142adana jest r\u0119cznie z 15 cz\u0119\u015bci, a jeden cz\u0142owiek jest w stanie z\u0142o\u017cy\u0107 zaledwie 4 butelki na godzin\u0119. W \u015brodku umieszczony jest aluminiowy pr\u0119t, kt\u00f3ry pomaga utrzyma\u0107 nisk\u0105 temperatur\u0119 trunku po wyj\u0119ciu z lod\u00f3wki.<br \/>DQ najlepiej serwowa\u0107 w czystej postaci na kostce lodu.<\/p>\n<p>DQ Vodka sta\u0142a si\u0119 prawdziwym, \u015bwiatowym hitem, szczeg\u00f3lnie w Stanach Zjednoczonych i mo\u017cna znale\u017a\u0107 j\u0105 w najbardziej ekskluzywnych klubach i barach Nowego Jorku czy Las Vegas.<\/p><\/div>\n<h2 style=\"font-family: &quot;;\">Nagrody i wyr\u00f3\u017cnienia:<\/h2>\n<div style=\"font-family: &quot;;\">2019 &#8211; 76 doroczny konkurs Wine &amp; Spirits Tasting Competition w Orlando na Florydzie &#8211; Srebrny Medal<br \/>2018 &#8211; 75 doroczny konkurs Wine &amp; Spirits Tasting Competition w Las Vegas &#8211; Podw\u00f3jny Z\u0142oty Medal<br \/>Scandinavia 2017 &#8211; Lux Magazine Award &#8211; Najlepszy producent w\u00f3dki<br \/>Warszawa 2013 &#8211; Luxury Brand Of The Year<\/div>\n","protected":false},"featured_media":15533,"comment_status":"open","ping_status":"closed","template":"","meta":[],"product_cat":[190,142],"product_tag":[],"class_list":{"0":"post-15534","1":"product","2":"type-product","3":"status-publish","4":"has-post-thumbnail","6":"product_cat-wodka","7":"product_cat-alkohole-mocne","9":"first","10":"instock","11":"shipping-taxable","12":"purchasable","13":"product-type-simple"},"_links":{"self":[{"href":"http:\/\/delikatesy.wineport.pl\/index.php?rest_route=\/wp\/v2\/product\/15534","targetHints":{"allow":["GET"]}}],"collection":[{"href":"http:\/\/delikatesy.wineport.pl\/index.php?rest_route=\/wp\/v2\/product"}],"about":[{"href":"http:\/\/delikatesy.wineport.pl\/index.php?rest_route=\/wp\/v2\/types\/product"}],"replies":[{"embeddable":true,"href":"http:\/\/delikatesy.wineport.pl\/index.php?rest_route=%2Fwp%2Fv2%2Fcomments&post=15534"}],"wp:featuredmedia":[{"embeddable":true,"href":"http:\/\/delikatesy.wineport.pl\/index.php?rest_route=\/wp\/v2\/media\/15533"}],"wp:attachment":[{"href":"http:\/\/delikatesy.wineport.pl\/index.php?rest_route=%2Fwp%2Fv2%2Fmedia&parent=15534"}],"wp:term":[{"taxonomy":"product_cat","embeddable":true,"href":"http:\/\/delikatesy.wineport.pl\/index.php?rest_route=%2Fwp%2Fv2%2Fproduct_cat&post=15534"},{"taxonomy":"product_tag","embeddable":true,"href":"http:\/\/delikatesy.wineport.pl\/index.php?rest_route=%2Fwp%2Fv2%2Fproduct_tag&post=15534"}],"curies":[{"name":"wp","href":"https:\/\/api.w.org\/{rel}","templated":true}]}}