{"id":15542,"date":"2024-03-14T14:15:21","date_gmt":"2024-03-14T13:15:21","guid":{"rendered":"http:\/\/delikatesy.wineport.pl\/?product=legend-of-kremlin-karton-czarny-07-40"},"modified":"2026-05-10T19:32:03","modified_gmt":"2026-05-10T17:32:03","slug":"legend-of-kremlin-karton-czarny-07-40","status":"publish","type":"product","link":"http:\/\/delikatesy.wineport.pl\/?product=legend-of-kremlin-karton-czarny-07-40","title":{"rendered":"Legend of Kremlin karton czarny 0,7 40%"},"content":{"rendered":"<div style=\"color: #5c5c5c; font-size: 12px; font-family: Arial, Tahoma, Verdana, sans-serif;\">\n<p><span style=\"color: #ff0000; font-size: 16px; font-family: arial, helvetica, sans-serif;\">UWAGA!!! NIE WYSY\u0141AMY ALKOHOLU W PRZYPADKU ZAM\u00d3WIE\u0143 OD OS\u00d3B PRYWATNYCH, TYLKO ODBI\u00d3R OSOBISTY NA UL. \u015aW. STANIS\u0141AWA 12 W WARSZAWIE!!! W przypadku op\u0142acenia zam\u00f3wienia alkoholu z wysy\u0142k\u0105, przy zwrocie pieni\u0119dzy zostanie potr\u0105cona prowizja\u00a0DOTPAY!<\/span><\/p>\n<p><span style=\"color: #ff0000; font-size: 16px; font-family: arial, helvetica, sans-serif;\">\u00a0<\/span><\/p>\n<p>  W\u00f3dka produkowana w Kalinigradzie ze specjalnego spirytusu zbo\u017cowego, mi\u0119kkiej wody pochodz\u0105cej z nale\u017c\u0105cej do destylarni w\u0142asnej studni artezyjskiej i naturalnych dodatk\u00f3w nadaj\u0105cych jej specjalnego charakteru i niepowtarzalnego smaku.<\/p><\/div>\n<div style=\"color: #5c5c5c; font-size: 12px; font-family: Arial, Tahoma, Verdana, sans-serif;\">Do tej pory w\u00f3dka Legend of Kremlin otrzyma\u0142a jedena\u015bcie nagr\u00f3d Grand Prix i dziewi\u0119\u0107 Z\u0142otych Medali na najwi\u0119kszych \u015bwiatowych i rosyjskich targach. Jest r\u00f3wnie\u017c wybrana jako w\u00f3dka serwowana na Kremlu podczas uroczysto\u015bci pa\u0144stwowych oraz w Dumie-rosyjskim parlamencie.<\/div>\n<div style=\"color: #5c5c5c; font-size: 12px; font-family: Arial, Tahoma, Verdana, sans-serif;\">\u00a0<\/div>\n","protected":false},"excerpt":{"rendered":"<div style=\"color: #5c5c5c; font-size: 12px; font-family: Arial, Tahoma, Verdana, sans-serif;\">W\u00f3dka produkowana w Kalinigradzie ze specjalnego spirytusu zbo\u017cowego, mi\u0119kkiej wody pochodz\u0105cej z nale\u017c\u0105cej do destylarni w\u0142asnej studni artezyjskiej i naturalnych dodatk\u00f3w nadaj\u0105cych jej specjalnego charakteru i niepowtarzalnego smaku.<\/div>\n<div style=\"color: #5c5c5c; font-size: 12px; font-family: Arial, Tahoma, Verdana, sans-serif;\">Do tej pory w\u00f3dka Legend of Kremlin otrzyma\u0142a jedena\u015bcie nagr\u00f3d Grand Prix i dziewi\u0119\u0107 Z\u0142otych Medali na najwi\u0119kszych \u015bwiatowych i rosyjskich targach. Jest r\u00f3wnie\u017c wybrana jako w\u00f3dka serwowana na Kremlu podczas uroczysto\u015bci pa\u0144stwowych oraz w Dumie-rosyjskim parlamencie.<\/div>\n<div style=\"color: #5c5c5c; font-size: 12px; font-family: Arial, Tahoma, Verdana, sans-serif; text-align: center;\">\u00a0<\/div>\n","protected":false},"featured_media":15541,"comment_status":"open","ping_status":"closed","template":"","meta":[],"product_cat":[190,142],"product_tag":[],"class_list":{"0":"post-15542","1":"product","2":"type-product","3":"status-publish","4":"has-post-thumbnail","6":"product_cat-wodka","7":"product_cat-alkohole-mocne","9":"first","10":"instock","11":"shipping-taxable","12":"purchasable","13":"product-type-simple"},"_links":{"self":[{"href":"http:\/\/delikatesy.wineport.pl\/index.php?rest_route=\/wp\/v2\/product\/15542","targetHints":{"allow":["GET"]}}],"collection":[{"href":"http:\/\/delikatesy.wineport.pl\/index.php?rest_route=\/wp\/v2\/product"}],"about":[{"href":"http:\/\/delikatesy.wineport.pl\/index.php?rest_route=\/wp\/v2\/types\/product"}],"replies":[{"embeddable":true,"href":"http:\/\/delikatesy.wineport.pl\/index.php?rest_route=%2Fwp%2Fv2%2Fcomments&post=15542"}],"wp:featuredmedia":[{"embeddable":true,"href":"http:\/\/delikatesy.wineport.pl\/index.php?rest_route=\/wp\/v2\/media\/15541"}],"wp:attachment":[{"href":"http:\/\/delikatesy.wineport.pl\/index.php?rest_route=%2Fwp%2Fv2%2Fmedia&parent=15542"}],"wp:term":[{"taxonomy":"product_cat","embeddable":true,"href":"http:\/\/delikatesy.wineport.pl\/index.php?rest_route=%2Fwp%2Fv2%2Fproduct_cat&post=15542"},{"taxonomy":"product_tag","embeddable":true,"href":"http:\/\/delikatesy.wineport.pl\/index.php?rest_route=%2Fwp%2Fv2%2Fproduct_tag&post=15542"}],"curies":[{"name":"wp","href":"https:\/\/api.w.org\/{rel}","templated":true}]}}