{"id":15548,"date":"2024-03-14T14:15:22","date_gmt":"2024-03-14T13:15:22","guid":{"rendered":"http:\/\/delikatesy.wineport.pl\/?product=luxury-precious-vodka-karafka-diament-karton"},"modified":"2026-05-10T19:32:04","modified_gmt":"2026-05-10T17:32:04","slug":"luxury-precious-vodka-karafka-diament-karton","status":"publish","type":"product","link":"http:\/\/delikatesy.wineport.pl\/?product=luxury-precious-vodka-karafka-diament-karton","title":{"rendered":"Luxury Precious Vodka karafka diament karton"},"content":{"rendered":"<p><span style=\"color: #ff0000; font-size: 16px; font-family: arial, helvetica, sans-serif;\">UWAGA!!! NIE WYSY\u0141AMY ALKOHOLU W PRZYPADKU ZAM\u00d3WIE\u0143 OD OS\u00d3B PRYWATNYCH, TYLKO ODBI\u00d3R OSOBISTY NA UL. \u015aW. STANIS\u0141AWA 12 W WARSZAWIE!!! W przypadku op\u0142acenia zam\u00f3wienia alkoholu z wysy\u0142k\u0105, przy zwrocie pieni\u0119dzy zostanie potr\u0105cona prowizja\u00a0DOTPAY!<\/span><\/p>\n<p><span style=\"color: #ff0000; font-size: 16px; font-family: arial, helvetica, sans-serif;\">\u00a0<\/span><\/p>\n<p style=\"font-family: &quot;;\"><span id=\"fbPhotoSnowliftCaption\" class=\"fbPhotosPhotoCaption\">Je\u015bli szukasz wyj\u0105tkowego prezentu&#8230;<br \/>Precious Vodka\u00a0&#8211; powstaje wy\u0142\u0105cznie z pszenicy ozimej, kt\u00f3ra poddawana jest starannej selekcji &#8211; tylko 10% rocznych zbior\u00f3w wybierany jest do procesu destylacji, a dzi\u0119ki sze\u015bciokrotnej destylacji oraz filtrowaniu przez aktywny w\u0119giel jako\u015b\u0107 tego ekskluzywnego alkoholu jest najwy\u017csza z mo\u017cliwych. Po procesie destylacji Precious Vodka rozcie\u0144czana jest z wod\u0105 \u017ar\u00f3dlan\u0105, kt\u00f3ra jest bogata w sk\u0142adniki mineralne i dodaje naturalnego lekko cytrynowego aromatu i smaku.<\/span><\/p>\n<p style=\"font-family: &quot;;\"><span id=\"fbPhotoSnowliftCaption\" class=\"fbPhotosPhotoCaption\">Opr\u00f3cz opatentowanego kszta\u0142tu karafki w kszta\u0142cie diamentu w komplecie zawarty jest naturalny pi\u0119kny kamie\u0144 np. rubin, szafir, szmaragd, perydot i topaz, kt\u00f3ry obdarowany mo\u017ce dowolnie oprawi\u0107. Dodatkow\u0105 ciekawostk\u0105 jest fakt, i\u017c butelka wykonana jest z lanego kryszta\u0142u co zapewnia bardzo pozytywne odczucia.<br \/>Jewel Lines Precious Vodka w 2016 otrzyma\u0142a z\u0142oty medal na presti\u017cowym mi\u0119dzynarodowym konkursie w San Francisco.<\/span><\/p>\n","protected":false},"excerpt":{"rendered":"<p style=\"font-family: &quot;;\"><span id=\"fbPhotoSnowliftCaption\" class=\"fbPhotosPhotoCaption\">Je\u015bli szukasz wyj\u0105tkowego prezentu&#8230;<br \/>Precious Vodka\u00a0&#8211; powstaje wy\u0142\u0105cznie z pszenicy ozimej, kt\u00f3ra poddawana jest starannej selekcji &#8211; tylko 10% rocznych zbior\u00f3w wybierany jest do procesu destylacji, a dzi\u0119ki sze\u015bciokrotnej destylacji oraz filtrowaniu przez aktywny w\u0119giel jako\u015b\u0107 tego ekskluzywnego alkoholu jest najwy\u017csza z mo\u017cliwych. Po procesie destylacji Precious Vodka rozcie\u0144czana jest z wod\u0105 \u017ar\u00f3dlan\u0105, kt\u00f3ra jest bogata w sk\u0142adniki mineralne i dodaje naturalnego lekko cytrynowego aromatu i smaku.<\/span><\/p>\n<p style=\"font-family: &quot;;\"><span id=\"fbPhotoSnowliftCaption\" class=\"fbPhotosPhotoCaption\">Opr\u00f3cz opatentowanego kszta\u0142tu karafki w kszta\u0142cie diamentu w komplecie zawarty jest naturalny pi\u0119kny kamie\u0144 np. rubin, szafir, szmaragd, perydot i topaz, kt\u00f3ry obdarowany mo\u017ce dowolnie oprawi\u0107. Dodatkow\u0105 ciekawostk\u0105 jest fakt, i\u017c butelka wykonana jest z lanego kryszta\u0142u co zapewnia bardzo pozytywne odczucia.<br \/>Jewel Lines Precious Vodka w 2016 otrzyma\u0142a z\u0142oty medal na presti\u017cowym mi\u0119dzynarodowym konkursie w San Francisco.<\/span><\/p>\n","protected":false},"featured_media":15547,"comment_status":"open","ping_status":"closed","template":"","meta":[],"product_cat":[190,142],"product_tag":[],"class_list":{"0":"post-15548","1":"product","2":"type-product","3":"status-publish","4":"has-post-thumbnail","6":"product_cat-wodka","7":"product_cat-alkohole-mocne","9":"first","10":"instock","11":"shipping-taxable","12":"purchasable","13":"product-type-simple"},"_links":{"self":[{"href":"http:\/\/delikatesy.wineport.pl\/index.php?rest_route=\/wp\/v2\/product\/15548","targetHints":{"allow":["GET"]}}],"collection":[{"href":"http:\/\/delikatesy.wineport.pl\/index.php?rest_route=\/wp\/v2\/product"}],"about":[{"href":"http:\/\/delikatesy.wineport.pl\/index.php?rest_route=\/wp\/v2\/types\/product"}],"replies":[{"embeddable":true,"href":"http:\/\/delikatesy.wineport.pl\/index.php?rest_route=%2Fwp%2Fv2%2Fcomments&post=15548"}],"wp:featuredmedia":[{"embeddable":true,"href":"http:\/\/delikatesy.wineport.pl\/index.php?rest_route=\/wp\/v2\/media\/15547"}],"wp:attachment":[{"href":"http:\/\/delikatesy.wineport.pl\/index.php?rest_route=%2Fwp%2Fv2%2Fmedia&parent=15548"}],"wp:term":[{"taxonomy":"product_cat","embeddable":true,"href":"http:\/\/delikatesy.wineport.pl\/index.php?rest_route=%2Fwp%2Fv2%2Fproduct_cat&post=15548"},{"taxonomy":"product_tag","embeddable":true,"href":"http:\/\/delikatesy.wineport.pl\/index.php?rest_route=%2Fwp%2Fv2%2Fproduct_tag&post=15548"}],"curies":[{"name":"wp","href":"https:\/\/api.w.org\/{rel}","templated":true}]}}