{"id":15582,"date":"2024-03-14T14:15:35","date_gmt":"2024-03-14T13:15:35","guid":{"rendered":"http:\/\/delikatesy.wineport.pl\/?product=chateau-la-louviere-rouge"},"modified":"2026-05-17T21:41:01","modified_gmt":"2026-05-17T19:41:01","slug":"chateau-la-louviere-rouge","status":"publish","type":"product","link":"http:\/\/delikatesy.wineport.pl\/?product=chateau-la-louviere-rouge","title":{"rendered":"Chateau La Louviere Rouge"},"content":{"rendered":"<p style=\"color: #939393; font-size: 15px; font-family: &quot;;\">Wino z flagowej posiad\u0142o\u015bci Andre Lurtona dojrzewaj\u0105ce 12 miesi\u0119cy w d\u0119bowej beczce, z czego 50-75% w nowej. Nos harmonijny, z\u0142o\u017cony, \u0142\u0105cz\u0105cy aromaty \u015bliwki, orzecha laskowego, kandyzowanych owoc\u00f3w z le\u015bnymi nutami i dodatkiem wanilii oraz tytoniu. W smaku obfite i delikatne z taninami nadal troch\u0119 ostrymi, ale nie agresywnymi. Znakomite do dziczyzny i ser\u00f3w. Kompozycja: 64% Cabernet Sauvignon, 30% Merlot, 3% Cabernet Franc, 3% Petit Verdot.<\/p>\n<p>\u00a0<\/p>\n<p><span style=\"color: #ff0000;\">UWAGA!!! NIE WYSY\u0141AMY ALKOHOLU KURIEREM W PRZYPADKU ZAM\u00d3WIE\u0143 OD OS\u00d3B PRYWATNYCH, TYLKO ODBI\u00d3R OSOBISTY NA UL. \u015aW. STANIS\u0141AWA 12 W WARSZAWIE!!! W przypadku op\u0142acenia zam\u00f3wienia alkoholu z wysy\u0142k\u0105, przy zwrocie pieni\u0119dzy zostanie potr\u0105cona prowizja DOTPAY!<\/p>\n","protected":false},"excerpt":{"rendered":"<p style=\"color: #939393; font-size: 15px; font-family: &quot;;\">Wino z flagowej posiad\u0142o\u015bci Andre Lurtona dojrzewaj\u0105ce 12 miesi\u0119cy w d\u0119bowej beczce, z czego 50-75% w nowej. Nos harmonijny, z\u0142o\u017cony, \u0142\u0105cz\u0105cy aromaty \u015bliwki, orzecha laskowego, kandyzowanych owoc\u00f3w z le\u015bnymi nutami i dodatkiem wanilii oraz tytoniu. W smaku obfite i delikatne z taninami nadal troch\u0119 ostrymi, ale nie agresywnymi. Znakomite do dziczyzny i ser\u00f3w. Kompozycja: 64% Cabernet Sauvignon, 30% Merlot, 3% Cabernet Franc, 3% Petit Verdot.<\/p>\n<p>\u00a0<\/p>\n","protected":false},"featured_media":15581,"comment_status":"open","ping_status":"closed","template":"","meta":[],"product_cat":[83,85,80],"product_tag":[],"class_list":{"0":"post-15582","1":"product","2":"type-product","3":"status-publish","4":"has-post-thumbnail","6":"product_cat-francja","7":"product_cat-francja-bordeaux","8":"product_cat-wina-swiata","10":"first","11":"instock","12":"shipping-taxable","13":"purchasable","14":"product-type-simple"},"_links":{"self":[{"href":"http:\/\/delikatesy.wineport.pl\/index.php?rest_route=\/wp\/v2\/product\/15582","targetHints":{"allow":["GET"]}}],"collection":[{"href":"http:\/\/delikatesy.wineport.pl\/index.php?rest_route=\/wp\/v2\/product"}],"about":[{"href":"http:\/\/delikatesy.wineport.pl\/index.php?rest_route=\/wp\/v2\/types\/product"}],"replies":[{"embeddable":true,"href":"http:\/\/delikatesy.wineport.pl\/index.php?rest_route=%2Fwp%2Fv2%2Fcomments&post=15582"}],"wp:featuredmedia":[{"embeddable":true,"href":"http:\/\/delikatesy.wineport.pl\/index.php?rest_route=\/wp\/v2\/media\/15581"}],"wp:attachment":[{"href":"http:\/\/delikatesy.wineport.pl\/index.php?rest_route=%2Fwp%2Fv2%2Fmedia&parent=15582"}],"wp:term":[{"taxonomy":"product_cat","embeddable":true,"href":"http:\/\/delikatesy.wineport.pl\/index.php?rest_route=%2Fwp%2Fv2%2Fproduct_cat&post=15582"},{"taxonomy":"product_tag","embeddable":true,"href":"http:\/\/delikatesy.wineport.pl\/index.php?rest_route=%2Fwp%2Fv2%2Fproduct_tag&post=15582"}],"curies":[{"name":"wp","href":"https:\/\/api.w.org\/{rel}","templated":true}]}}