{"id":15586,"date":"2024-03-14T14:15:36","date_gmt":"2024-03-14T13:15:36","guid":{"rendered":"http:\/\/delikatesy.wineport.pl\/?product=chateau-la-louviere-blanc"},"modified":"2026-05-10T19:32:08","modified_gmt":"2026-05-10T17:32:08","slug":"chateau-la-louviere-blanc","status":"publish","type":"product","link":"http:\/\/delikatesy.wineport.pl\/?product=chateau-la-louviere-blanc","title":{"rendered":"Chateau La Louviere Blanc"},"content":{"rendered":"<p style=\"color: #939393; font-size: 15px; font-family: &quot;;\"><span style=\"color: #ff0000;\">UWAGA!!! NIE WYSY\u0141AMY ALKOHOLU KURIEREM W PRZYPADKU ZAM\u00d3WIE\u0143 OD OS\u00d3B PRYWATNYCH, TYLKO ODBI\u00d3R OSOBISTY NA UL. \u015aW. STANIS\u0141AWA 12 W WARSZAWIE!!! W przypadku op\u0142acenia zam\u00f3wienia alkoholu z wysy\u0142k\u0105, przy zwrocie pieni\u0119dzy zostanie potr\u0105cona prowizja\u00a0<\/span><strong style=\"color: #ff0000;\">DOTPAY<\/strong><span style=\"color: #ff0000;\">!<\/span><\/p>\n<p style=\"color: #939393; font-size: 15px; font-family: &quot;;\">Wino dojrzewa 12 miesi\u0119cy w d\u0119bowej beczce, z czego 50% w nowej. Jasnozielona szata. Intensywne aromaty egzotycznych i cytrusowych owoc\u00f3w, bia\u0142ej brzoskwini, z nutami miodu. W ustach mocne, z du\u017c\u0105 ilo\u015bci\u0105 dojrza\u0142ych owoc\u00f3w, jak r\u00f3wnie\u017c elementami ma\u015blanymi i tostowymi. Zas\u0142uguje na status \u201ecru classe\u201d. Do picia jako m\u0142ode ze wzgl\u0119du na swoj\u0105 owocowo\u015b\u0107 i \u017cywy charakter lub za 5-7 lat dla koneser\u00f3w. Kompozycja: 85% Sauvignon Blanc, 15% Semillon.<\/p>\n<p>\u00a0<\/p>\n","protected":false},"excerpt":{"rendered":"<p style=\"color: #939393; font-size: 15px; font-family: &quot;;\">Wino dojrzewa 12 miesi\u0119cy w d\u0119bowej beczce, z czego 50% w nowej. Jasnozielona szata. Intensywne aromaty egzotycznych i cytrusowych owoc\u00f3w, bia\u0142ej brzoskwini, z nutami miodu. W ustach mocne, z du\u017c\u0105 ilo\u015bci\u0105 dojrza\u0142ych owoc\u00f3w, jak r\u00f3wnie\u017c elementami ma\u015blanymi i tostowymi. Zas\u0142uguje na status \u201ecru classe\u201d. Do picia jako m\u0142ode ze wzgl\u0119du na swoj\u0105 owocowo\u015b\u0107 i \u017cywy charakter lub za 5-7 lat dla koneser\u00f3w. Kompozycja: 85% Sauvignon Blanc, 15% Semillon.<\/p>\n<p>\u00a0<\/p>\n","protected":false},"featured_media":15585,"comment_status":"open","ping_status":"closed","template":"","meta":[],"product_cat":[83,80],"product_tag":[],"class_list":{"0":"post-15586","1":"product","2":"type-product","3":"status-publish","4":"has-post-thumbnail","6":"product_cat-francja","7":"product_cat-wina-swiata","9":"first","10":"instock","11":"shipping-taxable","12":"purchasable","13":"product-type-simple"},"_links":{"self":[{"href":"http:\/\/delikatesy.wineport.pl\/index.php?rest_route=\/wp\/v2\/product\/15586","targetHints":{"allow":["GET"]}}],"collection":[{"href":"http:\/\/delikatesy.wineport.pl\/index.php?rest_route=\/wp\/v2\/product"}],"about":[{"href":"http:\/\/delikatesy.wineport.pl\/index.php?rest_route=\/wp\/v2\/types\/product"}],"replies":[{"embeddable":true,"href":"http:\/\/delikatesy.wineport.pl\/index.php?rest_route=%2Fwp%2Fv2%2Fcomments&post=15586"}],"wp:featuredmedia":[{"embeddable":true,"href":"http:\/\/delikatesy.wineport.pl\/index.php?rest_route=\/wp\/v2\/media\/15585"}],"wp:attachment":[{"href":"http:\/\/delikatesy.wineport.pl\/index.php?rest_route=%2Fwp%2Fv2%2Fmedia&parent=15586"}],"wp:term":[{"taxonomy":"product_cat","embeddable":true,"href":"http:\/\/delikatesy.wineport.pl\/index.php?rest_route=%2Fwp%2Fv2%2Fproduct_cat&post=15586"},{"taxonomy":"product_tag","embeddable":true,"href":"http:\/\/delikatesy.wineport.pl\/index.php?rest_route=%2Fwp%2Fv2%2Fproduct_tag&post=15586"}],"curies":[{"name":"wp","href":"https:\/\/api.w.org\/{rel}","templated":true}]}}