{"id":15592,"date":"2024-03-14T14:15:37","date_gmt":"2024-03-14T13:15:37","guid":{"rendered":"http:\/\/delikatesy.wineport.pl\/?product=villa-maria-single-vineyard-pinot-noir"},"modified":"2026-05-10T19:33:01","modified_gmt":"2026-05-10T17:33:01","slug":"villa-maria-single-vineyard-pinot-noir","status":"publish","type":"product","link":"http:\/\/delikatesy.wineport.pl\/?product=villa-maria-single-vineyard-pinot-noir","title":{"rendered":"Villa Maria Single Vineyard Pinot Noir"},"content":{"rendered":"<p style=\"color: #939393; font-size: 15px; font-family: &quot;;\"><span style=\"color: #ff0000;\">UWAGA!!! NIE WYSY\u0141AMY ALKOHOLU KURIEREM W PRZYPADKU ZAM\u00d3WIE\u0143 OD OS\u00d3B PRYWATNYCH, TYLKO ODBI\u00d3R OSOBISTY NA UL. \u015aW. STANIS\u0141AWA 12 W WARSZAWIE!!! W przypadku op\u0142acenia zam\u00f3wienia alkoholu z wysy\u0142k\u0105, przy zwrocie pieni\u0119dzy zostanie potr\u0105cona prowizja\u00a0<\/span><strong style=\"color: #ff0000;\">DOTPAY<\/strong><span style=\"color: #ff0000;\">!<\/span><\/p>\n<p style=\"color: #939393; font-size: 15px; font-family: &quot;;\">Wyr\u00f3\u017cniaj\u0105cy si\u0119 bukiet \u0142\u0105cz\u0105cy perfumowane dojrza\u0142e wi\u015bnie i czerwone owoce z kusz\u0105cymi kwiatowymi nutami. Wino eleganckie, u\u0142o\u017cone z aksamitn\u0105, \u0142agodn\u0105 struktur\u0105 b\u0119d\u0105c\u0105 rezultatem fermentacji malolaktycznej i 14 miesi\u0119cy sp\u0119dzonych we francuskim d\u0119bie. Szczep: 100% Pinot Noir.<\/p>\n<p>\u00a0<\/p>\n","protected":false},"excerpt":{"rendered":"<p style=\"color: #939393; font-size: 15px; font-family: &quot;;\">Wyr\u00f3\u017cniaj\u0105cy si\u0119 bukiet \u0142\u0105cz\u0105cy perfumowane dojrza\u0142e wi\u015bnie i czerwone owoce z kusz\u0105cymi kwiatowymi nutami. Wino eleganckie, u\u0142o\u017cone z aksamitn\u0105, \u0142agodn\u0105 struktur\u0105 b\u0119d\u0105c\u0105 rezultatem fermentacji malolaktycznej i 14 miesi\u0119cy sp\u0119dzonych we francuskim d\u0119bie. Szczep: 100% Pinot Noir.<\/p>\n<p>\u00a0<\/p>\n","protected":false},"featured_media":15591,"comment_status":"open","ping_status":"closed","template":"","meta":[],"product_cat":[136,80],"product_tag":[],"class_list":{"0":"post-15592","1":"product","2":"type-product","3":"status-publish","4":"has-post-thumbnail","6":"product_cat-nowa-zelandia","7":"product_cat-wina-swiata","9":"first","10":"instock","11":"shipping-taxable","12":"purchasable","13":"product-type-simple"},"_links":{"self":[{"href":"http:\/\/delikatesy.wineport.pl\/index.php?rest_route=\/wp\/v2\/product\/15592","targetHints":{"allow":["GET"]}}],"collection":[{"href":"http:\/\/delikatesy.wineport.pl\/index.php?rest_route=\/wp\/v2\/product"}],"about":[{"href":"http:\/\/delikatesy.wineport.pl\/index.php?rest_route=\/wp\/v2\/types\/product"}],"replies":[{"embeddable":true,"href":"http:\/\/delikatesy.wineport.pl\/index.php?rest_route=%2Fwp%2Fv2%2Fcomments&post=15592"}],"wp:featuredmedia":[{"embeddable":true,"href":"http:\/\/delikatesy.wineport.pl\/index.php?rest_route=\/wp\/v2\/media\/15591"}],"wp:attachment":[{"href":"http:\/\/delikatesy.wineport.pl\/index.php?rest_route=%2Fwp%2Fv2%2Fmedia&parent=15592"}],"wp:term":[{"taxonomy":"product_cat","embeddable":true,"href":"http:\/\/delikatesy.wineport.pl\/index.php?rest_route=%2Fwp%2Fv2%2Fproduct_cat&post=15592"},{"taxonomy":"product_tag","embeddable":true,"href":"http:\/\/delikatesy.wineport.pl\/index.php?rest_route=%2Fwp%2Fv2%2Fproduct_tag&post=15592"}],"curies":[{"name":"wp","href":"https:\/\/api.w.org\/{rel}","templated":true}]}}