{"id":15602,"date":"2024-03-14T14:15:38","date_gmt":"2024-03-14T13:15:38","guid":{"rendered":"http:\/\/delikatesy.wineport.pl\/?product=chablis-premier-cru-vau-de-vey"},"modified":"2026-05-10T19:33:01","modified_gmt":"2026-05-10T17:33:01","slug":"chablis-premier-cru-vau-de-vey","status":"publish","type":"product","link":"http:\/\/delikatesy.wineport.pl\/?product=chablis-premier-cru-vau-de-vey","title":{"rendered":"Chablis Premier Cru \u201cVau de Vey\u201d"},"content":{"rendered":"<p style=\"color: #939393; font-size: 15px; font-family: &quot;;\"><span style=\"color: #ff0000;\">UWAGA!!! NIE WYSY\u0141AMY ALKOHOLU KURIEREM W PRZYPADKU ZAM\u00d3WIE\u0143 OD OS\u00d3B PRYWATNYCH, TYLKO ODBI\u00d3R OSOBISTY NA UL. \u015aW. STANIS\u0141AWA 12 W WARSZAWIE!!! W przypadku op\u0142acenia zam\u00f3wienia alkoholu z wysy\u0142k\u0105, przy zwrocie pieni\u0119dzy zostanie potr\u0105cona prowizja\u00a0<\/span><strong style=\"color: #ff0000;\">DOTPAY<\/strong><span style=\"color: #ff0000;\">!<\/span><\/p>\n<p style=\"color: #939393; font-size: 15px; font-family: &quot;;\">Parcela Vau de Vey po\u0142o\u017cona jest w dolinie tu\u017c za winnic\u0105 Cote de Lechet. Poniewa\u017c jej zbocza wychodz\u0105ce na wsch\u00f3d s\u0105 bardzo strome winogrona mog\u0105 by\u0107 zbierane tylko r\u0119cznie. Pochodz\u0105ce st\u0105d Chablis charakteryzuj\u0105 cytrusowe aromaty z wyra\u017anymi nutami any\u017cu. W smaku wino jest bardzo eleganckie, z wyra\u017an\u0105 kwasowo\u015bci\u0105 i d\u0142ugo trwaj\u0105cym mineralnym zako\u0144czeniem. Rekomendowane do owoc\u00f3w morza, ser\u00f3w, sa\u0142atek. Szczep: 100% Chardonnay.<\/p>\n<p>\u00a0<\/p>\n","protected":false},"excerpt":{"rendered":"<p style=\"color: #939393; font-size: 15px; font-family: &quot;;\">Parcela Vau de Vey po\u0142o\u017cona jest w dolinie tu\u017c za winnic\u0105 Cote de Lechet. Poniewa\u017c jej zbocza wychodz\u0105ce na wsch\u00f3d s\u0105 bardzo strome winogrona mog\u0105 by\u0107 zbierane tylko r\u0119cznie. Pochodz\u0105ce st\u0105d Chablis charakteryzuj\u0105 cytrusowe aromaty z wyra\u017anymi nutami any\u017cu. W smaku wino jest bardzo eleganckie, z wyra\u017an\u0105 kwasowo\u015bci\u0105 i d\u0142ugo trwaj\u0105cym mineralnym zako\u0144czeniem. Rekomendowane do owoc\u00f3w morza, ser\u00f3w, sa\u0142atek. Szczep: 100% Chardonnay.<\/p>\n<p>\u00a0<\/p>\n","protected":false},"featured_media":15601,"comment_status":"open","ping_status":"closed","template":"","meta":[],"product_cat":[83,80],"product_tag":[],"class_list":{"0":"post-15602","1":"product","2":"type-product","3":"status-publish","4":"has-post-thumbnail","6":"product_cat-francja","7":"product_cat-wina-swiata","9":"first","10":"instock","11":"shipping-taxable","12":"purchasable","13":"product-type-simple"},"_links":{"self":[{"href":"http:\/\/delikatesy.wineport.pl\/index.php?rest_route=\/wp\/v2\/product\/15602","targetHints":{"allow":["GET"]}}],"collection":[{"href":"http:\/\/delikatesy.wineport.pl\/index.php?rest_route=\/wp\/v2\/product"}],"about":[{"href":"http:\/\/delikatesy.wineport.pl\/index.php?rest_route=\/wp\/v2\/types\/product"}],"replies":[{"embeddable":true,"href":"http:\/\/delikatesy.wineport.pl\/index.php?rest_route=%2Fwp%2Fv2%2Fcomments&post=15602"}],"wp:featuredmedia":[{"embeddable":true,"href":"http:\/\/delikatesy.wineport.pl\/index.php?rest_route=\/wp\/v2\/media\/15601"}],"wp:attachment":[{"href":"http:\/\/delikatesy.wineport.pl\/index.php?rest_route=%2Fwp%2Fv2%2Fmedia&parent=15602"}],"wp:term":[{"taxonomy":"product_cat","embeddable":true,"href":"http:\/\/delikatesy.wineport.pl\/index.php?rest_route=%2Fwp%2Fv2%2Fproduct_cat&post=15602"},{"taxonomy":"product_tag","embeddable":true,"href":"http:\/\/delikatesy.wineport.pl\/index.php?rest_route=%2Fwp%2Fv2%2Fproduct_tag&post=15602"}],"curies":[{"name":"wp","href":"https:\/\/api.w.org\/{rel}","templated":true}]}}