{"id":15642,"date":"2024-03-14T14:15:46","date_gmt":"2024-03-14T13:15:46","guid":{"rendered":"http:\/\/delikatesy.wineport.pl\/?product=chateau-le-loup"},"modified":"2026-05-10T19:33:08","modified_gmt":"2026-05-10T17:33:08","slug":"chateau-le-loup","status":"publish","type":"product","link":"http:\/\/delikatesy.wineport.pl\/?product=chateau-le-loup","title":{"rendered":"Chateau Le Loup"},"content":{"rendered":"<p style=\"color: #939393; font-size: 15px; font-family: &quot;;\"><span style=\"color: #ff0000;\">UWAGA!!! NIE WYSY\u0141AMY ALKOHOLU KURIEREM W PRZYPADKU ZAM\u00d3WIE\u0143 OD OS\u00d3B PRYWATNYCH, TYLKO ODBI\u00d3R OSOBISTY NA UL. \u015aW. STANIS\u0141AWA 12 W WARSZAWIE!!! W przypadku op\u0142acenia zam\u00f3wienia alkoholu z wysy\u0142k\u0105, przy zwrocie pieni\u0119dzy zostanie potr\u0105cona prowizja\u00a0<\/span><strong style=\"color: #ff0000;\">DOTPAY<\/strong><span style=\"color: #ff0000;\">!<\/span><\/p>\n<p style=\"color: #939393; font-size: 15px; font-family: &quot;;\">Dojrzewa we francuskim d\u0119bie. Przepe\u0142nione owocowo\u015bci\u0105, z eleganckimi taninami i dobr\u0105 koncentracj\u0105. Pozostawia d\u0142ugi finisz. Wino rekomendowane do czerwonego mi\u0119sa (szczeg\u00f3lnie do pieczeni z jagni\u0119ciny), a tak\u017ce do pieczonego drobiu. Szczep: 50% Merlot, 50% Cabernets.<\/p>\n<p>\u00a0<\/p>\n","protected":false},"excerpt":{"rendered":"<p style=\"color: #939393; font-size: 15px; font-family: &quot;;\">Dojrzewa we francuskim d\u0119bie. Przepe\u0142nione owocowo\u015bci\u0105, z eleganckimi taninami i dobr\u0105 koncentracj\u0105. Pozostawia d\u0142ugi finisz. Wino rekomendowane do czerwonego mi\u0119sa (szczeg\u00f3lnie do pieczeni z jagni\u0119ciny), a tak\u017ce do pieczonego drobiu. Szczep: 50% Merlot, 50% Cabernets.<\/p>\n<p>\u00a0<\/p>\n","protected":false},"featured_media":15641,"comment_status":"open","ping_status":"closed","template":"","meta":[],"product_cat":[83,80],"product_tag":[],"class_list":{"0":"post-15642","1":"product","2":"type-product","3":"status-publish","4":"has-post-thumbnail","6":"product_cat-francja","7":"product_cat-wina-swiata","9":"first","10":"instock","11":"shipping-taxable","12":"purchasable","13":"product-type-simple"},"_links":{"self":[{"href":"http:\/\/delikatesy.wineport.pl\/index.php?rest_route=\/wp\/v2\/product\/15642","targetHints":{"allow":["GET"]}}],"collection":[{"href":"http:\/\/delikatesy.wineport.pl\/index.php?rest_route=\/wp\/v2\/product"}],"about":[{"href":"http:\/\/delikatesy.wineport.pl\/index.php?rest_route=\/wp\/v2\/types\/product"}],"replies":[{"embeddable":true,"href":"http:\/\/delikatesy.wineport.pl\/index.php?rest_route=%2Fwp%2Fv2%2Fcomments&post=15642"}],"wp:featuredmedia":[{"embeddable":true,"href":"http:\/\/delikatesy.wineport.pl\/index.php?rest_route=\/wp\/v2\/media\/15641"}],"wp:attachment":[{"href":"http:\/\/delikatesy.wineport.pl\/index.php?rest_route=%2Fwp%2Fv2%2Fmedia&parent=15642"}],"wp:term":[{"taxonomy":"product_cat","embeddable":true,"href":"http:\/\/delikatesy.wineport.pl\/index.php?rest_route=%2Fwp%2Fv2%2Fproduct_cat&post=15642"},{"taxonomy":"product_tag","embeddable":true,"href":"http:\/\/delikatesy.wineport.pl\/index.php?rest_route=%2Fwp%2Fv2%2Fproduct_tag&post=15642"}],"curies":[{"name":"wp","href":"https:\/\/api.w.org\/{rel}","templated":true}]}}