{"id":15651,"date":"2024-03-14T14:15:47","date_gmt":"2024-03-14T13:15:47","guid":{"rendered":"http:\/\/delikatesy.wineport.pl\/?product=by-ott-rose"},"modified":"2026-05-10T19:34:17","modified_gmt":"2026-05-10T17:34:17","slug":"by-ott-rose","status":"publish","type":"product","link":"http:\/\/delikatesy.wineport.pl\/?product=by-ott-rose","title":{"rendered":"BY.OTT Rose"},"content":{"rendered":"<p style=\"color: #939393; font-size: 15px; font-family: &quot;;\"><span style=\"color: #ff0000;\">UWAGA!!! NIE WYSY\u0141AMY ALKOHOLU KURIEREM W PRZYPADKU ZAM\u00d3WIE\u0143 OD OS\u00d3B PRYWATNYCH, TYLKO ODBI\u00d3R OSOBISTY NA UL. \u015aW. STANIS\u0141AWA 12 W WARSZAWIE!!! W przypadku op\u0142acenia zam\u00f3wienia alkoholu z wysy\u0142k\u0105, przy zwrocie pieni\u0119dzy zostanie potr\u0105cona prowizja\u00a0<\/span><strong style=\"color: #ff0000;\">DOTPAY<\/strong><span style=\"color: #ff0000;\">!<\/span><\/p>\n<p style=\"color: #939393; font-size: 15px; font-family: &quot;;\">Przyjazne i eleganckie wino, kt\u00f3re w pe\u0142ni oddaje tradycj\u0119 domu winiarskiego Domaines Ott. Krystalicznie r\u00f3\u017cowa szata z pomara\u0144czowym refleksem. Nos delikatnie owocowy z nutami bia\u0142ej brzoskwini i moreli oraz marakui i mango. W ustach pe\u0142ne, \u015bwie\u017ce i \u017cywe z wyr\u00f3\u017cniaj\u0105c\u0105 si\u0119 sk\u00f3rk\u0105 cytrynow\u0105 i s\u0142odkimi przyprawami typu cynamon i kardamon. Kompozycja: 70% Grenache, 20% Cinsault, 10% Syrah.<\/p>\n<p style=\"color: #939393; font-size: 15px; font-family: &quot;;\">\u00a0<\/p>\n<div class=\"sliders-content\" style=\"font-size: medium; font-family: &quot;;\">\u00a0<\/div>\n","protected":false},"excerpt":{"rendered":"<p style=\"color: #939393; font-size: 15px; font-family: &quot;;\">Przyjazne i eleganckie wino, kt\u00f3re w pe\u0142ni oddaje tradycj\u0119 domu winiarskiego Domaines Ott. Krystalicznie r\u00f3\u017cowa szata z pomara\u0144czowym refleksem. Nos delikatnie owocowy z nutami bia\u0142ej brzoskwini i moreli oraz marakui i mango. W ustach pe\u0142ne, \u015bwie\u017ce i \u017cywe z wyr\u00f3\u017cniaj\u0105c\u0105 si\u0119 sk\u00f3rk\u0105 cytrynow\u0105 i s\u0142odkimi przyprawami typu cynamon i kardamon. Kompozycja: 70% Grenache, 20% Cinsault, 10% Syrah.<\/p>\n<p style=\"color: #939393; font-size: 15px; font-family: &quot;;\">\u00a0<\/p>\n<div class=\"sliders-content\" style=\"font-size: medium; font-family: &quot;;\">\u00a0<\/div>\n","protected":false},"featured_media":15650,"comment_status":"open","ping_status":"closed","template":"","meta":[],"product_cat":[83,80],"product_tag":[],"class_list":{"0":"post-15651","1":"product","2":"type-product","3":"status-publish","4":"has-post-thumbnail","6":"product_cat-francja","7":"product_cat-wina-swiata","9":"first","10":"instock","11":"shipping-taxable","12":"purchasable","13":"product-type-simple"},"_links":{"self":[{"href":"http:\/\/delikatesy.wineport.pl\/index.php?rest_route=\/wp\/v2\/product\/15651","targetHints":{"allow":["GET"]}}],"collection":[{"href":"http:\/\/delikatesy.wineport.pl\/index.php?rest_route=\/wp\/v2\/product"}],"about":[{"href":"http:\/\/delikatesy.wineport.pl\/index.php?rest_route=\/wp\/v2\/types\/product"}],"replies":[{"embeddable":true,"href":"http:\/\/delikatesy.wineport.pl\/index.php?rest_route=%2Fwp%2Fv2%2Fcomments&post=15651"}],"wp:featuredmedia":[{"embeddable":true,"href":"http:\/\/delikatesy.wineport.pl\/index.php?rest_route=\/wp\/v2\/media\/15650"}],"wp:attachment":[{"href":"http:\/\/delikatesy.wineport.pl\/index.php?rest_route=%2Fwp%2Fv2%2Fmedia&parent=15651"}],"wp:term":[{"taxonomy":"product_cat","embeddable":true,"href":"http:\/\/delikatesy.wineport.pl\/index.php?rest_route=%2Fwp%2Fv2%2Fproduct_cat&post=15651"},{"taxonomy":"product_tag","embeddable":true,"href":"http:\/\/delikatesy.wineport.pl\/index.php?rest_route=%2Fwp%2Fv2%2Fproduct_tag&post=15651"}],"curies":[{"name":"wp","href":"https:\/\/api.w.org\/{rel}","templated":true}]}}