{"id":15661,"date":"2024-03-14T14:15:49","date_gmt":"2024-03-14T13:15:49","guid":{"rendered":"http:\/\/delikatesy.wineport.pl\/?product=ramos-pinto-porto-adriano-reserva"},"modified":"2026-04-10T00:56:06","modified_gmt":"2026-04-09T22:56:06","slug":"ramos-pinto-porto-adriano-reserva","status":"publish","type":"product","link":"http:\/\/delikatesy.wineport.pl\/?product=ramos-pinto-porto-adriano-reserva","title":{"rendered":"Ramos Pinto Porto Adriano \u2013 Reserva"},"content":{"rendered":"<p style=\"color: #939393; font-size: 15px; font-family: &quot;;\"><span style=\"color: #ff0000;\">UWAGA!!! NIE WYSY\u0141AMY ALKOHOLU KURIEREM W PRZYPADKU ZAM\u00d3WIE\u0143 OD OS\u00d3B PRYWATNYCH, TYLKO ODBI\u00d3R OSOBISTY NA UL. \u015aW. STANIS\u0141AWA 12 W WARSZAWIE!!! W przypadku op\u0142acenia zam\u00f3wienia alkoholu z wysy\u0142k\u0105, przy zwrocie pieni\u0119dzy zostanie potr\u0105cona prowizja\u00a0<\/span><strong style=\"color: #ff0000;\">DOTPAY<\/strong><span style=\"color: #ff0000;\">!<\/span><\/p>\n<p style=\"color: #939393; font-size: 15px; font-family: &quot;;\">Barwa typowa dla tawny. Wino bogate w nuty \u015bwie\u017cych owoc\u00f3w jak wi\u015bnia i je\u017cyna. Aromaty suszonych owoc\u00f3w, \u015bliwki, orzecha w\u0142oskiego oddaj\u0105 ponad 6-letni czas dojrzewania w d\u0119bowej beczce. W smaku eleganckie, r\u00f3wne, pozostaj\u0105ce d\u0142ugo w pami\u0119ci. Znakomite do szynki, melona, deser\u00f3w z suszonymi owocami, kozich ser\u00f3w. Kompozycja: Tinta Roriz, Tinto Cao, Touriga Franca.<\/p>\n<p>\u00a0<\/p>\n","protected":false},"excerpt":{"rendered":"<p style=\"color: #939393; font-size: 15px; font-family: &quot;;\">Barwa typowa dla tawny. Wino bogate w nuty \u015bwie\u017cych owoc\u00f3w jak wi\u015bnia i je\u017cyna. Aromaty suszonych owoc\u00f3w, \u015bliwki, orzecha w\u0142oskiego oddaj\u0105 ponad 6-letni czas dojrzewania w d\u0119bowej beczce. W smaku eleganckie, r\u00f3wne, pozostaj\u0105ce d\u0142ugo w pami\u0119ci. Znakomite do szynki, melona, deser\u00f3w z suszonymi owocami, kozich ser\u00f3w. Kompozycja: Tinta Roriz, Tinto Cao, Touriga Franca.<\/p>\n<p>\u00a0<\/p>\n","protected":false},"featured_media":15660,"comment_status":"open","ping_status":"closed","template":"","meta":[],"product_cat":[94,80],"product_tag":[],"class_list":{"0":"post-15661","1":"product","2":"type-product","3":"status-publish","4":"has-post-thumbnail","6":"product_cat-portugalia","7":"product_cat-wina-swiata","9":"first","10":"instock","11":"shipping-taxable","12":"purchasable","13":"product-type-simple"},"_links":{"self":[{"href":"http:\/\/delikatesy.wineport.pl\/index.php?rest_route=\/wp\/v2\/product\/15661","targetHints":{"allow":["GET"]}}],"collection":[{"href":"http:\/\/delikatesy.wineport.pl\/index.php?rest_route=\/wp\/v2\/product"}],"about":[{"href":"http:\/\/delikatesy.wineport.pl\/index.php?rest_route=\/wp\/v2\/types\/product"}],"replies":[{"embeddable":true,"href":"http:\/\/delikatesy.wineport.pl\/index.php?rest_route=%2Fwp%2Fv2%2Fcomments&post=15661"}],"wp:featuredmedia":[{"embeddable":true,"href":"http:\/\/delikatesy.wineport.pl\/index.php?rest_route=\/wp\/v2\/media\/15660"}],"wp:attachment":[{"href":"http:\/\/delikatesy.wineport.pl\/index.php?rest_route=%2Fwp%2Fv2%2Fmedia&parent=15661"}],"wp:term":[{"taxonomy":"product_cat","embeddable":true,"href":"http:\/\/delikatesy.wineport.pl\/index.php?rest_route=%2Fwp%2Fv2%2Fproduct_cat&post=15661"},{"taxonomy":"product_tag","embeddable":true,"href":"http:\/\/delikatesy.wineport.pl\/index.php?rest_route=%2Fwp%2Fv2%2Fproduct_tag&post=15661"}],"curies":[{"name":"wp","href":"https:\/\/api.w.org\/{rel}","templated":true}]}}