{"id":15663,"date":"2024-03-14T14:15:49","date_gmt":"2024-03-14T13:15:49","guid":{"rendered":"http:\/\/delikatesy.wineport.pl\/?product=francis-ford-coppola-rosso-bianco-shiraz"},"modified":"2026-05-10T19:34:18","modified_gmt":"2026-05-10T17:34:18","slug":"francis-ford-coppola-rosso-bianco-shiraz","status":"publish","type":"product","link":"http:\/\/delikatesy.wineport.pl\/?product=francis-ford-coppola-rosso-bianco-shiraz","title":{"rendered":"Francis Ford Coppola Rosso &#038; Bianco Shiraz"},"content":{"rendered":"<p style=\"color: #939393; font-size: 15px; font-family: &quot;;\"><span style=\"color: #ff0000;\">UWAGA!!! NIE WYSY\u0141AMY ALKOHOLU KURIEREM W PRZYPADKU ZAM\u00d3WIE\u0143 OD OS\u00d3B PRYWATNYCH, TYLKO ODBI\u00d3R OSOBISTY NA UL. \u015aW. STANIS\u0141AWA 12 W WARSZAWIE!!! W przypadku op\u0142acenia zam\u00f3wienia alkoholu z wysy\u0142k\u0105, przy zwrocie pieni\u0119dzy zostanie potr\u0105cona prowizja\u00a0<\/span><strong style=\"color: #ff0000;\">DOTPAY<\/strong><span style=\"color: #ff0000;\">!<\/span><\/p>\n<p style=\"color: #939393; font-size: 15px; font-family: &quot;;\">Wino 10 miesi\u0119cy dojrzewa w beczkach z ameryka\u0144skiego i francuskiego d\u0119bu. Atrakcyjna paleta aromat\u00f3w malin, \u015bliwek, wanilii, fio\u0142k\u00f3w z kwiatowymi nutami (obecno\u015b\u0107 Viognier). W smaku dobrze wywa\u017cone z mi\u0119kkimi taninami, soczystymi owocami le\u015bnymi, wi\u015bni\u0105 i ameryka\u0144sk\u0105 jagod\u0105. Znakomite do pizzy, wieprzowiny i da\u0144 z ziemniakami. Kompozycja: 88% Shiraz, 11% Petite Sirah 1% Viognier.<\/p>\n<p>\u00a0<\/p>\n","protected":false},"excerpt":{"rendered":"<p style=\"color: #939393; font-size: 15px; font-family: &quot;;\">Wino 10 miesi\u0119cy dojrzewa w beczkach z ameryka\u0144skiego i francuskiego d\u0119bu. Atrakcyjna paleta aromat\u00f3w malin, \u015bliwek, wanilii, fio\u0142k\u00f3w z kwiatowymi nutami (obecno\u015b\u0107 Viognier). W smaku dobrze wywa\u017cone z mi\u0119kkimi taninami, soczystymi owocami le\u015bnymi, wi\u015bni\u0105 i ameryka\u0144sk\u0105 jagod\u0105. Znakomite do pizzy, wieprzowiny i da\u0144 z ziemniakami. Kompozycja: 88% Shiraz, 11% Petite Sirah 1% Viognier.<\/p>\n<p>\u00a0<\/p>\n","protected":false},"featured_media":15662,"comment_status":"open","ping_status":"closed","template":"","meta":[],"product_cat":[156,80],"product_tag":[],"class_list":{"0":"post-15663","1":"product","2":"type-product","3":"status-publish","4":"has-post-thumbnail","6":"product_cat-usa-wina-swiata","7":"product_cat-wina-swiata","9":"first","10":"instock","11":"shipping-taxable","12":"purchasable","13":"product-type-simple"},"_links":{"self":[{"href":"http:\/\/delikatesy.wineport.pl\/index.php?rest_route=\/wp\/v2\/product\/15663","targetHints":{"allow":["GET"]}}],"collection":[{"href":"http:\/\/delikatesy.wineport.pl\/index.php?rest_route=\/wp\/v2\/product"}],"about":[{"href":"http:\/\/delikatesy.wineport.pl\/index.php?rest_route=\/wp\/v2\/types\/product"}],"replies":[{"embeddable":true,"href":"http:\/\/delikatesy.wineport.pl\/index.php?rest_route=%2Fwp%2Fv2%2Fcomments&post=15663"}],"wp:featuredmedia":[{"embeddable":true,"href":"http:\/\/delikatesy.wineport.pl\/index.php?rest_route=\/wp\/v2\/media\/15662"}],"wp:attachment":[{"href":"http:\/\/delikatesy.wineport.pl\/index.php?rest_route=%2Fwp%2Fv2%2Fmedia&parent=15663"}],"wp:term":[{"taxonomy":"product_cat","embeddable":true,"href":"http:\/\/delikatesy.wineport.pl\/index.php?rest_route=%2Fwp%2Fv2%2Fproduct_cat&post=15663"},{"taxonomy":"product_tag","embeddable":true,"href":"http:\/\/delikatesy.wineport.pl\/index.php?rest_route=%2Fwp%2Fv2%2Fproduct_tag&post=15663"}],"curies":[{"name":"wp","href":"https:\/\/api.w.org\/{rel}","templated":true}]}}