{"id":15673,"date":"2024-03-14T14:15:51","date_gmt":"2024-03-14T13:15:51","guid":{"rendered":"http:\/\/delikatesy.wineport.pl\/?product=ramos-pinto"},"modified":"2026-05-10T19:34:20","modified_gmt":"2026-05-10T17:34:20","slug":"ramos-pinto","status":"publish","type":"product","link":"http:\/\/delikatesy.wineport.pl\/?product=ramos-pinto","title":{"rendered":"Ramos Pinto"},"content":{"rendered":"<p style=\"color: #939393; font-size: 15px; font-family: &quot;;\"><span style=\"color: #ff0000;\">UWAGA!!! NIE WYSY\u0141AMY ALKOHOLU KURIEREM W PRZYPADKU ZAM\u00d3WIE\u0143 OD OS\u00d3B PRYWATNYCH, TYLKO ODBI\u00d3R OSOBISTY NA UL. \u015aW. STANIS\u0141AWA 12 W WARSZAWIE!!! W przypadku op\u0142acenia zam\u00f3wienia alkoholu z wysy\u0142k\u0105, przy zwrocie pieni\u0119dzy zostanie potr\u0105cona prowizja\u00a0<\/span><strong style=\"color: #ff0000;\">DOTPAY<\/strong><span style=\"color: #ff0000;\">!<\/span><\/p>\n<p style=\"color: #939393; font-size: 15px; font-family: &quot;;\">Barwa bardziej intensywna ni\u017c dla Tawny Port. Mocne owocowe aromaty przede wszystkim wi\u015bni, je\u017cyny, \u015bliwki i maliny z nut\u0105 cynamonu. D\u0142ugie zwi\u0119z\u0142e zako\u0144czenie. Wino pasuje do sa\u0142atki z kaczk\u0105, deser\u00f3w z czerwonymi owocami i ka\u017cdego rodzaju sera. Kompozycja: Tinta Barroca, Touriga Franca.<\/p>\n<p>\u00a0<\/p>\n","protected":false},"excerpt":{"rendered":"<p style=\"color: #939393; font-size: 15px; font-family: &quot;;\">Barwa bardziej intensywna ni\u017c dla Tawny Port. Mocne owocowe aromaty przede wszystkim wi\u015bni, je\u017cyny, \u015bliwki i maliny z nut\u0105 cynamonu. D\u0142ugie zwi\u0119z\u0142e zako\u0144czenie. Wino pasuje do sa\u0142atki z kaczk\u0105, deser\u00f3w z czerwonymi owocami i ka\u017cdego rodzaju sera. Kompozycja: Tinta Barroca, Touriga Franca.<\/p>\n<p>\u00a0<\/p>\n","protected":false},"featured_media":15672,"comment_status":"open","ping_status":"closed","template":"","meta":[],"product_cat":[94,80],"product_tag":[],"class_list":{"0":"post-15673","1":"product","2":"type-product","3":"status-publish","4":"has-post-thumbnail","6":"product_cat-portugalia","7":"product_cat-wina-swiata","9":"first","10":"instock","11":"shipping-taxable","12":"purchasable","13":"product-type-simple"},"_links":{"self":[{"href":"http:\/\/delikatesy.wineport.pl\/index.php?rest_route=\/wp\/v2\/product\/15673","targetHints":{"allow":["GET"]}}],"collection":[{"href":"http:\/\/delikatesy.wineport.pl\/index.php?rest_route=\/wp\/v2\/product"}],"about":[{"href":"http:\/\/delikatesy.wineport.pl\/index.php?rest_route=\/wp\/v2\/types\/product"}],"replies":[{"embeddable":true,"href":"http:\/\/delikatesy.wineport.pl\/index.php?rest_route=%2Fwp%2Fv2%2Fcomments&post=15673"}],"wp:featuredmedia":[{"embeddable":true,"href":"http:\/\/delikatesy.wineport.pl\/index.php?rest_route=\/wp\/v2\/media\/15672"}],"wp:attachment":[{"href":"http:\/\/delikatesy.wineport.pl\/index.php?rest_route=%2Fwp%2Fv2%2Fmedia&parent=15673"}],"wp:term":[{"taxonomy":"product_cat","embeddable":true,"href":"http:\/\/delikatesy.wineport.pl\/index.php?rest_route=%2Fwp%2Fv2%2Fproduct_cat&post=15673"},{"taxonomy":"product_tag","embeddable":true,"href":"http:\/\/delikatesy.wineport.pl\/index.php?rest_route=%2Fwp%2Fv2%2Fproduct_tag&post=15673"}],"curies":[{"name":"wp","href":"https:\/\/api.w.org\/{rel}","templated":true}]}}