{"id":15695,"date":"2024-03-14T14:15:56","date_gmt":"2024-03-14T13:15:56","guid":{"rendered":"http:\/\/delikatesy.wineport.pl\/?product=villa-maria-private-bin-gewurztraminer"},"modified":"2026-05-10T19:34:26","modified_gmt":"2026-05-10T17:34:26","slug":"villa-maria-private-bin-gewurztraminer","status":"publish","type":"product","link":"http:\/\/delikatesy.wineport.pl\/?product=villa-maria-private-bin-gewurztraminer","title":{"rendered":"Villa Maria Private Bin Gewurztraminer"},"content":{"rendered":"<p style=\"color: #939393; font-size: 15px; font-family: &quot;;\"><span style=\"color: #ff0000;\">UWAGA!!! NIE WYSY\u0141AMY ALKOHOLU KURIEREM W PRZYPADKU ZAM\u00d3WIE\u0143 OD OS\u00d3B PRYWATNYCH, TYLKO ODBI\u00d3R OSOBISTY NA UL. \u015aW. STANIS\u0141AWA 12 W WARSZAWIE!!! W przypadku op\u0142acenia zam\u00f3wienia alkoholu z wysy\u0142k\u0105, przy zwrocie pieni\u0119dzy zostanie potr\u0105cona prowizja\u00a0<\/span><strong style=\"color: #ff0000;\">DOTPAY<\/strong><span style=\"color: #ff0000;\">!<\/span><\/p>\n<p style=\"color: #939393; font-size: 15px; font-family: &quot;;\">Gewurztraminer z winnicy Joseph Soler z Hawkes Bay, gdzie od 2001 roku stosuje si\u0119 organiczne metody upraw winoro\u015bli. Bukiet przepe\u0142niony p\u0142atkami r\u00f3\u017cy i przypraw. Bardzo bogate, wywa\u017cone zako\u0144czenie. Znakomity partner do wi\u0119kszo\u015bci potraw. Tak\u017ce dla os\u00f3b na diecie bezglutenowej. Szczep: 100% Gewurztraminer.<\/p>\n<p style=\"color: #939393; font-size: 15px; font-family: &quot;;\">\u00a0<\/p>\n<div class=\"sliders-content\" style=\"font-size: medium; font-family: &quot;;\">\u00a0<\/div>\n","protected":false},"excerpt":{"rendered":"<p style=\"color: #939393; font-size: 15px; font-family: &quot;;\">Gewurztraminer z winnicy Joseph Soler z Hawkes Bay, gdzie od 2001 roku stosuje si\u0119 organiczne metody upraw winoro\u015bli. Bukiet przepe\u0142niony p\u0142atkami r\u00f3\u017cy i przypraw. Bardzo bogate, wywa\u017cone zako\u0144czenie. Znakomity partner do wi\u0119kszo\u015bci potraw. Tak\u017ce dla os\u00f3b na diecie bezglutenowej. Szczep: 100% Gewurztraminer.<\/p>\n<p style=\"color: #939393; font-size: 15px; font-family: &quot;;\">\u00a0<\/p>\n<div class=\"sliders-content\" style=\"font-size: medium; font-family: &quot;;\">\u00a0<\/div>\n","protected":false},"featured_media":15694,"comment_status":"open","ping_status":"closed","template":"","meta":[],"product_cat":[136,80],"product_tag":[],"class_list":{"0":"post-15695","1":"product","2":"type-product","3":"status-publish","4":"has-post-thumbnail","6":"product_cat-nowa-zelandia","7":"product_cat-wina-swiata","9":"first","10":"instock","11":"shipping-taxable","12":"purchasable","13":"product-type-simple"},"_links":{"self":[{"href":"http:\/\/delikatesy.wineport.pl\/index.php?rest_route=\/wp\/v2\/product\/15695","targetHints":{"allow":["GET"]}}],"collection":[{"href":"http:\/\/delikatesy.wineport.pl\/index.php?rest_route=\/wp\/v2\/product"}],"about":[{"href":"http:\/\/delikatesy.wineport.pl\/index.php?rest_route=\/wp\/v2\/types\/product"}],"replies":[{"embeddable":true,"href":"http:\/\/delikatesy.wineport.pl\/index.php?rest_route=%2Fwp%2Fv2%2Fcomments&post=15695"}],"wp:featuredmedia":[{"embeddable":true,"href":"http:\/\/delikatesy.wineport.pl\/index.php?rest_route=\/wp\/v2\/media\/15694"}],"wp:attachment":[{"href":"http:\/\/delikatesy.wineport.pl\/index.php?rest_route=%2Fwp%2Fv2%2Fmedia&parent=15695"}],"wp:term":[{"taxonomy":"product_cat","embeddable":true,"href":"http:\/\/delikatesy.wineport.pl\/index.php?rest_route=%2Fwp%2Fv2%2Fproduct_cat&post=15695"},{"taxonomy":"product_tag","embeddable":true,"href":"http:\/\/delikatesy.wineport.pl\/index.php?rest_route=%2Fwp%2Fv2%2Fproduct_tag&post=15695"}],"curies":[{"name":"wp","href":"https:\/\/api.w.org\/{rel}","templated":true}]}}