{"id":15705,"date":"2024-03-14T14:15:57","date_gmt":"2024-03-14T13:15:57","guid":{"rendered":"http:\/\/delikatesy.wineport.pl\/?product=jaworek-ries-li"},"modified":"2026-05-10T19:34:29","modified_gmt":"2026-05-10T17:34:29","slug":"jaworek-ries-li","status":"publish","type":"product","link":"http:\/\/delikatesy.wineport.pl\/?product=jaworek-ries-li","title":{"rendered":"Jaworek Ries-li"},"content":{"rendered":"<p style=\"color: #939393; font-size: 15px; font-family: &quot;;\"><span style=\"color: #ff0000;\">UWAGA!!! NIE WYSY\u0141AMY ALKOHOLU W PRZYPADKU ZAM\u00d3WIE\u0143 OD OS\u00d3B PRYWATNYCH, TYLKO ODBI\u00d3R OSOBISTY NA UL. \u015aW. STANIS\u0141AWA 12 W WARSZAWIE!!! W przypadku op\u0142acenia zam\u00f3wienia alkoholu z wysy\u0142k\u0105, przy zwrocie pieni\u0119dzy zostanie potr\u0105cona prowizja dotpay!<\/span><\/p>\n<p style=\"color: #939393; font-size: 15px; font-family: &quot;;\">Ries-li, bia\u0142e wino nie zawsze goszcz\u0105ce w ofercie Winnic Jaworek. Owoce tej szlachetnej odmiany p\u00f3\u017ano dojrzewaj\u0105c wymagaj\u0105 poza s\u0142oneczn\u0105 aur\u0105 r\u00f3wnie\u017c d\u0142ugiej i zimnej fermentacji. Uzyskujemy w\u00f3wczas lekkie, orze\u017awiaj\u0105ce wino z aromatem zielonych jab\u0142ek, gdzie delikatnie wyczuwalna kwasowo\u015b\u0107 wyostrza smak oparty przede wszystkim na bazie owoc\u00f3w cytrusowych. R\u00f3wnie\u017c jako aperitif wsp\u00f3\u0142gra z daniami na bazie kremowych zup, ryb, bia\u0142ego mi\u0119sa.<\/p>\n<p style=\"color: #939393; font-size: 15px; font-family: &quot;;\">\u00a0<\/p>\n<div class=\"sliders-content\" style=\"font-size: medium; font-family: &quot;;\">\u00a0<\/div>\n","protected":false},"excerpt":{"rendered":"<p style=\"color: #939393; font-size: 15px; font-family: &quot;;\">Ries-li, bia\u0142e wino nie zawsze goszcz\u0105ce w ofercie Winnic Jaworek. Owoce tej szlachetnej odmiany p\u00f3\u017ano dojrzewaj\u0105c wymagaj\u0105 poza s\u0142oneczn\u0105 aur\u0105 r\u00f3wnie\u017c d\u0142ugiej i zimnej fermentacji. Uzyskujemy w\u00f3wczas lekkie, orze\u017awiaj\u0105ce wino z aromatem zielonych jab\u0142ek, gdzie delikatnie wyczuwalna kwasowo\u015b\u0107 wyostrza smak oparty przede wszystkim na bazie owoc\u00f3w cytrusowych. R\u00f3wnie\u017c jako aperitif wsp\u00f3\u0142gra z daniami na bazie kremowych zup, ryb, bia\u0142ego mi\u0119sa.<\/p>\n<p style=\"color: #939393; font-size: 15px; font-family: &quot;;\">\u00a0<\/p>\n<div class=\"sliders-content\" style=\"font-size: medium; font-family: &quot;;\">\u00a0<\/div>\n","protected":false},"featured_media":15704,"comment_status":"open","ping_status":"closed","template":"","meta":[],"product_cat":[242,80],"product_tag":[],"class_list":{"0":"post-15705","1":"product","2":"type-product","3":"status-publish","4":"has-post-thumbnail","6":"product_cat-polska","7":"product_cat-wina-swiata","9":"first","10":"instock","11":"shipping-taxable","12":"purchasable","13":"product-type-simple"},"_links":{"self":[{"href":"http:\/\/delikatesy.wineport.pl\/index.php?rest_route=\/wp\/v2\/product\/15705","targetHints":{"allow":["GET"]}}],"collection":[{"href":"http:\/\/delikatesy.wineport.pl\/index.php?rest_route=\/wp\/v2\/product"}],"about":[{"href":"http:\/\/delikatesy.wineport.pl\/index.php?rest_route=\/wp\/v2\/types\/product"}],"replies":[{"embeddable":true,"href":"http:\/\/delikatesy.wineport.pl\/index.php?rest_route=%2Fwp%2Fv2%2Fcomments&post=15705"}],"wp:featuredmedia":[{"embeddable":true,"href":"http:\/\/delikatesy.wineport.pl\/index.php?rest_route=\/wp\/v2\/media\/15704"}],"wp:attachment":[{"href":"http:\/\/delikatesy.wineport.pl\/index.php?rest_route=%2Fwp%2Fv2%2Fmedia&parent=15705"}],"wp:term":[{"taxonomy":"product_cat","embeddable":true,"href":"http:\/\/delikatesy.wineport.pl\/index.php?rest_route=%2Fwp%2Fv2%2Fproduct_cat&post=15705"},{"taxonomy":"product_tag","embeddable":true,"href":"http:\/\/delikatesy.wineport.pl\/index.php?rest_route=%2Fwp%2Fv2%2Fproduct_tag&post=15705"}],"curies":[{"name":"wp","href":"https:\/\/api.w.org\/{rel}","templated":true}]}}