{"id":15721,"date":"2024-03-14T14:16:00","date_gmt":"2024-03-14T13:16:00","guid":{"rendered":"http:\/\/delikatesy.wineport.pl\/?product=villa-huesgen-riesling-by-the-glass"},"modified":"2026-05-10T19:35:06","modified_gmt":"2026-05-10T17:35:06","slug":"villa-huesgen-riesling-by-the-glass","status":"publish","type":"product","link":"http:\/\/delikatesy.wineport.pl\/?product=villa-huesgen-riesling-by-the-glass","title":{"rendered":"Villa Huesgen Riesling by the glass"},"content":{"rendered":"<p style=\"color: #939393; font-size: 15px; font-family: &quot;;\"><span style=\"color: #ff0000;\">UWAGA!!! NIE WYSY\u0141AMY ALKOHOLU KURIEREM W PRZYPADKU ZAM\u00d3WIE\u0143 OD OS\u00d3B PRYWATNYCH, TYLKO ODBI\u00d3R OSOBISTY NA UL. \u015aW. STANIS\u0141AWA 12 W WARSZAWIE!!! W przypadku op\u0142acenia zam\u00f3wienia alkoholu z wysy\u0142k\u0105, przy zwrocie pieni\u0119dzy zostanie potr\u0105cona prowizja\u00a0<\/span><strong style=\"color: #ff0000;\">DOTPAY<\/strong><span style=\"color: #ff0000;\">!<\/span><\/p>\n<p style=\"color: #939393; font-size: 15px; font-family: &quot;;\">Riesling, kt\u00f3ry znakomicie \u0142\u0105czy owocowo\u015b\u0107 odmiany i elegancki smak (brzoskwinia, morela) z dobrze wywa\u017con\u0105 struktur\u0105 oraz \u015bwie\u017cym, mineralnym finiszem. Wino, kt\u00f3re pasuje na ka\u017cd\u0105 okazj\u0119. Szczep: Riesling.<\/p>\n<p style=\"color: #939393; font-size: 15px; font-family: &quot;;\">\u00a0<\/p>\n<div class=\"sliders-content\" style=\"font-size: medium; font-family: &quot;;\">\u00a0<\/div>\n","protected":false},"excerpt":{"rendered":"<p style=\"color: #939393; font-size: 15px; font-family: &quot;;\">Riesling, kt\u00f3ry znakomicie \u0142\u0105czy owocowo\u015b\u0107 odmiany i elegancki smak (brzoskwinia, morela) z dobrze wywa\u017con\u0105 struktur\u0105 oraz \u015bwie\u017cym, mineralnym finiszem. Wino, kt\u00f3re pasuje na ka\u017cd\u0105 okazj\u0119. Szczep: Riesling.<\/p>\n<p style=\"color: #939393; font-size: 15px; font-family: &quot;;\">\u00a0<\/p>\n<div class=\"sliders-content\" style=\"font-size: medium; font-family: &quot;;\">\u00a0<\/div>\n","protected":false},"featured_media":15720,"comment_status":"open","ping_status":"closed","template":"","meta":[],"product_cat":[121,80],"product_tag":[],"class_list":{"0":"post-15721","1":"product","2":"type-product","3":"status-publish","4":"has-post-thumbnail","6":"product_cat-niemcy","7":"product_cat-wina-swiata","9":"first","10":"instock","11":"shipping-taxable","12":"purchasable","13":"product-type-simple"},"_links":{"self":[{"href":"http:\/\/delikatesy.wineport.pl\/index.php?rest_route=\/wp\/v2\/product\/15721","targetHints":{"allow":["GET"]}}],"collection":[{"href":"http:\/\/delikatesy.wineport.pl\/index.php?rest_route=\/wp\/v2\/product"}],"about":[{"href":"http:\/\/delikatesy.wineport.pl\/index.php?rest_route=\/wp\/v2\/types\/product"}],"replies":[{"embeddable":true,"href":"http:\/\/delikatesy.wineport.pl\/index.php?rest_route=%2Fwp%2Fv2%2Fcomments&post=15721"}],"wp:featuredmedia":[{"embeddable":true,"href":"http:\/\/delikatesy.wineport.pl\/index.php?rest_route=\/wp\/v2\/media\/15720"}],"wp:attachment":[{"href":"http:\/\/delikatesy.wineport.pl\/index.php?rest_route=%2Fwp%2Fv2%2Fmedia&parent=15721"}],"wp:term":[{"taxonomy":"product_cat","embeddable":true,"href":"http:\/\/delikatesy.wineport.pl\/index.php?rest_route=%2Fwp%2Fv2%2Fproduct_cat&post=15721"},{"taxonomy":"product_tag","embeddable":true,"href":"http:\/\/delikatesy.wineport.pl\/index.php?rest_route=%2Fwp%2Fv2%2Fproduct_tag&post=15721"}],"curies":[{"name":"wp","href":"https:\/\/api.w.org\/{rel}","templated":true}]}}