{"id":15723,"date":"2024-03-14T14:16:01","date_gmt":"2024-03-14T13:16:01","guid":{"rendered":"http:\/\/delikatesy.wineport.pl\/?product=villa-maria-chardonnay"},"modified":"2026-05-10T19:35:06","modified_gmt":"2026-05-10T17:35:06","slug":"villa-maria-chardonnay","status":"publish","type":"product","link":"http:\/\/delikatesy.wineport.pl\/?product=villa-maria-chardonnay","title":{"rendered":"Villa Maria Chardonnay"},"content":{"rendered":"<p class=\"p1\" style=\"color: #939393; font-size: 15px; font-family: &quot;;\"><span style=\"color: #ff0000;\">UWAGA!!! NIE WYSY\u0141AMY ALKOHOLU KURIEREM W PRZYPADKU ZAM\u00d3WIE\u0143 OD OS\u00d3B PRYWATNYCH, TYLKO ODBI\u00d3R OSOBISTY NA UL. \u015aW. STANIS\u0141AWA 12 W WARSZAWIE!!! W przypadku op\u0142acenia zam\u00f3wienia alkoholu z wysy\u0142k\u0105, przy zwrocie pieni\u0119dzy zostanie potr\u0105cona prowizja\u00a0<\/span><strong style=\"color: #ff0000;\">DOTPAY<\/strong><span style=\"color: #ff0000;\">!<\/span><\/p>\n<p class=\"p1\" style=\"color: #939393; font-size: 15px; font-family: &quot;;\">Wino z wyra\u017an\u0105 owocowo\u015bci\u0105. Nos to g\u0142\u00f3wnie nuty dojrza\u0142ej brzoskwini oraz gruszki na tle cytrus\u00f3w i figi. W smaku kremowa struktura z przyjemnym d\u0119bem. Znakomity partner do owoc\u00f3w morza, sa\u0142atek czy antipasto. Szczep : 100% Chardonnay.<\/p>\n<p style=\"color: #939393; font-size: 15px; font-family: &quot;;\">\u00a0<\/p>\n<div class=\"sliders-content\" style=\"font-size: medium; font-family: &quot;;\">\u00a0<\/div>\n","protected":false},"excerpt":{"rendered":"<p class=\"p1\" style=\"color: #939393; font-size: 15px; font-family: &quot;;\">Wino z wyra\u017an\u0105 owocowo\u015bci\u0105. Nos to g\u0142\u00f3wnie nuty dojrza\u0142ej brzoskwini oraz gruszki na tle cytrus\u00f3w i figi. W smaku kremowa struktura z przyjemnym d\u0119bem. Znakomity partner do owoc\u00f3w morza, sa\u0142atek czy antipasto. Szczep : 100% Chardonnay.<\/p>\n<p style=\"color: #939393; font-size: 15px; font-family: &quot;;\">\u00a0<\/p>\n<div class=\"sliders-content\" style=\"font-size: medium; font-family: &quot;;\">\u00a0<\/div>\n","protected":false},"featured_media":15722,"comment_status":"open","ping_status":"closed","template":"","meta":[],"product_cat":[136,80],"product_tag":[],"class_list":{"0":"post-15723","1":"product","2":"type-product","3":"status-publish","4":"has-post-thumbnail","6":"product_cat-nowa-zelandia","7":"product_cat-wina-swiata","9":"first","10":"instock","11":"shipping-taxable","12":"purchasable","13":"product-type-simple"},"_links":{"self":[{"href":"http:\/\/delikatesy.wineport.pl\/index.php?rest_route=\/wp\/v2\/product\/15723","targetHints":{"allow":["GET"]}}],"collection":[{"href":"http:\/\/delikatesy.wineport.pl\/index.php?rest_route=\/wp\/v2\/product"}],"about":[{"href":"http:\/\/delikatesy.wineport.pl\/index.php?rest_route=\/wp\/v2\/types\/product"}],"replies":[{"embeddable":true,"href":"http:\/\/delikatesy.wineport.pl\/index.php?rest_route=%2Fwp%2Fv2%2Fcomments&post=15723"}],"wp:featuredmedia":[{"embeddable":true,"href":"http:\/\/delikatesy.wineport.pl\/index.php?rest_route=\/wp\/v2\/media\/15722"}],"wp:attachment":[{"href":"http:\/\/delikatesy.wineport.pl\/index.php?rest_route=%2Fwp%2Fv2%2Fmedia&parent=15723"}],"wp:term":[{"taxonomy":"product_cat","embeddable":true,"href":"http:\/\/delikatesy.wineport.pl\/index.php?rest_route=%2Fwp%2Fv2%2Fproduct_cat&post=15723"},{"taxonomy":"product_tag","embeddable":true,"href":"http:\/\/delikatesy.wineport.pl\/index.php?rest_route=%2Fwp%2Fv2%2Fproduct_tag&post=15723"}],"curies":[{"name":"wp","href":"https:\/\/api.w.org\/{rel}","templated":true}]}}