{"id":15729,"date":"2024-03-14T14:16:02","date_gmt":"2024-03-14T13:16:02","guid":{"rendered":"http:\/\/delikatesy.wineport.pl\/?product=carmen-premier-1850-reserva-chardonnay"},"modified":"2026-05-10T19:35:07","modified_gmt":"2026-05-10T17:35:07","slug":"carmen-premier-1850-reserva-chardonnay","status":"publish","type":"product","link":"http:\/\/delikatesy.wineport.pl\/?product=carmen-premier-1850-reserva-chardonnay","title":{"rendered":"Carmen Premier 1850 Reserva Chardonnay"},"content":{"rendered":"<p style=\"color: #939393; font-size: 15px; font-family: &quot;;\"><span style=\"color: #ff0000;\">UWAGA!!! NIE WYSY\u0141AMY ALKOHOLU KURIEREM W PRZYPADKU ZAM\u00d3WIE\u0143 OD OS\u00d3B PRYWATNYCH, TYLKO ODBI\u00d3R OSOBISTY NA UL. \u015aW. STANIS\u0141AWA 12 W WARSZAWIE!!! W przypadku op\u0142acenia zam\u00f3wienia alkoholu z wysy\u0142k\u0105, przy zwrocie pieni\u0119dzy zostanie potr\u0105cona prowizja\u00a0<\/span><strong style=\"color: #ff0000;\">DOTPAY<\/strong><span style=\"color: #ff0000;\">!<\/span><\/p>\n<p style=\"color: #939393; font-size: 15px; font-family: &quot;;\">Do produkcji tego wy\u015bmienitego, eleganckiego wina u\u017cywa si\u0119 r\u0119cznie zebrane najlepsze grona Chardonnay. Charakteryzuje si\u0119 z\u0142oto-\u017c\u00f3\u0142t\u0105 barw\u0105 z intensywnymi aromatami gruszki, figi, kokosa i owoc\u00f3w tropikalnych. Cz\u0119\u015b\u0107 wina dojrzewa w d\u0119bowej barrel przez okres sze\u015bciu miesi\u0119cy, wprowadzaj\u0105c nuty wanilii. W smaku \u0142agodne z lekkimi niuansami toffi i karmelu. Znakomita struktura, pozostaj\u0105ca w r\u00f3wnowadze z kwasowo\u015bci\u0105 i d\u0142ugim zako\u0144czeniem. Polecane do delikatnych ser\u00f3w, makaron\u00f3w z warzywnymi sosami, ryb i owoc\u00f3w morza. Szczep: 100% Chardonnay.<\/p>\n<p style=\"color: #939393; font-size: 15px; font-family: &quot;;\">\u00a0<\/p>\n<div class=\"sliders-content\" style=\"font-size: medium; font-family: &quot;;\">\u00a0<\/div>\n","protected":false},"excerpt":{"rendered":"<p style=\"color: #939393; font-size: 15px; font-family: &quot;;\">Do produkcji tego wy\u015bmienitego, eleganckiego wina u\u017cywa si\u0119 r\u0119cznie zebrane najlepsze grona Chardonnay. Charakteryzuje si\u0119 z\u0142oto-\u017c\u00f3\u0142t\u0105 barw\u0105 z intensywnymi aromatami gruszki, figi, kokosa i owoc\u00f3w tropikalnych. Cz\u0119\u015b\u0107 wina dojrzewa w d\u0119bowej barrel przez okres sze\u015bciu miesi\u0119cy, wprowadzaj\u0105c nuty wanilii. W smaku \u0142agodne z lekkimi niuansami toffi i karmelu. Znakomita struktura, pozostaj\u0105ca w r\u00f3wnowadze z kwasowo\u015bci\u0105 i d\u0142ugim zako\u0144czeniem. Polecane do delikatnych ser\u00f3w, makaron\u00f3w z warzywnymi sosami, ryb i owoc\u00f3w morza. Szczep: 100% Chardonnay.<\/p>\n<p style=\"color: #939393; font-size: 15px; font-family: &quot;;\">\u00a0<\/p>\n<div class=\"sliders-content\" style=\"font-size: medium; font-family: &quot;;\">\u00a0<\/div>\n","protected":false},"featured_media":15728,"comment_status":"open","ping_status":"closed","template":"","meta":[],"product_cat":[82,80],"product_tag":[],"class_list":{"0":"post-15729","1":"product","2":"type-product","3":"status-publish","4":"has-post-thumbnail","6":"product_cat-chile","7":"product_cat-wina-swiata","9":"first","10":"instock","11":"shipping-taxable","12":"purchasable","13":"product-type-simple"},"_links":{"self":[{"href":"http:\/\/delikatesy.wineport.pl\/index.php?rest_route=\/wp\/v2\/product\/15729","targetHints":{"allow":["GET"]}}],"collection":[{"href":"http:\/\/delikatesy.wineport.pl\/index.php?rest_route=\/wp\/v2\/product"}],"about":[{"href":"http:\/\/delikatesy.wineport.pl\/index.php?rest_route=\/wp\/v2\/types\/product"}],"replies":[{"embeddable":true,"href":"http:\/\/delikatesy.wineport.pl\/index.php?rest_route=%2Fwp%2Fv2%2Fcomments&post=15729"}],"wp:featuredmedia":[{"embeddable":true,"href":"http:\/\/delikatesy.wineport.pl\/index.php?rest_route=\/wp\/v2\/media\/15728"}],"wp:attachment":[{"href":"http:\/\/delikatesy.wineport.pl\/index.php?rest_route=%2Fwp%2Fv2%2Fmedia&parent=15729"}],"wp:term":[{"taxonomy":"product_cat","embeddable":true,"href":"http:\/\/delikatesy.wineport.pl\/index.php?rest_route=%2Fwp%2Fv2%2Fproduct_cat&post=15729"},{"taxonomy":"product_tag","embeddable":true,"href":"http:\/\/delikatesy.wineport.pl\/index.php?rest_route=%2Fwp%2Fv2%2Fproduct_tag&post=15729"}],"curies":[{"name":"wp","href":"https:\/\/api.w.org\/{rel}","templated":true}]}}