{"id":15733,"date":"2024-03-14T14:16:03","date_gmt":"2024-03-14T13:16:03","guid":{"rendered":"http:\/\/delikatesy.wineport.pl\/?product=carmen-premier-1850-reserva-carmenere"},"modified":"2026-05-10T19:35:08","modified_gmt":"2026-05-10T17:35:08","slug":"carmen-premier-1850-reserva-carmenere","status":"publish","type":"product","link":"http:\/\/delikatesy.wineport.pl\/?product=carmen-premier-1850-reserva-carmenere","title":{"rendered":"Carmen Premier 1850 Reserva Carmenere"},"content":{"rendered":"<p style=\"color: #939393; font-size: 15px; font-family: &quot;;\"><span style=\"color: #ff0000;\">UWAGA!!! NIE WYSY\u0141AMY ALKOHOLU KURIEREM W PRZYPADKU ZAM\u00d3WIE\u0143 OD OS\u00d3B PRYWATNYCH, TYLKO ODBI\u00d3R OSOBISTY NA UL. \u015aW. STANIS\u0141AWA 12 W WARSZAWIE!!! W przypadku op\u0142acenia zam\u00f3wienia alkoholu z wysy\u0142k\u0105, przy zwrocie pieni\u0119dzy zostanie potr\u0105cona prowizja\u00a0<\/span><strong style=\"color: #ff0000;\">DOTPAY<\/strong><span style=\"color: #ff0000;\">!<\/span><\/p>\n<p style=\"color: #939393; font-size: 15px; font-family: &quot;;\">Dojrzewa przez okres 10 miesi\u0119cy we francuskim d\u0119bie, a nast\u0119pnie dodatkowo 2 miesi\u0105ce w butelce. Nos bogaty, dojrza\u0142y z du\u017c\u0105 ilo\u015bci\u0105 je\u017cyn, dojrza\u0142ych \u015bliwek, dymu tytoniowego, grillowanej czerwonej papryki. Wino ma wspania\u0142\u0105 struktur\u0119, g\u0142\u0119bi\u0119 i koncentracj\u0119. Prawie s\u0142odkie, aksamitne taniny spokojnie uwodz\u0105 podniebienie, nadaj\u0105c Carmenere przyjemnej osobowo\u015bci. Najlepiej podawa\u0107 do n\u00f3\u017cek lub combru jagni\u0119cego, pieczonego lub grillowanego czerwonego mi\u0119sa oraz gulaszu. Kompozycja: 90% Carmenere, 10% Carignan.<\/p>\n<p style=\"color: #939393; font-size: 15px; font-family: &quot;;\">\u00a0<\/p>\n<div class=\"sliders-content\" style=\"font-size: medium; font-family: &quot;;\">\u00a0<\/div>\n","protected":false},"excerpt":{"rendered":"<p style=\"color: #939393; font-size: 15px; font-family: &quot;;\">Dojrzewa przez okres 10 miesi\u0119cy we francuskim d\u0119bie, a nast\u0119pnie dodatkowo 2 miesi\u0105ce w butelce. Nos bogaty, dojrza\u0142y z du\u017c\u0105 ilo\u015bci\u0105 je\u017cyn, dojrza\u0142ych \u015bliwek, dymu tytoniowego, grillowanej czerwonej papryki. Wino ma wspania\u0142\u0105 struktur\u0119, g\u0142\u0119bi\u0119 i koncentracj\u0119. Prawie s\u0142odkie, aksamitne taniny spokojnie uwodz\u0105 podniebienie, nadaj\u0105c Carmenere przyjemnej osobowo\u015bci. Najlepiej podawa\u0107 do n\u00f3\u017cek lub combru jagni\u0119cego, pieczonego lub grillowanego czerwonego mi\u0119sa oraz gulaszu. Kompozycja: 90% Carmenere, 10% Carignan.<\/p>\n<p style=\"color: #939393; font-size: 15px; font-family: &quot;;\">\u00a0<\/p>\n<div class=\"sliders-content\" style=\"font-size: medium; font-family: &quot;;\">\u00a0<\/div>\n","protected":false},"featured_media":15732,"comment_status":"open","ping_status":"closed","template":"","meta":[],"product_cat":[82,80],"product_tag":[],"class_list":{"0":"post-15733","1":"product","2":"type-product","3":"status-publish","4":"has-post-thumbnail","6":"product_cat-chile","7":"product_cat-wina-swiata","9":"first","10":"instock","11":"shipping-taxable","12":"purchasable","13":"product-type-simple"},"_links":{"self":[{"href":"http:\/\/delikatesy.wineport.pl\/index.php?rest_route=\/wp\/v2\/product\/15733","targetHints":{"allow":["GET"]}}],"collection":[{"href":"http:\/\/delikatesy.wineport.pl\/index.php?rest_route=\/wp\/v2\/product"}],"about":[{"href":"http:\/\/delikatesy.wineport.pl\/index.php?rest_route=\/wp\/v2\/types\/product"}],"replies":[{"embeddable":true,"href":"http:\/\/delikatesy.wineport.pl\/index.php?rest_route=%2Fwp%2Fv2%2Fcomments&post=15733"}],"wp:featuredmedia":[{"embeddable":true,"href":"http:\/\/delikatesy.wineport.pl\/index.php?rest_route=\/wp\/v2\/media\/15732"}],"wp:attachment":[{"href":"http:\/\/delikatesy.wineport.pl\/index.php?rest_route=%2Fwp%2Fv2%2Fmedia&parent=15733"}],"wp:term":[{"taxonomy":"product_cat","embeddable":true,"href":"http:\/\/delikatesy.wineport.pl\/index.php?rest_route=%2Fwp%2Fv2%2Fproduct_cat&post=15733"},{"taxonomy":"product_tag","embeddable":true,"href":"http:\/\/delikatesy.wineport.pl\/index.php?rest_route=%2Fwp%2Fv2%2Fproduct_tag&post=15733"}],"curies":[{"name":"wp","href":"https:\/\/api.w.org\/{rel}","templated":true}]}}