{"id":15737,"date":"2024-03-14T14:16:04","date_gmt":"2024-03-14T13:16:04","guid":{"rendered":"http:\/\/delikatesy.wineport.pl\/?product=chateau-bonnet-blanc"},"modified":"2026-05-10T19:35:08","modified_gmt":"2026-05-10T17:35:08","slug":"chateau-bonnet-blanc","status":"publish","type":"product","link":"http:\/\/delikatesy.wineport.pl\/?product=chateau-bonnet-blanc","title":{"rendered":"Chateau Bonnet Blanc"},"content":{"rendered":"<p style=\"color: #939393; font-size: 15px; font-family: &quot;;\"><span style=\"color: #ff0000;\">UWAGA!!! NIE WYSY\u0141AMY ALKOHOLU KURIEREM W PRZYPADKU ZAM\u00d3WIE\u0143 OD OS\u00d3B PRYWATNYCH, TYLKO ODBI\u00d3R OSOBISTY NA UL. \u015aW. STANIS\u0141AWA 12 W WA<\/span><span style=\"color: #ff0000;\">RSZAWIE!!! W przypadku op\u0142acenia zam\u00f3wienia alkoholu z wysy\u0142k\u0105, przy zwrocie pieni\u0119dzy zostanie potr\u0105cona prowizja\u00a0<\/span><strong style=\"color: #ff0000;\">DOTPAY<\/strong><span style=\"color: #ff0000;\">!<\/span><\/p>\n<p style=\"color: #939393; font-size: 15px; font-family: &quot;;\">Wino dojrzewa 4 miesi\u0105ce w kadziach na osadzie. Oddaje swoj\u0105 osobowo\u015b\u0107 poprzez intensywne aromaty grejpfruta, bukszpanu i kwiatu akacji. Pozostawia d\u0142ugie zako\u0144czenie z owocami cytrusowymi oraz \u017c\u00f3\u0142t\u0105 brzoskwini\u0105. Wino ju\u017c do picia, \u015bwietne do ryb, skorupiak\u00f3w i letnich sa\u0142atek. Kompozycja: 50% Sauvignon Blanc, 35% Semillon, 15% Muscadelle.<\/p>\n<p>\u00a0<\/p>\n","protected":false},"excerpt":{"rendered":"<p style=\"color: #939393; font-size: 15px; font-family: &quot;;\">Wino dojrzewa 4 miesi\u0105ce w kadziach na osadzie. Oddaje swoj\u0105 osobowo\u015b\u0107 poprzez intensywne aromaty grejpfruta, bukszpanu i kwiatu akacji. Pozostawia d\u0142ugie zako\u0144czenie z owocami cytrusowymi oraz \u017c\u00f3\u0142t\u0105 brzoskwini\u0105. Wino ju\u017c do picia, \u015bwietne do ryb, skorupiak\u00f3w i letnich sa\u0142atek. Kompozycja: 50% Sauvignon Blanc, 35% Semillon, 15% Muscadelle.<\/p>\n<p>\u00a0<\/p>\n","protected":false},"featured_media":15736,"comment_status":"open","ping_status":"closed","template":"","meta":[],"product_cat":[83,80],"product_tag":[],"class_list":{"0":"post-15737","1":"product","2":"type-product","3":"status-publish","4":"has-post-thumbnail","6":"product_cat-francja","7":"product_cat-wina-swiata","9":"first","10":"instock","11":"shipping-taxable","12":"purchasable","13":"product-type-simple"},"_links":{"self":[{"href":"http:\/\/delikatesy.wineport.pl\/index.php?rest_route=\/wp\/v2\/product\/15737","targetHints":{"allow":["GET"]}}],"collection":[{"href":"http:\/\/delikatesy.wineport.pl\/index.php?rest_route=\/wp\/v2\/product"}],"about":[{"href":"http:\/\/delikatesy.wineport.pl\/index.php?rest_route=\/wp\/v2\/types\/product"}],"replies":[{"embeddable":true,"href":"http:\/\/delikatesy.wineport.pl\/index.php?rest_route=%2Fwp%2Fv2%2Fcomments&post=15737"}],"wp:featuredmedia":[{"embeddable":true,"href":"http:\/\/delikatesy.wineport.pl\/index.php?rest_route=\/wp\/v2\/media\/15736"}],"wp:attachment":[{"href":"http:\/\/delikatesy.wineport.pl\/index.php?rest_route=%2Fwp%2Fv2%2Fmedia&parent=15737"}],"wp:term":[{"taxonomy":"product_cat","embeddable":true,"href":"http:\/\/delikatesy.wineport.pl\/index.php?rest_route=%2Fwp%2Fv2%2Fproduct_cat&post=15737"},{"taxonomy":"product_tag","embeddable":true,"href":"http:\/\/delikatesy.wineport.pl\/index.php?rest_route=%2Fwp%2Fv2%2Fproduct_tag&post=15737"}],"curies":[{"name":"wp","href":"https:\/\/api.w.org\/{rel}","templated":true}]}}