{"id":15763,"date":"2024-03-14T14:16:09","date_gmt":"2024-03-14T13:16:09","guid":{"rendered":"http:\/\/delikatesy.wineport.pl\/?product=mazovia-arte-couvee-biale-polwytrawne"},"modified":"2026-05-10T19:35:11","modified_gmt":"2026-05-10T17:35:11","slug":"mazovia-arte-couvee-biale-polwytrawne","status":"publish","type":"product","link":"http:\/\/delikatesy.wineport.pl\/?product=mazovia-arte-couvee-biale-polwytrawne","title":{"rendered":"Mazovia Arte Couv\u00e8e bia\u0142e p\u00f3\u0142wytrawne"},"content":{"rendered":"<p class=\"OPIS\" style=\"color: #939393; font-size: 15px; font-family: &quot;;\"><span lang=\"EN-US\" style=\"font-size: inherit; font-family: inherit;\"><span style=\"color: #ff0000; font-size: 16px; font-family: arial, helvetica, sans-serif;\">UWAGA!!! NIE WYSY\u0141AMY ALKOHOLU W PRZYPADKU ZAM\u00d3WIE\u0143 OD OS\u00d3B PRYWATNYCH, TYLKO ODBI\u00d3R OSOBISTY NA UL. \u015aW. STANIS\u0141AWA 12 W WARSZAWIE!!! W przypadku op\u0142acenia zam\u00f3wienia alkoholu z wysy\u0142k\u0105, przy zwrocie pieni\u0119dzy zostanie potr\u0105cona prowizja dotpay!<\/span><\/span><\/p>\n<p class=\"OPIS\" style=\"color: #939393; font-size: 15px; font-family: &quot;;\"><span lang=\"EN-US\" style=\"font-size: inherit; font-family: inherit;\">Wino couv\u00e8e bia\u0142e p\u00f3\u0142wytrawne. Wytworzone z w\u0142asnych winogron zebranych w winnicy Dw\u00f3rzno, po\u0142o\u017conej na Wysoczy\u017anie Mazowieckiej, sk\u0105d bierze pocz\u0105tek 7 rzek. Doskona\u0142e do ryb i ser\u00f3w. Produkt w pe\u0142ni naturalny. Aromaty \u015bwie\u017cych jab\u0142ek w po\u0142\u0105czeniu z nutami bia\u0142ych kwiat\u00f3w jab\u0142oni i orzecha w\u0142oskiego to znakomita propozycja na aperitif. Blend 5 szczep\u00f3w: Aurora, Seyval Blanc, Johanitter, Hibernal, Solaris. Edycja limitowana.<\/span><\/p>\n<p><span lang=\"EN-US\" style=\"font-size: inherit; font-family: inherit;\">\u00a0<\/span><\/p>\n","protected":false},"excerpt":{"rendered":"<p class=\"OPIS\" style=\"color: #939393; font-size: 15px; font-family: &quot;;\"><span lang=\"EN-US\" style=\"font-size: inherit; font-family: inherit;\">Wino couv\u00e8e bia\u0142e p\u00f3\u0142wytrawne. Wytworzone z w\u0142asnych winogron zebranych w winnicy Dw\u00f3rzno, po\u0142o\u017conej na Wysoczy\u017anie Mazowieckiej, sk\u0105d bierze pocz\u0105tek 7 rzek. Doskona\u0142e do ryb i ser\u00f3w. Produkt w pe\u0142ni naturalny. Aromaty \u015bwie\u017cych jab\u0142ek w po\u0142\u0105czeniu z nutami bia\u0142ych kwiat\u00f3w jab\u0142oni i orzecha w\u0142oskiego to znakomita propozycja na aperitif. Blend 5 szczep\u00f3w: Aurora, Seyval Blanc, Johanitter, Hibernal, Solaris. Edycja limitowana.<\/span><\/p>\n<p><span lang=\"EN-US\" style=\"font-size: inherit; font-family: inherit;\">\u00a0<\/span><\/p>\n","protected":false},"featured_media":15762,"comment_status":"open","ping_status":"closed","template":"","meta":[],"product_cat":[242,80],"product_tag":[],"class_list":{"0":"post-15763","1":"product","2":"type-product","3":"status-publish","4":"has-post-thumbnail","6":"product_cat-polska","7":"product_cat-wina-swiata","9":"first","10":"instock","11":"shipping-taxable","12":"purchasable","13":"product-type-simple"},"_links":{"self":[{"href":"http:\/\/delikatesy.wineport.pl\/index.php?rest_route=\/wp\/v2\/product\/15763","targetHints":{"allow":["GET"]}}],"collection":[{"href":"http:\/\/delikatesy.wineport.pl\/index.php?rest_route=\/wp\/v2\/product"}],"about":[{"href":"http:\/\/delikatesy.wineport.pl\/index.php?rest_route=\/wp\/v2\/types\/product"}],"replies":[{"embeddable":true,"href":"http:\/\/delikatesy.wineport.pl\/index.php?rest_route=%2Fwp%2Fv2%2Fcomments&post=15763"}],"wp:featuredmedia":[{"embeddable":true,"href":"http:\/\/delikatesy.wineport.pl\/index.php?rest_route=\/wp\/v2\/media\/15762"}],"wp:attachment":[{"href":"http:\/\/delikatesy.wineport.pl\/index.php?rest_route=%2Fwp%2Fv2%2Fmedia&parent=15763"}],"wp:term":[{"taxonomy":"product_cat","embeddable":true,"href":"http:\/\/delikatesy.wineport.pl\/index.php?rest_route=%2Fwp%2Fv2%2Fproduct_cat&post=15763"},{"taxonomy":"product_tag","embeddable":true,"href":"http:\/\/delikatesy.wineport.pl\/index.php?rest_route=%2Fwp%2Fv2%2Fproduct_tag&post=15763"}],"curies":[{"name":"wp","href":"https:\/\/api.w.org\/{rel}","templated":true}]}}