{"id":15767,"date":"2024-03-14T14:16:09","date_gmt":"2024-03-14T13:16:09","guid":{"rendered":"http:\/\/delikatesy.wineport.pl\/?product=mazovia-arte-malinowe-polslodkie"},"modified":"2026-05-10T19:36:07","modified_gmt":"2026-05-10T17:36:07","slug":"mazovia-arte-malinowe-polslodkie","status":"publish","type":"product","link":"http:\/\/delikatesy.wineport.pl\/?product=mazovia-arte-malinowe-polslodkie","title":{"rendered":"Mazovia Arte malinowe p\u00f3\u0142s\u0142odkie"},"content":{"rendered":"<p style=\"color: #939393; font-size: 15px; font-family: &quot;;\"><span style=\"color: #ff0000; font-size: 16px; font-family: arial, helvetica, sans-serif;\">UWAGA!!! NIE WYSY\u0141AMY ALKOHOLU W PRZYPADKU ZAM\u00d3WIE\u0143 OD OS\u00d3B PRYWATNYCH, TYLKO ODBI\u00d3R OSOBISTY NA UL. \u015aW. STANIS\u0141AWA 12 W WARSZAWIE!!! W przypadku op\u0142acenia zam\u00f3wienia alkoholu z wysy\u0142k\u0105, przy zwrocie pieni\u0119dzy zostanie potr\u0105cona prowizja dotpay!<\/span><\/p>\n<p style=\"color: #939393; font-size: 15px; font-family: &quot;;\">Klasyczne polskie wino malinowe powsta\u0142o z owoc\u00f3w z naszej plantacji. Produkowane w tradycyjny spos\u00f3b jest nasz\u0105 propozycj\u0105 dla mi\u0142o\u015bnik\u00f3w owocu maliny. Zachowanie w aromacie \u015bwie\u017co\u015bci soku malinowego oraz delikatno\u015b\u0107 i aksamitno\u015b\u0107 w smaku to bardzo ciekawa pozycja w naszym winnym portfolio. Wino malinowe to zapach, smak i kolor pochodz\u0105cy z dojrza\u0142ych owoc\u00f3w malin, kt\u00f3re specjalnie dla tego wina d\u0142u\u017cej przetrzymali\u015bmy na krzewach, aby by\u0142o w pe\u0142ni dojrza\u0142e. Wino malinowe w zimie rozgrzewa, za\u015b w lato, podawane sch\u0142odzone doskonale orze\u017awia. Zrobione w 100% ze \u015bwie\u017cych owoc\u00f3w.\u00a0 Alk. 16%.<\/p>\n<p>\u00a0<\/p>\n","protected":false},"excerpt":{"rendered":"<p style=\"color: #939393; font-size: 15px; font-family: &quot;;\">Klasyczne polskie wino malinowe powsta\u0142o z owoc\u00f3w z naszej plantacji. Produkowane w tradycyjny spos\u00f3b jest nasz\u0105 propozycj\u0105 dla mi\u0142o\u015bnik\u00f3w owocu maliny. Zachowanie w aromacie \u015bwie\u017co\u015bci soku malinowego oraz delikatno\u015b\u0107 i aksamitno\u015b\u0107 w smaku to bardzo ciekawa pozycja w naszym winnym portfolio. Wino malinowe to zapach, smak i kolor pochodz\u0105cy z dojrza\u0142ych owoc\u00f3w malin, kt\u00f3re specjalnie dla tego wina d\u0142u\u017cej przetrzymali\u015bmy na krzewach, aby by\u0142o w pe\u0142ni dojrza\u0142e. Wino malinowe w zimie rozgrzewa, za\u015b w lato, podawane sch\u0142odzone doskonale orze\u017awia. Zrobione w 100% ze \u015bwie\u017cych owoc\u00f3w.\u00a0 Alk. 16%.<\/p>\n<p>\u00a0<\/p>\n","protected":false},"featured_media":15766,"comment_status":"open","ping_status":"closed","template":"","meta":[],"product_cat":[242,80],"product_tag":[],"class_list":{"0":"post-15767","1":"product","2":"type-product","3":"status-publish","4":"has-post-thumbnail","6":"product_cat-polska","7":"product_cat-wina-swiata","9":"first","10":"instock","11":"shipping-taxable","12":"purchasable","13":"product-type-simple"},"_links":{"self":[{"href":"http:\/\/delikatesy.wineport.pl\/index.php?rest_route=\/wp\/v2\/product\/15767","targetHints":{"allow":["GET"]}}],"collection":[{"href":"http:\/\/delikatesy.wineport.pl\/index.php?rest_route=\/wp\/v2\/product"}],"about":[{"href":"http:\/\/delikatesy.wineport.pl\/index.php?rest_route=\/wp\/v2\/types\/product"}],"replies":[{"embeddable":true,"href":"http:\/\/delikatesy.wineport.pl\/index.php?rest_route=%2Fwp%2Fv2%2Fcomments&post=15767"}],"wp:featuredmedia":[{"embeddable":true,"href":"http:\/\/delikatesy.wineport.pl\/index.php?rest_route=\/wp\/v2\/media\/15766"}],"wp:attachment":[{"href":"http:\/\/delikatesy.wineport.pl\/index.php?rest_route=%2Fwp%2Fv2%2Fmedia&parent=15767"}],"wp:term":[{"taxonomy":"product_cat","embeddable":true,"href":"http:\/\/delikatesy.wineport.pl\/index.php?rest_route=%2Fwp%2Fv2%2Fproduct_cat&post=15767"},{"taxonomy":"product_tag","embeddable":true,"href":"http:\/\/delikatesy.wineport.pl\/index.php?rest_route=%2Fwp%2Fv2%2Fproduct_tag&post=15767"}],"curies":[{"name":"wp","href":"https:\/\/api.w.org\/{rel}","templated":true}]}}