{"id":15769,"date":"2024-03-14T14:16:09","date_gmt":"2024-03-14T13:16:09","guid":{"rendered":"http:\/\/delikatesy.wineport.pl\/?product=mazovia-arte-z-czarnej-porzeczki-polslodkie"},"modified":"2026-05-10T19:36:07","modified_gmt":"2026-05-10T17:36:07","slug":"mazovia-arte-z-czarnej-porzeczki-polslodkie","status":"publish","type":"product","link":"http:\/\/delikatesy.wineport.pl\/?product=mazovia-arte-z-czarnej-porzeczki-polslodkie","title":{"rendered":"Mazovia Arte z czarnej porzeczki p\u00f3\u0142s\u0142odkie"},"content":{"rendered":"<p style=\"color: #939393; font-size: 15px; font-family: &quot;;\"><span style=\"color: #ff0000; font-size: 16px; font-family: arial, helvetica, sans-serif;\">UWAGA!!! NIE WYSY\u0141AMY ALKOHOLU W PRZYPADKU ZAM\u00d3WIE\u0143 OD OS\u00d3B PRYWATNYCH, TYLKO ODBI\u00d3R OSOBISTY NA UL. \u015aW. STANIS\u0141AWA 12 W WARSZAWIE!!! W przypadku op\u0142acenia zam\u00f3wienia alkoholu z wysy\u0142k\u0105, przy zwrocie pieni\u0119dzy zostanie potr\u0105cona prowizja dotpay!<\/span><\/p>\n<p style=\"color: #939393; font-size: 15px; font-family: &quot;;\">Owoce czarnej porzeczki uprawiane w naszym gospodarstwie doskonale nadaj\u0105 si\u0119 do wytwarzania tego wyj\u0105tkowego trunku. Wysoka kwasowo\u015b\u0107 zr\u00f3wnowa\u017cona s\u0142odycz\u0105 i \u015bwie\u017co\u015bci\u0105 owocu daj\u0105 silne i niepowtarzalne doznania smakowe. Silny smak i aromat dojrza\u0142ej czarnej porzeczki \u015bwiadczy o staranno\u015bci wykonania wina i o tym,\u00a0 \u017ce u\u017cyte zosta\u0142y jedynie naturalne metody. Spo\u017cywa\u0107 mo\u017cna zar\u00f3wno sch\u0142odzone jak i w temperaturze pokojowej Wyprodukowane\u00a0 z czarnej porzeczki. Zrobione w 100% ze \u015bwie\u017cych owoc\u00f3w. Alk. 14%.<\/p>\n<p>\u00a0<\/p>\n","protected":false},"excerpt":{"rendered":"<p style=\"color: #939393; font-size: 15px; font-family: &quot;;\">Owoce czarnej porzeczki uprawiane w naszym gospodarstwie doskonale nadaj\u0105 si\u0119 do wytwarzania tego wyj\u0105tkowego trunku. Wysoka kwasowo\u015b\u0107 zr\u00f3wnowa\u017cona s\u0142odycz\u0105 i \u015bwie\u017co\u015bci\u0105 owocu daj\u0105 silne i niepowtarzalne doznania smakowe. Silny smak i aromat dojrza\u0142ej czarnej porzeczki \u015bwiadczy o staranno\u015bci wykonania wina i o tym,\u00a0 \u017ce u\u017cyte zosta\u0142y jedynie naturalne metody. Spo\u017cywa\u0107 mo\u017cna zar\u00f3wno sch\u0142odzone jak i w temperaturze pokojowej Wyprodukowane\u00a0 z czarnej porzeczki. Zrobione w 100% ze \u015bwie\u017cych owoc\u00f3w. Alk. 14%.<\/p>\n<p>\u00a0<\/p>\n","protected":false},"featured_media":15768,"comment_status":"open","ping_status":"closed","template":"","meta":[],"product_cat":[242,80],"product_tag":[],"class_list":{"0":"post-15769","1":"product","2":"type-product","3":"status-publish","4":"has-post-thumbnail","6":"product_cat-polska","7":"product_cat-wina-swiata","9":"first","10":"instock","11":"shipping-taxable","12":"purchasable","13":"product-type-simple"},"_links":{"self":[{"href":"http:\/\/delikatesy.wineport.pl\/index.php?rest_route=\/wp\/v2\/product\/15769","targetHints":{"allow":["GET"]}}],"collection":[{"href":"http:\/\/delikatesy.wineport.pl\/index.php?rest_route=\/wp\/v2\/product"}],"about":[{"href":"http:\/\/delikatesy.wineport.pl\/index.php?rest_route=\/wp\/v2\/types\/product"}],"replies":[{"embeddable":true,"href":"http:\/\/delikatesy.wineport.pl\/index.php?rest_route=%2Fwp%2Fv2%2Fcomments&post=15769"}],"wp:featuredmedia":[{"embeddable":true,"href":"http:\/\/delikatesy.wineport.pl\/index.php?rest_route=\/wp\/v2\/media\/15768"}],"wp:attachment":[{"href":"http:\/\/delikatesy.wineport.pl\/index.php?rest_route=%2Fwp%2Fv2%2Fmedia&parent=15769"}],"wp:term":[{"taxonomy":"product_cat","embeddable":true,"href":"http:\/\/delikatesy.wineport.pl\/index.php?rest_route=%2Fwp%2Fv2%2Fproduct_cat&post=15769"},{"taxonomy":"product_tag","embeddable":true,"href":"http:\/\/delikatesy.wineport.pl\/index.php?rest_route=%2Fwp%2Fv2%2Fproduct_tag&post=15769"}],"curies":[{"name":"wp","href":"https:\/\/api.w.org\/{rel}","templated":true}]}}