{"id":15779,"date":"2024-03-14T14:16:11","date_gmt":"2024-03-14T13:16:11","guid":{"rendered":"http:\/\/delikatesy.wineport.pl\/?product=bodega-norton-barrel-select-malbec"},"modified":"2026-05-10T19:36:09","modified_gmt":"2026-05-10T17:36:09","slug":"bodega-norton-barrel-select-malbec","status":"publish","type":"product","link":"http:\/\/delikatesy.wineport.pl\/?product=bodega-norton-barrel-select-malbec","title":{"rendered":"Bodega Norton Barrel Select Malbec"},"content":{"rendered":"<p style=\"color: #939393; font-size: 15px; font-family: &quot;;\"><span style=\"color: #ff0000; font-size: 16px; font-family: arial, helvetica, sans-serif;\">UWAGA!!! NIE WYSY\u0141AMY ALKOHOLU KURIEREM W PRZYPADKU ZAM\u00d3WIE\u0143 OD OS\u00d3B PRYWATNYCH, TYLKO ODBI\u00d3R OSOBISTY NA UL. \u015aW. STANIS\u0141AWA 12 W WARSZAWIE!!! W przypadku op\u0142acenia zam\u00f3wienia alkoholu z wysy\u0142k\u0105, przy zwrocie pieni\u0119dzy zostanie potr\u0105cona prowizja dotpay!<\/span><\/p>\n<p style=\"color: #939393; font-size: 15px; font-family: &quot;;\">Malbec o g\u0142\u0119bokoczerwonej barwie z nutami fioletu. Dojrzewa przez 12 miesi\u0119cy w d\u0119bowej francuskiej beczce, a nast\u0119pnie w butelce przed wypuszczeniem na rynek. Nos z dojrza\u0142ymi czerwonymi owocami, czerwon\u0105 porzeczk\u0105, pieprzem i wanili\u0105. W smaku s\u0142odkie, z przyjemnymi taninami i przyprawami. Wino polecane do d\u0142u\u017cszego przechowywania. Szczep: 100% Malbec z winnic starszych ni\u017c 15 lat.<\/p>\n<p>\u00a0<\/p>\n","protected":false},"excerpt":{"rendered":"<p style=\"color: #939393; font-size: 15px; font-family: &quot;;\">Malbec o g\u0142\u0119bokoczerwonej barwie z nutami fioletu. Dojrzewa przez 12 miesi\u0119cy w d\u0119bowej francuskiej beczce, a nast\u0119pnie w butelce przed wypuszczeniem na rynek. Nos z dojrza\u0142ymi czerwonymi owocami, czerwon\u0105 porzeczk\u0105, pieprzem i wanili\u0105. W smaku s\u0142odkie, z przyjemnymi taninami i przyprawami. Wino polecane do d\u0142u\u017cszego przechowywania. Szczep: 100% Malbec z winnic starszych ni\u017c 15 lat.<\/p>\n<p>\u00a0<\/p>\n","protected":false},"featured_media":15778,"comment_status":"open","ping_status":"closed","template":"","meta":[],"product_cat":[81,80],"product_tag":[],"class_list":{"0":"post-15779","1":"product","2":"type-product","3":"status-publish","4":"has-post-thumbnail","6":"product_cat-argentyna","7":"product_cat-wina-swiata","9":"first","10":"instock","11":"shipping-taxable","12":"purchasable","13":"product-type-simple"},"_links":{"self":[{"href":"http:\/\/delikatesy.wineport.pl\/index.php?rest_route=\/wp\/v2\/product\/15779","targetHints":{"allow":["GET"]}}],"collection":[{"href":"http:\/\/delikatesy.wineport.pl\/index.php?rest_route=\/wp\/v2\/product"}],"about":[{"href":"http:\/\/delikatesy.wineport.pl\/index.php?rest_route=\/wp\/v2\/types\/product"}],"replies":[{"embeddable":true,"href":"http:\/\/delikatesy.wineport.pl\/index.php?rest_route=%2Fwp%2Fv2%2Fcomments&post=15779"}],"wp:featuredmedia":[{"embeddable":true,"href":"http:\/\/delikatesy.wineport.pl\/index.php?rest_route=\/wp\/v2\/media\/15778"}],"wp:attachment":[{"href":"http:\/\/delikatesy.wineport.pl\/index.php?rest_route=%2Fwp%2Fv2%2Fmedia&parent=15779"}],"wp:term":[{"taxonomy":"product_cat","embeddable":true,"href":"http:\/\/delikatesy.wineport.pl\/index.php?rest_route=%2Fwp%2Fv2%2Fproduct_cat&post=15779"},{"taxonomy":"product_tag","embeddable":true,"href":"http:\/\/delikatesy.wineport.pl\/index.php?rest_route=%2Fwp%2Fv2%2Fproduct_tag&post=15779"}],"curies":[{"name":"wp","href":"https:\/\/api.w.org\/{rel}","templated":true}]}}