{"id":15797,"date":"2024-03-14T14:16:14","date_gmt":"2024-03-14T13:16:14","guid":{"rendered":"http:\/\/delikatesy.wineport.pl\/?product=riesling-auslese"},"modified":"2026-05-10T19:36:10","modified_gmt":"2026-05-10T17:36:10","slug":"riesling-auslese","status":"publish","type":"product","link":"http:\/\/delikatesy.wineport.pl\/?product=riesling-auslese","title":{"rendered":"Riesling Auslese"},"content":{"rendered":"<p style=\"color: #939393; font-size: 15px; font-family: &quot;;\"><span style=\"color: #ff0000;\">UWAGA!!! NIE WYSY\u0141AMY ALKOHOLU KURIEREM W PRZYPADKU ZAM\u00d3WIE\u0143 OD OS\u00d3B PRYWATNYCH, TYLKO ODBI\u00d3R OSOBISTY NA UL. \u015aW. STANIS\u0141AWA 12 W WARSZAWIE!!! W przypadku op\u0142acenia zam\u00f3wienia alkoholu z wysy\u0142k\u0105, przy zwrocie pieni\u0119dzy zostanie potr\u0105cona prowizja\u00a0<\/span><strong style=\"color: #ff0000;\">DOTPAY<\/strong><span style=\"color: #ff0000;\">!<\/span><\/p>\n<p style=\"color: #939393; font-size: 15px; font-family: &quot;;\">Auslese wyprodukowane z super dojrza\u0142ego szczepu Riesling uprawianego w Dolinie Mozeli, pochodz\u0105cego z listopadowego zbioru kiedy li\u015bcie przybieraj\u0105 g\u0142\u0119bokoczerwon\u0105 barw\u0119; co wida\u0107 na przedniej etykiecie butelki. Wino bogate w aromaty miodu, migda\u0142\u00f3w, brzoskwi\u0144, limonki oraz mango. Znakomicie pasuje do aromatycznych potraw, owoc\u00f3w, dojrzewaj\u0105cych ser\u00f3w oraz deser\u00f3w z cytrusami czy orzechami. Szczep: 100% Riesling.<\/p>\n<p style=\"color: #939393; font-size: 15px; font-family: &quot;;\">\u00a0<\/p>\n<div class=\"sliders-content\" style=\"font-size: medium; font-family: &quot;;\">\u00a0<\/div>\n","protected":false},"excerpt":{"rendered":"<p style=\"color: #939393; font-size: 15px; font-family: &quot;;\">Auslese wyprodukowane z super dojrza\u0142ego szczepu Riesling uprawianego w Dolinie Mozeli, pochodz\u0105cego z listopadowego zbioru kiedy li\u015bcie przybieraj\u0105 g\u0142\u0119bokoczerwon\u0105 barw\u0119; co wida\u0107 na przedniej etykiecie butelki. Wino bogate w aromaty miodu, migda\u0142\u00f3w, brzoskwi\u0144, limonki oraz mango. Znakomicie pasuje do aromatycznych potraw, owoc\u00f3w, dojrzewaj\u0105cych ser\u00f3w oraz deser\u00f3w z cytrusami czy orzechami. Szczep: 100% Riesling.<\/p>\n<p style=\"color: #939393; font-size: 15px; font-family: &quot;;\">\u00a0<\/p>\n<div class=\"sliders-content\" style=\"font-size: medium; font-family: &quot;;\">\u00a0<\/div>\n","protected":false},"featured_media":15796,"comment_status":"open","ping_status":"closed","template":"","meta":[],"product_cat":[121,80],"product_tag":[],"class_list":{"0":"post-15797","1":"product","2":"type-product","3":"status-publish","4":"has-post-thumbnail","6":"product_cat-niemcy","7":"product_cat-wina-swiata","9":"first","10":"instock","11":"shipping-taxable","12":"purchasable","13":"product-type-simple"},"_links":{"self":[{"href":"http:\/\/delikatesy.wineport.pl\/index.php?rest_route=\/wp\/v2\/product\/15797","targetHints":{"allow":["GET"]}}],"collection":[{"href":"http:\/\/delikatesy.wineport.pl\/index.php?rest_route=\/wp\/v2\/product"}],"about":[{"href":"http:\/\/delikatesy.wineport.pl\/index.php?rest_route=\/wp\/v2\/types\/product"}],"replies":[{"embeddable":true,"href":"http:\/\/delikatesy.wineport.pl\/index.php?rest_route=%2Fwp%2Fv2%2Fcomments&post=15797"}],"wp:featuredmedia":[{"embeddable":true,"href":"http:\/\/delikatesy.wineport.pl\/index.php?rest_route=\/wp\/v2\/media\/15796"}],"wp:attachment":[{"href":"http:\/\/delikatesy.wineport.pl\/index.php?rest_route=%2Fwp%2Fv2%2Fmedia&parent=15797"}],"wp:term":[{"taxonomy":"product_cat","embeddable":true,"href":"http:\/\/delikatesy.wineport.pl\/index.php?rest_route=%2Fwp%2Fv2%2Fproduct_cat&post=15797"},{"taxonomy":"product_tag","embeddable":true,"href":"http:\/\/delikatesy.wineport.pl\/index.php?rest_route=%2Fwp%2Fv2%2Fproduct_tag&post=15797"}],"curies":[{"name":"wp","href":"https:\/\/api.w.org\/{rel}","templated":true}]}}