{"id":15845,"date":"2024-03-14T14:16:23","date_gmt":"2024-03-14T13:16:23","guid":{"rendered":"http:\/\/delikatesy.wineport.pl\/?product=carmen-insigne-chardonnay"},"modified":"2026-05-10T19:37:03","modified_gmt":"2026-05-10T17:37:03","slug":"carmen-insigne-chardonnay","status":"publish","type":"product","link":"http:\/\/delikatesy.wineport.pl\/?product=carmen-insigne-chardonnay","title":{"rendered":"Carmen Insigne Chardonnay"},"content":{"rendered":"<p style=\"color: #939393; font-size: 15px; font-family: &quot;;\"><span style=\"color: #ff0000;\">UWAGA!!! NIE WYSY\u0141AMY ALKOHOLU KURIEREM W PRZYPADKU ZAM\u00d3WIE\u0143 OD OS\u00d3B PRYWATNYCH, TYLKO ODBI\u00d3R OSOBISTY NA UL. \u015aW. STANIS\u0141AWA 12 W WARSZAWIE!!! W przypadku op\u0142acenia zam\u00f3wienia alkoholu z wysy\u0142k\u0105, przy zwrocie pieni\u0119dzy zostanie potr\u0105cona prowizja\u00a0<\/span><strong style=\"color: #ff0000;\">DOTPAY<\/strong><span style=\"color: #ff0000;\">!<\/span><\/p>\n<p style=\"color: #939393; font-size: 15px; font-family: &quot;;\">O \u015bwicie s\u0142o\u0144ce delikatnie zast\u0119puje mg\u0142\u0119, przykrywaj\u0105c\u0105 winnice Chardonnay w Central Valley. Ch\u0142odna mg\u0142a i delikatne s\u0142o\u0144ce daj\u0105 wino o jasno zielono-\u017c\u00f3\u0142tej barwie. Pe\u0142ne \u017cycia i wyra\u017ane. Z nutami melona i minera\u0142\u00f3w. Z nosem przepe\u0142nionym owocami tropikalnymi, bia\u0142\u0105 brzoskwini\u0105 oraz gruszk\u0105 pozostaj\u0105cymi w r\u00f3wnowadze z limonk\u0105 i kremowym orzechem laskowym. Znakomite po\u0142\u0105czenie d\u0119bu z owocami i minera\u0142ami wprowadza w \u017cywy i d\u0142ugi finisz. Szczep: 100% Chardonnay.<\/p>\n<p style=\"color: #939393; font-size: 15px; font-family: &quot;;\">\u00a0<\/p>\n<div class=\"sliders-content\" style=\"font-size: medium; font-family: &quot;;\">\u00a0<\/div>\n","protected":false},"excerpt":{"rendered":"<p style=\"color: #939393; font-size: 15px; font-family: &quot;;\">O \u015bwicie s\u0142o\u0144ce delikatnie zast\u0119puje mg\u0142\u0119, przykrywaj\u0105c\u0105 winnice Chardonnay w Central Valley. Ch\u0142odna mg\u0142a i delikatne s\u0142o\u0144ce daj\u0105 wino o jasno zielono-\u017c\u00f3\u0142tej barwie. Pe\u0142ne \u017cycia i wyra\u017ane. Z nutami melona i minera\u0142\u00f3w. Z nosem przepe\u0142nionym owocami tropikalnymi, bia\u0142\u0105 brzoskwini\u0105 oraz gruszk\u0105 pozostaj\u0105cymi w r\u00f3wnowadze z limonk\u0105 i kremowym orzechem laskowym. Znakomite po\u0142\u0105czenie d\u0119bu z owocami i minera\u0142ami wprowadza w \u017cywy i d\u0142ugi finisz. Szczep: 100% Chardonnay.<\/p>\n<p style=\"color: #939393; font-size: 15px; font-family: &quot;;\">\u00a0<\/p>\n<div class=\"sliders-content\" style=\"font-size: medium; font-family: &quot;;\">\u00a0<\/div>\n","protected":false},"featured_media":15844,"comment_status":"open","ping_status":"closed","template":"","meta":[],"product_cat":[82,80],"product_tag":[],"class_list":{"0":"post-15845","1":"product","2":"type-product","3":"status-publish","4":"has-post-thumbnail","6":"product_cat-chile","7":"product_cat-wina-swiata","9":"first","10":"instock","11":"shipping-taxable","12":"purchasable","13":"product-type-simple"},"_links":{"self":[{"href":"http:\/\/delikatesy.wineport.pl\/index.php?rest_route=\/wp\/v2\/product\/15845","targetHints":{"allow":["GET"]}}],"collection":[{"href":"http:\/\/delikatesy.wineport.pl\/index.php?rest_route=\/wp\/v2\/product"}],"about":[{"href":"http:\/\/delikatesy.wineport.pl\/index.php?rest_route=\/wp\/v2\/types\/product"}],"replies":[{"embeddable":true,"href":"http:\/\/delikatesy.wineport.pl\/index.php?rest_route=%2Fwp%2Fv2%2Fcomments&post=15845"}],"wp:featuredmedia":[{"embeddable":true,"href":"http:\/\/delikatesy.wineport.pl\/index.php?rest_route=\/wp\/v2\/media\/15844"}],"wp:attachment":[{"href":"http:\/\/delikatesy.wineport.pl\/index.php?rest_route=%2Fwp%2Fv2%2Fmedia&parent=15845"}],"wp:term":[{"taxonomy":"product_cat","embeddable":true,"href":"http:\/\/delikatesy.wineport.pl\/index.php?rest_route=%2Fwp%2Fv2%2Fproduct_cat&post=15845"},{"taxonomy":"product_tag","embeddable":true,"href":"http:\/\/delikatesy.wineport.pl\/index.php?rest_route=%2Fwp%2Fv2%2Fproduct_tag&post=15845"}],"curies":[{"name":"wp","href":"https:\/\/api.w.org\/{rel}","templated":true}]}}