{"id":15857,"date":"2024-03-14T14:16:25","date_gmt":"2024-03-14T13:16:25","guid":{"rendered":"http:\/\/delikatesy.wineport.pl\/?product=bodega-norton-cosecha-tardia-dulce-natural-naturalnie-slodkie"},"modified":"2026-05-10T19:37:04","modified_gmt":"2026-05-10T17:37:04","slug":"bodega-norton-cosecha-tardia-dulce-natural-naturalnie-slodkie","status":"publish","type":"product","link":"http:\/\/delikatesy.wineport.pl\/?product=bodega-norton-cosecha-tardia-dulce-natural-naturalnie-slodkie","title":{"rendered":"Bodega Norton Cosecha Tardia Dulce Natural (naturalnie s\u0142odkie)"},"content":{"rendered":"<p style=\"color: #939393; font-size: 15px; font-family: &quot;;\"><span style=\"color: #ff0000; font-size: 16px; font-family: arial, helvetica, sans-serif;\">UWAGA!!! NIE WYSY\u0141AMY ALKOHOLU KURIEREM W PRZYPADKU ZAM\u00d3WIE\u0143 OD OS\u00d3B PRYWATNYCH, TYLKO ODBI\u00d3R OSOBISTY NA UL. \u015aW. STANIS\u0141AWA 12 W WARSZAWIE!!! W przypadku op\u0142acenia zam\u00f3wienia alkoholu z wysy\u0142k\u0105, przy zwrocie pieni\u0119dzy zostanie potr\u0105cona prowizja dotpay!<\/span><\/p>\n<p style=\"color: #939393; font-size: 15px; font-family: &quot;;\">Delikatnie s\u0142odkie argenty\u0144skie wino z regionu Luy\u00e1n de Cuyo. Jasnoz\u0142ota barwa. Przyjemne i \u015bwie\u017ce aromaty kwiat\u00f3w oraz brzoskwini. Dobra kwasowo\u015b\u0107 oraz zako\u0144czenie. \u015awietne jako aperitif, do deser\u00f3w, niebieskich ser\u00f3w oraz suszonych owoc\u00f3w. Szczep: 100% Chardonnay.<\/p>\n<p style=\"color: #939393; font-size: 15px; font-family: &quot;;\">\u00a0<\/p>\n<div class=\"sliders-content\" style=\"font-size: medium; font-family: &quot;;\">\u00a0<\/div>\n","protected":false},"excerpt":{"rendered":"<p style=\"color: #939393; font-size: 15px; font-family: &quot;;\">Delikatnie s\u0142odkie argenty\u0144skie wino z regionu Luy\u00e1n de Cuyo. Jasnoz\u0142ota barwa. Przyjemne i \u015bwie\u017ce aromaty kwiat\u00f3w oraz brzoskwini. Dobra kwasowo\u015b\u0107 oraz zako\u0144czenie. \u015awietne jako aperitif, do deser\u00f3w, niebieskich ser\u00f3w oraz suszonych owoc\u00f3w. Szczep: 100% Chardonnay.<\/p>\n<p style=\"color: #939393; font-size: 15px; font-family: &quot;;\">\u00a0<\/p>\n<div class=\"sliders-content\" style=\"font-size: medium; font-family: &quot;;\">\u00a0<\/div>\n","protected":false},"featured_media":15856,"comment_status":"open","ping_status":"closed","template":"","meta":[],"product_cat":[81,80],"product_tag":[],"class_list":{"0":"post-15857","1":"product","2":"type-product","3":"status-publish","4":"has-post-thumbnail","6":"product_cat-argentyna","7":"product_cat-wina-swiata","9":"first","10":"instock","11":"shipping-taxable","12":"purchasable","13":"product-type-simple"},"_links":{"self":[{"href":"http:\/\/delikatesy.wineport.pl\/index.php?rest_route=\/wp\/v2\/product\/15857","targetHints":{"allow":["GET"]}}],"collection":[{"href":"http:\/\/delikatesy.wineport.pl\/index.php?rest_route=\/wp\/v2\/product"}],"about":[{"href":"http:\/\/delikatesy.wineport.pl\/index.php?rest_route=\/wp\/v2\/types\/product"}],"replies":[{"embeddable":true,"href":"http:\/\/delikatesy.wineport.pl\/index.php?rest_route=%2Fwp%2Fv2%2Fcomments&post=15857"}],"wp:featuredmedia":[{"embeddable":true,"href":"http:\/\/delikatesy.wineport.pl\/index.php?rest_route=\/wp\/v2\/media\/15856"}],"wp:attachment":[{"href":"http:\/\/delikatesy.wineport.pl\/index.php?rest_route=%2Fwp%2Fv2%2Fmedia&parent=15857"}],"wp:term":[{"taxonomy":"product_cat","embeddable":true,"href":"http:\/\/delikatesy.wineport.pl\/index.php?rest_route=%2Fwp%2Fv2%2Fproduct_cat&post=15857"},{"taxonomy":"product_tag","embeddable":true,"href":"http:\/\/delikatesy.wineport.pl\/index.php?rest_route=%2Fwp%2Fv2%2Fproduct_tag&post=15857"}],"curies":[{"name":"wp","href":"https:\/\/api.w.org\/{rel}","templated":true}]}}