{"id":15859,"date":"2024-03-14T14:16:26","date_gmt":"2024-03-14T13:16:26","guid":{"rendered":"http:\/\/delikatesy.wineport.pl\/?product=bodega-norton-coleccion-malbec"},"modified":"2026-05-10T19:37:04","modified_gmt":"2026-05-10T17:37:04","slug":"bodega-norton-coleccion-malbec","status":"publish","type":"product","link":"http:\/\/delikatesy.wineport.pl\/?product=bodega-norton-coleccion-malbec","title":{"rendered":"Bodega Norton Coleccion Malbec"},"content":{"rendered":"<p style=\"color: #939393; font-size: 15px; font-family: &quot;;\"><span style=\"color: #ff0000; font-size: 16px; font-family: arial, helvetica, sans-serif;\">UWAGA!!! NIE WYSY\u0141AMY ALKOHOLU KURIEREM W PRZYPADKU ZAM\u00d3WIE\u0143 OD OS\u00d3B PRYWATNYCH, TYLKO ODBI\u00d3R OSOBISTY NA UL. \u015aW. STANIS\u0141AWA 12 W WARSZAWIE!!! W przypadku op\u0142acenia zam\u00f3wienia alkoholu z wysy\u0142k\u0105, przy zwrocie pieni\u0119dzy zostanie potr\u0105cona prowizja dotpay!<\/span><\/p>\n<p style=\"color: #939393; font-size: 15px; font-family: &quot;;\">Kwiatowe i owocowe aromaty \u017curawiny, dojrza\u0142ych wi\u015bni z nutami lukrecji i gruszki. Wino kr\u0105g\u0142e o delikatnych taninach. D\u0142ugie zako\u0144czenie pozostawiaj\u0105ce posmak dojrza\u0142ych owoc\u00f3w oraz przypraw. Szczep: 100% Malbec.<\/p>\n<p>\u00a0<\/p>\n","protected":false},"excerpt":{"rendered":"<p style=\"color: #939393; font-size: 15px; font-family: &quot;;\">Kwiatowe i owocowe aromaty \u017curawiny, dojrza\u0142ych wi\u015bni z nutami lukrecji i gruszki. Wino kr\u0105g\u0142e o delikatnych taninach. D\u0142ugie zako\u0144czenie pozostawiaj\u0105ce posmak dojrza\u0142ych owoc\u00f3w oraz przypraw. Szczep: 100% Malbec.<\/p>\n<p>\u00a0<\/p>\n","protected":false},"featured_media":15858,"comment_status":"open","ping_status":"closed","template":"","meta":[],"product_cat":[81,80],"product_tag":[],"class_list":{"0":"post-15859","1":"product","2":"type-product","3":"status-publish","4":"has-post-thumbnail","6":"product_cat-argentyna","7":"product_cat-wina-swiata","9":"first","10":"instock","11":"shipping-taxable","12":"purchasable","13":"product-type-simple"},"_links":{"self":[{"href":"http:\/\/delikatesy.wineport.pl\/index.php?rest_route=\/wp\/v2\/product\/15859","targetHints":{"allow":["GET"]}}],"collection":[{"href":"http:\/\/delikatesy.wineport.pl\/index.php?rest_route=\/wp\/v2\/product"}],"about":[{"href":"http:\/\/delikatesy.wineport.pl\/index.php?rest_route=\/wp\/v2\/types\/product"}],"replies":[{"embeddable":true,"href":"http:\/\/delikatesy.wineport.pl\/index.php?rest_route=%2Fwp%2Fv2%2Fcomments&post=15859"}],"wp:featuredmedia":[{"embeddable":true,"href":"http:\/\/delikatesy.wineport.pl\/index.php?rest_route=\/wp\/v2\/media\/15858"}],"wp:attachment":[{"href":"http:\/\/delikatesy.wineport.pl\/index.php?rest_route=%2Fwp%2Fv2%2Fmedia&parent=15859"}],"wp:term":[{"taxonomy":"product_cat","embeddable":true,"href":"http:\/\/delikatesy.wineport.pl\/index.php?rest_route=%2Fwp%2Fv2%2Fproduct_cat&post=15859"},{"taxonomy":"product_tag","embeddable":true,"href":"http:\/\/delikatesy.wineport.pl\/index.php?rest_route=%2Fwp%2Fv2%2Fproduct_tag&post=15859"}],"curies":[{"name":"wp","href":"https:\/\/api.w.org\/{rel}","templated":true}]}}