{"id":15861,"date":"2024-03-14T14:16:26","date_gmt":"2024-03-14T13:16:26","guid":{"rendered":"http:\/\/delikatesy.wineport.pl\/?product=riesling-kabinett"},"modified":"2026-05-10T19:37:05","modified_gmt":"2026-05-10T17:37:05","slug":"riesling-kabinett","status":"publish","type":"product","link":"http:\/\/delikatesy.wineport.pl\/?product=riesling-kabinett","title":{"rendered":"Riesling Kabinett"},"content":{"rendered":"<p style=\"color: #939393; font-size: 15px; font-family: &quot;;\"><span style=\"color: #ff0000;\">UWAGA!!! NIE WYSY\u0141AMY ALKOHOLU KURIEREM W PRZYPADKU ZAM\u00d3WIE\u0143 OD OS\u00d3B PRYWATNYCH, TYLKO ODBI\u00d3R OSOBISTY NA UL. \u015aW. STANIS\u0141AWA 12 W WARSZAWIE!!! W przypadku op\u0142acenia zam\u00f3wienia alkoholu z wysy\u0142k\u0105, przy zwrocie pieni\u0119dzy zostanie potr\u0105cona prowizja\u00a0<\/span><strong style=\"color: #ff0000;\">DOTPAY<\/strong><span style=\"color: #ff0000;\">!<\/span><\/p>\n<p style=\"color: #939393; font-size: 15px; font-family: &quot;;\">Rudolf Mu\u0308ller Kabinett wyprodukowany jest z dojrza\u0142ych gron Riesling, rosn\u0105cych w Dolinie Mozeli. Winogrona te pozostaj\u0105 d\u0142u\u017cej na krzaku w por\u00f3wnaniu z innymi odmianami, zyskuj\u0105c nazw\u0119 \u201eKabinett\u201d. Wino oddaje aromaty dojrza\u0142ych jab\u0142ek, gruszek, brzoskwini oraz owoc\u00f3w cytrusowych. Jego lekka s\u0142odycz doskonale pasuje do dojrzewaj\u0105cych ser\u00f3w, ciel\u0119ciny w kremowych sosach, owoc\u00f3w morza czy kurczaka. Szczep: 100% Riesling.<\/p>\n<p style=\"color: #939393; font-size: 15px; font-family: &quot;;\">\u00a0<\/p>\n<div class=\"sliders-content\" style=\"font-size: medium; font-family: &quot;;\">\u00a0<\/div>\n","protected":false},"excerpt":{"rendered":"<p style=\"color: #939393; font-size: 15px; font-family: &quot;;\">Rudolf Mu\u0308ller Kabinett wyprodukowany jest z dojrza\u0142ych gron Riesling, rosn\u0105cych w Dolinie Mozeli. Winogrona te pozostaj\u0105 d\u0142u\u017cej na krzaku w por\u00f3wnaniu z innymi odmianami, zyskuj\u0105c nazw\u0119 \u201eKabinett\u201d. Wino oddaje aromaty dojrza\u0142ych jab\u0142ek, gruszek, brzoskwini oraz owoc\u00f3w cytrusowych. Jego lekka s\u0142odycz doskonale pasuje do dojrzewaj\u0105cych ser\u00f3w, ciel\u0119ciny w kremowych sosach, owoc\u00f3w morza czy kurczaka. Szczep: 100% Riesling.<\/p>\n<p style=\"color: #939393; font-size: 15px; font-family: &quot;;\">\u00a0<\/p>\n<div class=\"sliders-content\" style=\"font-size: medium; font-family: &quot;;\">\u00a0<\/div>\n","protected":false},"featured_media":15860,"comment_status":"open","ping_status":"closed","template":"","meta":[],"product_cat":[121,80],"product_tag":[],"class_list":{"0":"post-15861","1":"product","2":"type-product","3":"status-publish","4":"has-post-thumbnail","6":"product_cat-niemcy","7":"product_cat-wina-swiata","9":"first","10":"instock","11":"shipping-taxable","12":"purchasable","13":"product-type-simple"},"_links":{"self":[{"href":"http:\/\/delikatesy.wineport.pl\/index.php?rest_route=\/wp\/v2\/product\/15861","targetHints":{"allow":["GET"]}}],"collection":[{"href":"http:\/\/delikatesy.wineport.pl\/index.php?rest_route=\/wp\/v2\/product"}],"about":[{"href":"http:\/\/delikatesy.wineport.pl\/index.php?rest_route=\/wp\/v2\/types\/product"}],"replies":[{"embeddable":true,"href":"http:\/\/delikatesy.wineport.pl\/index.php?rest_route=%2Fwp%2Fv2%2Fcomments&post=15861"}],"wp:featuredmedia":[{"embeddable":true,"href":"http:\/\/delikatesy.wineport.pl\/index.php?rest_route=\/wp\/v2\/media\/15860"}],"wp:attachment":[{"href":"http:\/\/delikatesy.wineport.pl\/index.php?rest_route=%2Fwp%2Fv2%2Fmedia&parent=15861"}],"wp:term":[{"taxonomy":"product_cat","embeddable":true,"href":"http:\/\/delikatesy.wineport.pl\/index.php?rest_route=%2Fwp%2Fv2%2Fproduct_cat&post=15861"},{"taxonomy":"product_tag","embeddable":true,"href":"http:\/\/delikatesy.wineport.pl\/index.php?rest_route=%2Fwp%2Fv2%2Fproduct_tag&post=15861"}],"curies":[{"name":"wp","href":"https:\/\/api.w.org\/{rel}","templated":true}]}}