{"id":15883,"date":"2024-03-14T14:16:30","date_gmt":"2024-03-14T13:16:30","guid":{"rendered":"http:\/\/delikatesy.wineport.pl\/?product=reserva-damizade"},"modified":"2026-04-01T18:48:57","modified_gmt":"2026-04-01T16:48:57","slug":"reserva-damizade","status":"publish","type":"product","link":"http:\/\/delikatesy.wineport.pl\/?product=reserva-damizade","title":{"rendered":"Reserva D\u2019Amizade"},"content":{"rendered":"<p style=\"color: #939393; font-size: 15px; font-family: &quot;;\"><span style=\"color: #ff0000;\">UWAGA!!! NIE WYSY\u0141AMY ALKOHOLU KURIEREM W PRZYPADKU ZAM\u00d3WIE\u0143 OD OS\u00d3B PRYWATNYCH, TYLKO ODBI\u00d3R OSOBISTY NA UL. \u015aW. STANIS\u0141AWA 12 W WARSZAWIE!!! W przypadku op\u0142acenia zam\u00f3wienia alkoholu z wysy\u0142k\u0105, przy zwrocie pieni\u0119dzy zostanie potr\u0105cona prowizja\u00a0<\/span><strong style=\"color: #ff0000;\">DOTPAY<\/strong><span style=\"color: #ff0000;\">!<\/span><\/p>\n<p style=\"color: #939393; font-size: 15px; font-family: &quot;;\">Winogrona u\u017cyte do produkcji tego wina pochodz\u0105 z najlepszego terroir regionu Estremadura. Po r\u0119cznym, selektywnym zbiorze w czwartym tygodniu wrze\u015bnia przechodz\u0105 proces fermentacji w kadziach ze stali nierdzewnej. Przed wej\u015bciem na rynek wino dojrzewa do 4 tygodni w beczce z francuskiego d\u0119bu. W smaku aksamitne, o znakomitej strukturze, z charakterystycznym bukietem owoc\u00f3w le\u015bnych, przypraw i czekolady. Rekomendowane do pieczonej jagni\u0119ciny, pikantnych da\u0144 mi\u0119snych oraz delikatnych ser\u00f3w. Kompozycja: 40% Castelao, 30% Tinta Roriz, 30% Alicante Bouschet.<\/p>\n<p>\u00a0<\/p>\n","protected":false},"excerpt":{"rendered":"<p style=\"color: #939393; font-size: 15px; font-family: &quot;;\">Winogrona u\u017cyte do produkcji tego wina pochodz\u0105 z najlepszego terroir regionu Estremadura. Po r\u0119cznym, selektywnym zbiorze w czwartym tygodniu wrze\u015bnia przechodz\u0105 proces fermentacji w kadziach ze stali nierdzewnej. Przed wej\u015bciem na rynek wino dojrzewa do 4 tygodni w beczce z francuskiego d\u0119bu. W smaku aksamitne, o znakomitej strukturze, z charakterystycznym bukietem owoc\u00f3w le\u015bnych, przypraw i czekolady. Rekomendowane do pieczonej jagni\u0119ciny, pikantnych da\u0144 mi\u0119snych oraz delikatnych ser\u00f3w. Kompozycja: 40% Castelao, 30% Tinta Roriz, 30% Alicante Bouschet.<\/p>\n<p>\u00a0<\/p>\n<p>\u00a0<\/p>\n","protected":false},"featured_media":15882,"comment_status":"open","ping_status":"closed","template":"","meta":[],"product_cat":[94,80],"product_tag":[],"class_list":{"0":"post-15883","1":"product","2":"type-product","3":"status-publish","4":"has-post-thumbnail","6":"product_cat-portugalia","7":"product_cat-wina-swiata","9":"first","10":"instock","11":"shipping-taxable","12":"purchasable","13":"product-type-simple"},"_links":{"self":[{"href":"http:\/\/delikatesy.wineport.pl\/index.php?rest_route=\/wp\/v2\/product\/15883","targetHints":{"allow":["GET"]}}],"collection":[{"href":"http:\/\/delikatesy.wineport.pl\/index.php?rest_route=\/wp\/v2\/product"}],"about":[{"href":"http:\/\/delikatesy.wineport.pl\/index.php?rest_route=\/wp\/v2\/types\/product"}],"replies":[{"embeddable":true,"href":"http:\/\/delikatesy.wineport.pl\/index.php?rest_route=%2Fwp%2Fv2%2Fcomments&post=15883"}],"wp:featuredmedia":[{"embeddable":true,"href":"http:\/\/delikatesy.wineport.pl\/index.php?rest_route=\/wp\/v2\/media\/15882"}],"wp:attachment":[{"href":"http:\/\/delikatesy.wineport.pl\/index.php?rest_route=%2Fwp%2Fv2%2Fmedia&parent=15883"}],"wp:term":[{"taxonomy":"product_cat","embeddable":true,"href":"http:\/\/delikatesy.wineport.pl\/index.php?rest_route=%2Fwp%2Fv2%2Fproduct_cat&post=15883"},{"taxonomy":"product_tag","embeddable":true,"href":"http:\/\/delikatesy.wineport.pl\/index.php?rest_route=%2Fwp%2Fv2%2Fproduct_tag&post=15883"}],"curies":[{"name":"wp","href":"https:\/\/api.w.org\/{rel}","templated":true}]}}