{"id":15919,"date":"2024-03-14T14:16:36","date_gmt":"2024-03-14T13:16:36","guid":{"rendered":"http:\/\/delikatesy.wineport.pl\/?product=santa-faustina-chardonnay-reserva"},"modified":"2026-04-01T18:49:01","modified_gmt":"2026-04-01T16:49:01","slug":"santa-faustina-chardonnay-reserva","status":"publish","type":"product","link":"http:\/\/delikatesy.wineport.pl\/?product=santa-faustina-chardonnay-reserva","title":{"rendered":"Santa Faustina Chardonnay Reserva"},"content":{"rendered":"<div class=\"column\" style=\"font-size: medium; font-family: &quot;;\">\n<p style=\"font-size: inherit; font-family: inherit;\"><span style=\"color: #ff0000;\">UWAGA!!! NIE WYSY\u0141AMY ALKOHOLU KURIEREM W PRZYPADKU ZAM\u00d3WIE\u0143 OD OS\u00d3B PRYWATNYCH, TYLKO ODBI\u00d3R OSOBISTY NA UL. \u015aW. STANIS\u0141AWA 12 W WARSZAWIE!!! W przypadku op\u0142acenia zam\u00f3wienia alkoholu z wysy\u0142k\u0105, przy zwrocie pieni\u0119dzy zostanie potr\u0105cona prowizja\u00a0<\/span><strong style=\"color: #ff0000;\">DOTPAY<\/strong><span style=\"color: #ff0000;\">!<\/span><\/p>\n<p style=\"font-size: inherit; font-family: inherit;\">Wino o jasnoz\u0307o\u0301\u0142tej barwie dobrze skoncentrowane z aromatem owoco\u0301w gruszk, ananasa oraz owoco\u0301w cytrusowych. Najlepsze do ryb i owoco\u0301w morza. Szczep: 100% Chardonnay.<\/p>\n<p>\u00a0<\/p>\n<\/p><\/div>\n","protected":false},"excerpt":{"rendered":"<div class=\"column\" style=\"font-size: medium; font-family: &quot;;\">\n<p style=\"font-size: inherit; font-family: inherit;\">Wino o jasnoz\u0307o\u0301\u0142tej barwie dobrze skoncentrowane z aromatem owoco\u0301w gruszk, ananasa oraz owoco\u0301w cytrusowych. Najlepsze do ryb i owoco\u0301w morza. Szczep: 100% Chardonnay.<\/p>\n<p>\u00a0<\/p>\n<\/p><\/div>\n","protected":false},"featured_media":15918,"comment_status":"open","ping_status":"closed","template":"","meta":[],"product_cat":[82,80],"product_tag":[],"class_list":{"0":"post-15919","1":"product","2":"type-product","3":"status-publish","4":"has-post-thumbnail","6":"product_cat-chile","7":"product_cat-wina-swiata","9":"first","10":"instock","11":"shipping-taxable","12":"purchasable","13":"product-type-simple"},"_links":{"self":[{"href":"http:\/\/delikatesy.wineport.pl\/index.php?rest_route=\/wp\/v2\/product\/15919","targetHints":{"allow":["GET"]}}],"collection":[{"href":"http:\/\/delikatesy.wineport.pl\/index.php?rest_route=\/wp\/v2\/product"}],"about":[{"href":"http:\/\/delikatesy.wineport.pl\/index.php?rest_route=\/wp\/v2\/types\/product"}],"replies":[{"embeddable":true,"href":"http:\/\/delikatesy.wineport.pl\/index.php?rest_route=%2Fwp%2Fv2%2Fcomments&post=15919"}],"wp:featuredmedia":[{"embeddable":true,"href":"http:\/\/delikatesy.wineport.pl\/index.php?rest_route=\/wp\/v2\/media\/15918"}],"wp:attachment":[{"href":"http:\/\/delikatesy.wineport.pl\/index.php?rest_route=%2Fwp%2Fv2%2Fmedia&parent=15919"}],"wp:term":[{"taxonomy":"product_cat","embeddable":true,"href":"http:\/\/delikatesy.wineport.pl\/index.php?rest_route=%2Fwp%2Fv2%2Fproduct_cat&post=15919"},{"taxonomy":"product_tag","embeddable":true,"href":"http:\/\/delikatesy.wineport.pl\/index.php?rest_route=%2Fwp%2Fv2%2Fproduct_tag&post=15919"}],"curies":[{"name":"wp","href":"https:\/\/api.w.org\/{rel}","templated":true}]}}